{"id":8254,"date":"2023-10-02T14:31:18","date_gmt":"2023-10-02T18:31:18","guid":{"rendered":"https:\/\/popfb.org\/altar-flowers-es\/"},"modified":"2025-02-03T13:38:48","modified_gmt":"2025-02-03T18:38:48","slug":"flowers","status":"publish","type":"page","link":"https:\/\/popfb.org\/es\/flowers\/","title":{"rendered":"Flores del Altar"},"content":{"rendered":"<p>[et_pb_section fb_built=\u00bb1&#8243; admin_label=\u00bbHeader\u00bb module_id=\u00bbtop\u00bb _builder_version=\u00bb4.23.1&#8243; _module_preset=\u00bbdefault\u00bb background_color=\u00bb#dcddde\u00bb use_background_color_gradient=\u00bbon\u00bb background_color_gradient_stops=\u00bb#217aa9 0%|rgba(33,122,169,0.51) 100%\u00bb background_color_gradient_overlays_image=\u00bbon\u00bb background_image=\u00bbhttps:\/\/popfb.org\/wp-content\/uploads\/2023\/10\/Flower-Shop-42b.jpg\u00bb background_position=\u00bbcenter_left\u00bb background_repeat=\u00bbrepeat\u00bb custom_margin=\u00bb0px||0px||true|false\u00bb custom_padding=\u00bb0px||0px||true|false\u00bb collapsed=\u00bboff\u00bb global_colors_info=\u00bb{}\u00bb][et_pb_row _builder_version=\u00bb4.27.4&#8243; _module_preset=\u00bbdefault\u00bb custom_padding=\u00bb18px||50px||false|false\u00bb global_colors_info=\u00bb{}\u00bb custom_padding_tablet=\u00bb10px||40px||false|false\u00bb custom_padding_phone=\u00bb5px||30px||false|false\u00bb custom_padding_last_edited=\u00bbon|desktop\u00bb hover_enabled=\u00bb0&#8243; sticky_enabled=\u00bb0&#8243;][et_pb_column type=\u00bb4_4&#8243; _builder_version=\u00bb4.22.2&#8243; _module_preset=\u00bbdefault\u00bb pac_dcm_carousel_specific_module_num=\u00bb0&#8243; global_colors_info=\u00bb{}\u00bb][et_pb_text _builder_version=\u00bb4.22.2&#8243; _module_preset=\u00bbc16985e1-e0d6-4022-964d-e2bfc04fa633&#8243; header_font=\u00bbPoppins|600|||||||\u00bb header_text_color=\u00bb#FFFFFF\u00bb header_font_size=\u00bb55px\u00bb header_line_height=\u00bb1.1em\u00bb custom_padding=\u00bb80px|||||\u00bb header_font_size_tablet=\u00bb50px\u00bb header_font_size_phone=\u00bb33px\u00bb header_font_size_last_edited=\u00bbon|phone\u00bb header_text_shadow_style=\u00bbpreset1&#8243; global_colors_info=\u00bb{}\u00bb]<\/p>\n<h1>Flores Conmemorativas<br \/>para el Altar<\/h1>\n<p>[\/et_pb_text][et_pb_text _builder_version=\u00bb4.22.2&#8243; _module_preset=\u00bb518880c8-46c7-4ffa-b5a6-93ffa99dcc17&#8243; text_font=\u00bbPoppins||||||||\u00bb text_text_color=\u00bb#FFFFFF\u00bb text_font_size=\u00bb20px\u00bb text_line_height=\u00bb1.6em\u00bb header_font_size=\u00bb25px\u00bb header_2_font=\u00bbPoppins||||||||\u00bb header_2_text_color=\u00bb#FFFFFF\u00bb header_2_font_size=\u00bb22px\u00bb header_2_line_height=\u00bb1.1em\u00bb width=\u00bb100%\u00bb text_font_size_tablet=\u00bb18px\u00bb text_font_size_phone=\u00bb16px\u00bb text_font_size_last_edited=\u00bbon|phone\u00bb header_font_size_tablet=\u00bb25px\u00bb header_font_size_phone=\u00bb25px\u00bb header_font_size_last_edited=\u00bbon|desktop\u00bb header_2_font_size_tablet=\u00bb20px\u00bb header_2_font_size_phone=\u00bb16px\u00bb header_2_font_size_last_edited=\u00bbon|phone\u00bb header_2_text_shadow_style=\u00bbpreset1&#8243; locked=\u00bboff\u00bb global_colors_info=\u00bb{}\u00bb]<\/p>\n<h2>Las Flores Memoriales son una tradici\u00f3n significativa en las parroquias cat\u00f3licas, ofreciendo una manera especial para que los feligreses oren por y con los dem\u00e1s. Estas flores embellecen el Santuario, nos recuerdan la creaci\u00f3n de Dios y sirven como una oraci\u00f3n visual por un ser querido, una intenci\u00f3n especial o una ocasi\u00f3n.<\/h2>\n<p>[\/et_pb_text][\/et_pb_column][\/et_pb_row][\/et_pb_section][et_pb_section fb_built=\u00bb1&#8243; _builder_version=\u00bb4.24.0&#8243; _module_preset=\u00bbdefault\u00bb background_color=\u00bb#eaeced\u00bb background_enable_image=\u00bboff\u00bb parallax=\u00bbon\u00bb custom_padding=\u00bb||28px|||\u00bb global_colors_info=\u00bb{}\u00bb][et_pb_row column_structure=\u00bb1_2,1_2&#8243; make_equal=\u00bbon\u00bb _builder_version=\u00bb4.24.0&#8243; _module_preset=\u00bbdefault\u00bb custom_padding=\u00bb||27px|||\u00bb global_colors_info=\u00bb{}\u00bb][et_pb_column type=\u00bb1_2&#8243; _builder_version=\u00bb4.17.3&#8243; _module_preset=\u00bbdefault\u00bb pac_dcm_carousel_specific_module_num=\u00bb0&#8243; global_colors_info=\u00bb{}\u00bb][et_pb_text _builder_version=\u00bb4.22.2&#8243; _module_preset=\u00bbc16985e1-e0d6-4022-964d-e2bfc04fa633&#8243; header_font=\u00bbPoppins|600|||||||\u00bb header_text_color=\u00bbgcid-4c119920-fe37-4b7d-b1e0-a1ec608cdcd7&#8243; header_line_height=\u00bb1.1em\u00bb header_font_size_tablet=\u00bb25px\u00bb header_font_size_phone=\u00bb20px\u00bb header_font_size_last_edited=\u00bbon|phone\u00bb global_colors_info=\u00bb{%22gcid-4c119920-fe37-4b7d-b1e0-a1ec608cdcd7%22:%91%22header_text_color%22,%22header_text_color%22%93}\u00bb custom_margin=\u00bb||10px||false|false\u00bb custom_margin_tablet=\u00bb||8px||false|false\u00bb custom_margin_phone=\u00bb||5px||false|false\u00bb custom_margin_last_edited=\u00bbon|phone\u00bb custom_padding=\u00bb||0px||false|false\u00bb]<\/p>\n<h1>Ordene un Arreglo Floral<\/h1>\n<p>[\/et_pb_text][et_pb_text _builder_version=\u00bb4.27.4&#8243; _module_preset=\u00bb1f09816e-184e-4ce5-a4cf-b39c52c423ca\u00bb text_font=\u00bbPoppins||||||||\u00bb text_text_color=\u00bb#000000&#8243; text_line_height=\u00bb1.8em\u00bb header_2_font=\u00bbPoppins||||||||\u00bb header_2_text_color=\u00bbgcid-4c119920-fe37-4b7d-b1e0-a1ec608cdcd7&#8243; header_2_font_size=\u00bb20px\u00bb header_2_line_height=\u00bb1.1em\u00bb text_font_size_tablet=\u00bb18px\u00bb text_font_size_phone=\u00bb16px\u00bb text_font_size_last_edited=\u00bbon|desktop\u00bb header_2_font_size_tablet=\u00bb18px\u00bb header_2_font_size_phone=\u00bb16px\u00bb header_2_font_size_last_edited=\u00bbon|phone\u00bb global_colors_info=\u00bb{%22gcid-4c119920-fe37-4b7d-b1e0-a1ec608cdcd7%22:%91%22header_2_text_color%22,%22header_3_text_color%22%93,%22gcid-8aadf6e7-17df-4aa2-9c59-88af67cff600%22:%91%22header_2_text_color%22%93}\u00bb text_font_size=\u00bb20px\u00bb hover_enabled=\u00bb0&#8243; sticky_enabled=\u00bb0&#8243;]<\/p>\n<p><strong>C\u00f3mo Ordenar Flores Memoriales:<\/strong><\/p>\n<p>Los feligreses pueden ordenar flores en memoria o en honor de alguien. El arreglo floral se exhibir\u00e1 en el altar desde la Misa de la Vigilia del S\u00e1bado hasta la Misa de 5pm del Domingo. Si no hay otros eventos que requieran arreglos florales especiales, las flores permanecer\u00e1n durante la semana. La intenci\u00f3n por las flores ser\u00e1 mencionada en el bolet\u00edn.<\/p>\n<p><strong>Detalles del Arreglo Floral:<\/strong><\/p>\n<ul>\n<li>Flores para el Altar Principal \u2013 $125<\/li>\n<li>El pago se requiere al momento de realizar el pedido.<\/li>\n<\/ul>\n<p><strong>C\u00f3mo Realizar el Pedido:<\/strong><\/p>\n<ul>\n<li>Llame a la oficina parroquial al 678-960-0040, o<\/li>\n<li>Visite la ventanilla de Recepci\u00f3n (de lunes a viernes, de 9:30am a 4pm).<\/li>\n<\/ul>\n<p>Se recomienda hacer el pedido con al menos 2 meses de anticipaci\u00f3n debido a la alta demanda. Revise el calendario a continuaci\u00f3n para confirmar la disponibilidad de fechas. Los horarios en verde\/teal indican las Misas disponibles.<\/p>\n<p>[\/et_pb_text][\/et_pb_column][et_pb_column type=\u00bb1_2&#8243; _builder_version=\u00bb4.17.3&#8243; _module_preset=\u00bbdefault\u00bb pac_dcm_carousel_specific_module_num=\u00bb0&#8243; global_colors_info=\u00bb{}\u00bb][et_pb_image src=\u00bbhttps:\/\/popfb.org\/wp-content\/uploads\/2023\/10\/1-2.png\u00bb title_text=\u00bb1&#8243; align=\u00bbcenter\u00bb _builder_version=\u00bb4.22.2&#8243; _module_preset=\u00bbdefault\u00bb width=\u00bb60%\u00bb border_radii=\u00bboff|400px|400px||\u00bb border_width_all=\u00bb2px\u00bb border_color_all=\u00bb#FFFFFF\u00bb global_colors_info=\u00bb{}\u00bb][\/et_pb_image][\/et_pb_column][\/et_pb_row][\/et_pb_section][et_pb_section fb_built=\u00bb1&#8243; fullwidth=\u00bbon\u00bb _builder_version=\u00bb4.22.2&#8243; _module_preset=\u00bbdefault\u00bb global_colors_info=\u00bb{}\u00bb][et_pb_fullwidth_code _builder_version=\u00bb4.22.2&#8243; _module_preset=\u00bbdefault\u00bb background_color=\u00bbRGBA(255,255,255,0)\u00bb global_colors_info=\u00bb{}\u00bb]<iframe loading=\"lazy\" src=\"https:\/\/massintentions.com\/api\/calendar?type=memorial&#038;key=ba30fd97b4127db56e9f4d3d9c030d71646fd2e7\" width=\"100%\" height=\"800\" scrolling=\"no\" original=\"PC9pZnJhbWU+\"><\/iframe>[\/et_pb_fullwidth_code][\/et_pb_section][et_pb_section fb_built=\u00bb1&#8243; _builder_version=\u00bb4.22.2&#8243; _module_preset=\u00bbdefault\u00bb background_color=\u00bb#eaeced\u00bb background_enable_image=\u00bboff\u00bb parallax=\u00bbon\u00bb custom_margin=\u00bb-20px|||||\u00bb custom_padding=\u00bb0px||10px|||\u00bb global_colors_info=\u00bb{}\u00bb][et_pb_row _builder_version=\u00bb4.22.2&#8243; _module_preset=\u00bbdefault\u00bb global_colors_info=\u00bb{}\u00bb][et_pb_column type=\u00bb4_4&#8243; _builder_version=\u00bb4.22.2&#8243; _module_preset=\u00bbdefault\u00bb pac_dcm_carousel_specific_module_num=\u00bb0&#8243; global_colors_info=\u00bb{}\u00bb][et_pb_icon font_icon=\u00bb&#xf077;||fa||900&#8243; icon_color=\u00bbgcid-8aadf6e7-17df-4aa2-9c59-88af67cff600&#8243; icon_width=\u00bb80px\u00bb url=\u00bb#top\u00bb icon_width_tablet=\u00bb60px\u00bb icon_width_phone=\u00bb40px\u00bb icon_width_last_edited=\u00bbon|phone\u00bb _builder_version=\u00bb4.23.1&#8243; _module_preset=\u00bbdefault\u00bb global_colors_info=\u00bb{%22gcid-8aadf6e7-17df-4aa2-9c59-88af67cff600%22:%91%22icon_color%22%93}\u00bb][\/et_pb_icon][\/et_pb_column][\/et_pb_row][\/et_pb_section]<\/p>\n","protected":false},"excerpt":{"rendered":"<p>Flores Conmemorativaspara el AltarLas Flores Memoriales son una tradici\u00f3n significativa en las parroquias cat\u00f3licas, ofreciendo una manera especial para que los feligreses oren por y con los dem\u00e1s. Estas flores embellecen el Santuario, nos recuerdan la creaci\u00f3n de Dios y sirven como una oraci\u00f3n visual por un ser querido, una intenci\u00f3n especial o una ocasi\u00f3n.Ordene un Arreglo FloralC\u00f3mo Ordenar Flores Memoriales: Los feligreses pueden ordenar flores en memoria o en honor de alguien. El arreglo floral se exhibir\u00e1 en el altar desde la Misa de la Vigilia del S\u00e1bado hasta la Misa de 5pm del Domingo. Si no hay otros eventos que requieran arreglos florales especiales, las flores permanecer\u00e1n durante la semana. La intenci\u00f3n por las flores ser\u00e1 mencionada en el bolet\u00edn. Detalles del Arreglo Floral: Flores para el Altar Principal \u2013 $125 El pago se requiere al momento de realizar el pedido. C\u00f3mo Realizar el Pedido: Llame a la oficina parroquial al 678-960-0040, o Visite la ventanilla de Recepci\u00f3n (de lunes a viernes, de 9:30am a 4pm). Se recomienda hacer el pedido con al menos 2 meses de anticipaci\u00f3n debido a la alta demanda. Revise el calendario a continuaci\u00f3n para confirmar la disponibilidad de fechas. Los horarios en verde\/teal [&hellip;]<\/p>\n","protected":false},"author":1,"featured_media":0,"parent":0,"menu_order":0,"comment_status":"closed","ping_status":"closed","template":"","meta":{"_et_pb_use_builder":"on","_et_pb_old_content":"","_et_gb_content_width":"","footnotes":""},"class_list":["post-8254","page","type-page","status-publish","hentry"],"publishpress_future_action":{"enabled":false,"date":"2026-04-25 05:16:59","action":"change-status","newStatus":"draft","terms":[],"taxonomy":"translation_priority","extraData":[]},"publishpress_future_workflow_manual_trigger":{"enabledWorkflows":[]},"_links":{"self":[{"href":"https:\/\/popfb.org\/es\/wp-json\/wp\/v2\/pages\/8254","targetHints":{"allow":["GET"]}}],"collection":[{"href":"https:\/\/popfb.org\/es\/wp-json\/wp\/v2\/pages"}],"about":[{"href":"https:\/\/popfb.org\/es\/wp-json\/wp\/v2\/types\/page"}],"author":[{"embeddable":true,"href":"https:\/\/popfb.org\/es\/wp-json\/wp\/v2\/users\/1"}],"replies":[{"embeddable":true,"href":"https:\/\/popfb.org\/es\/wp-json\/wp\/v2\/comments?post=8254"}],"version-history":[{"count":1,"href":"https:\/\/popfb.org\/es\/wp-json\/wp\/v2\/pages\/8254\/revisions"}],"predecessor-version":[{"id":13920,"href":"https:\/\/popfb.org\/es\/wp-json\/wp\/v2\/pages\/8254\/revisions\/13920"}],"wp:attachment":[{"href":"https:\/\/popfb.org\/es\/wp-json\/wp\/v2\/media?parent=8254"}],"curies":[{"name":"wp","href":"https:\/\/api.w.org\/{rel}","templated":true}]}}