{"id":7644,"date":"2023-08-30T14:32:34","date_gmt":"2023-08-30T18:32:34","guid":{"rendered":"https:\/\/popfb.org\/?page_id=7644"},"modified":"2024-04-11T14:05:57","modified_gmt":"2024-04-11T18:05:57","slug":"smallgroups","status":"publish","type":"page","link":"https:\/\/popfb.org\/es\/smallgroups\/","title":{"rendered":"Grupos Peque\u00f1os"},"content":{"rendered":"<p>[et_pb_section fb_built=\u00bb1&#8243; custom_padding_last_edited=\u00bboff|phone\u00bb admin_label=\u00bbHeader\u00bb _builder_version=\u00bb4.21.0&#8243; _module_preset=\u00bbdefault\u00bb use_background_color_gradient=\u00bbon\u00bb background_color_gradient_direction=\u00bb214deg\u00bb background_color_gradient_stops=\u00bbrgba(17,8,7,0.24) 0%|rgba(17, 8, 7, 0.6) 0%|#110807 100%\u00bb background_color_gradient_overlays_image=\u00bbon\u00bb background_color_gradient_start=\u00bbrgba(17,8,7,0.24)\u00bb background_color_gradient_end=\u00bb#110807&#8243; background_image=\u00bbhttps:\/\/popfb.org\/wp-content\/uploads\/2023\/08\/WEBSITE-HEADER-1.png\u00bb custom_padding=\u00bb9vw||8vw||false|false\u00bb custom_padding_tablet=\u00bb||||false|false\u00bb global_colors_info=\u00bb{}\u00bb][et_pb_row _builder_version=\u00bb4.16&#8243; _module_preset=\u00bbdefault\u00bb custom_padding=\u00bb||0px||false|false\u00bb global_colors_info=\u00bb{}\u00bb][et_pb_column type=\u00bb4_4&#8243; _builder_version=\u00bb4.16&#8243; _module_preset=\u00bbdefault\u00bb pac_dcm_carousel_specific_module_num=\u00bb0&#8243; global_colors_info=\u00bb{}\u00bb][et_pb_text _builder_version=\u00bb4.22.1&#8243; _module_preset=\u00bbdefault\u00bb header_font=\u00bbLeague Spartan|700||on|||||\u00bb header_font_size=\u00bb100px\u00bb header_letter_spacing=\u00bb0em\u00bb header_line_height=\u00bb1.2em\u00bb header_2_font=\u00bb|700||on|||||\u00bb header_2_text_color=\u00bbgcid-2d85d98c-8894-4b4b-81e4-d5afeda04c08&#8243; header_2_font_size=\u00bb16px\u00bb header_2_letter_spacing=\u00bb6px\u00bb header_2_line_height=\u00bb1.2em\u00bb text_orientation=\u00bbcenter\u00bb background_layout=\u00bbdark\u00bb custom_margin=\u00bb0px||35px||false|false\u00bb custom_margin_tablet=\u00bb||40px||false|false\u00bb custom_margin_phone=\u00bb||40px||false|false\u00bb custom_margin_last_edited=\u00bbon|desktop\u00bb custom_padding=\u00bb||0px||false|false\u00bb custom_padding_tablet=\u00bb||0px||false|false\u00bb custom_padding_phone=\u00bb||0px||false|false\u00bb custom_padding_last_edited=\u00bbon|phone\u00bb header_font_size_tablet=\u00bb60px\u00bb header_font_size_phone=\u00bb37px\u00bb header_font_size_last_edited=\u00bbon|phone\u00bb header_2_font_size_tablet=\u00bb14px\u00bb header_2_font_size_phone=\u00bb12px\u00bb header_2_font_size_last_edited=\u00bbon|phone\u00bb global_colors_info=\u00bb{%22gcid-2d85d98c-8894-4b4b-81e4-d5afeda04c08%22:%91%22header_2_text_color%22%93}\u00bb]<\/p>\n<h1>Grupos Peque\u00f1os<\/h1>\n<h1><\/h1>\n<p>[\/et_pb_text][et_pb_text _builder_version=\u00bb4.22.0&#8243; _module_preset=\u00bbdefault\u00bb header_2_font=\u00bbPoppins|500|||||||\u00bb header_2_text_align=\u00bbcenter\u00bb header_2_text_color=\u00bb#FFFFFF\u00bb header_2_font_size=\u00bb25px\u00bb header_2_line_height=\u00bb1.2em\u00bb header_3_font=\u00bbPoppins|600|||||||\u00bb header_3_text_color=\u00bb#FFFFFF\u00bb width=\u00bb78%\u00bb module_alignment=\u00bbcenter\u00bb custom_margin=\u00bb-45px||32px||false|false\u00bb custom_margin_tablet=\u00bb||29px||false|false\u00bb custom_margin_phone=\u00bb||23px||false|false\u00bb custom_margin_last_edited=\u00bbon|phone\u00bb header_2_font_size_tablet=\u00bb20px\u00bb header_2_font_size_phone=\u00bb17px\u00bb header_2_font_size_last_edited=\u00bbon|desktop\u00bb global_colors_info=\u00bb{}\u00bb]<\/p>\n<h2>Los grupos peque\u00f1os est\u00e1n formados por personas que se re\u00fanen peri\u00f3dicamente para compartir sus vidas en comunidad. Estas reuniones ofrecen la oportunidad de orar juntos, profundizar sobre las Escrituras y diversos temas relacionados con la fe, y ayudan a nutrir y a fortalecer nuestras creencias espirituales.<\/h2>\n<p>&nbsp;<\/p>\n<p>[\/et_pb_text][et_pb_text _builder_version=\u00bb4.22.0&#8243; _module_preset=\u00bbdefault\u00bb header_2_font=\u00bbPoppins|500|||||||\u00bb header_2_text_align=\u00bbcenter\u00bb header_2_text_color=\u00bb#FFFFFF\u00bb header_2_font_size=\u00bb25px\u00bb header_2_line_height=\u00bb1.2em\u00bb header_3_font=\u00bbPoppins|600|||||||\u00bb header_3_text_color=\u00bb#FFFFFF\u00bb width=\u00bb78%\u00bb module_alignment=\u00bbcenter\u00bb custom_margin=\u00bb-45px||0px||false|false\u00bb custom_margin_tablet=\u00bb||25px||false|false\u00bb custom_margin_phone=\u00bb||14px||false|false\u00bb custom_margin_last_edited=\u00bbon|phone\u00bb header_2_font_size_tablet=\u00bb20px\u00bb header_2_font_size_phone=\u00bb17px\u00bb header_2_font_size_last_edited=\u00bbon|desktop\u00bb global_colors_info=\u00bb{}\u00bb]<\/p>\n<h2>Nuestra necesidad inherente de conexi\u00f3n enfatiza el valor de la comunidad. Es en este ambiente de comunidad donde verdaderamente prosperamos como una familia cristiana unida.  Si bien la experiencia compartida de la Misa nos une como una congregaci\u00f3n m\u00e1s grande, el apoyo \u00edntimo y el caminar compartido dentro de un grupo peque\u00f1o nos impulsan hacia el crecimiento colectivo en nuestra relaci\u00f3n con Dios.<\/h2>\n<p>[\/et_pb_text][\/et_pb_column][\/et_pb_row][et_pb_row column_structure=\u00bb1_3,1_3,1_3&#8243; use_custom_gutter=\u00bbon\u00bb gutter_width=\u00bb1&#8243; make_equal=\u00bbon\u00bb _builder_version=\u00bb4.22.1&#8243; _module_preset=\u00bbdefault\u00bb width=\u00bb59%\u00bb width_tablet=\u00bb63%\u00bb width_phone=\u00bb46%\u00bb width_last_edited=\u00bbon|phone\u00bb max_width=\u00bb868px\u00bb custom_margin=\u00bb35px||||false|false\u00bb custom_margin_tablet=\u00bb0px||||false|false\u00bb custom_margin_phone=\u00bb13px||||false|false\u00bb custom_margin_last_edited=\u00bbon|phone\u00bb custom_padding=\u00bb0px||18px||false|false\u00bb border_width_all=\u00bb1px\u00bb border_color_all=\u00bbgcid-2d85d98c-8894-4b4b-81e4-d5afeda04c08&#8243; border_width_top=\u00bb0px\u00bb border_width_right=\u00bb0px\u00bb border_width_bottom=\u00bb0px\u00bb border_width_left=\u00bb0px\u00bb locked=\u00bboff\u00bb global_colors_info=\u00bb{%22gcid-2d85d98c-8894-4b4b-81e4-d5afeda04c08%22:%91%22border_color_all%22%93}\u00bb][et_pb_column type=\u00bb1_3&#8243; _builder_version=\u00bb4.21.0&#8243; _module_preset=\u00bbdefault\u00bb custom_padding=\u00bb60px|20px|60px|20px|true|true\u00bb custom_padding_tablet=\u00bb40px||40px||true|true\u00bb custom_padding_phone=\u00bb30px||30px||true|true\u00bb custom_padding_last_edited=\u00bbon|desktop\u00bb pac_dcm_carousel_specific_module_num=\u00bb0&#8243; border_width_all=\u00bb1px\u00bb border_color_top=\u00bbgcid-2d85d98c-8894-4b4b-81e4-d5afeda04c08&#8243; border_color_right=\u00bbgcid-2d85d98c-8894-4b4b-81e4-d5afeda04c08&#8243; border_color_bottom=\u00bb#ffc62a\u00bb border_color_left=\u00bbgcid-2d85d98c-8894-4b4b-81e4-d5afeda04c08&#8243; global_colors_info=\u00bb{%22gcid-2d85d98c-8894-4b4b-81e4-d5afeda04c08%22:%91%22border_color_right%22,%22border_color_top%22,%22border_color_left%22%93}\u00bb][et_pb_blurb title=\u00bbGrupos en Ingl\u00e9s\u00bb url=\u00bb@ET-DC@eyJkeW5hbWljIjp0cnVlLCJjb250ZW50IjoicG9zdF9saW5rX3VybF9wYWdlIiwic2V0dGluZ3MiOnsicG9zdF9pZCI6IjcxMjAifX0=@\u00bb image_icon_width=\u00bb30px\u00bb _builder_version=\u00bb4.22.1&#8243; _dynamic_attributes=\u00bburl\u00bb _module_preset=\u00bbdefault\u00bb header_font=\u00bbPoppins|600||on|||||\u00bb header_text_color=\u00bbgcid-2d85d98c-8894-4b4b-81e4-d5afeda04c08&#8243; header_font_size=\u00bb19px\u00bb header_letter_spacing=\u00bb4px\u00bb header_line_height=\u00bb1.2em\u00bb body_font=\u00bb|700|||||||\u00bb body_font_size=\u00bb16px\u00bb body_line_height=\u00bb1.6em\u00bb text_orientation=\u00bbcenter\u00bb background_layout=\u00bbdark\u00bb custom_padding=\u00bb0px||||false|false\u00bb header_font_size_tablet=\u00bb17px\u00bb header_font_size_phone=\u00bb15px\u00bb header_font_size_last_edited=\u00bbon|phone\u00bb body_font_size_tablet=\u00bb\u00bb body_font_size_phone=\u00bb14px\u00bb body_font_size_last_edited=\u00bbon|phone\u00bb icon_font_size=\u00bb30px\u00bb global_colors_info=\u00bb{%22gcid-2d85d98c-8894-4b4b-81e4-d5afeda04c08%22:%91%22header_text_color%22%93}\u00bb][\/et_pb_blurb][\/et_pb_column][et_pb_column type=\u00bb1_3&#8243; _builder_version=\u00bb4.21.0&#8243; _module_preset=\u00bbdefault\u00bb custom_padding=\u00bb60px|20px|60px|20px|true|true\u00bb custom_padding_tablet=\u00bb40px||40px||true|true\u00bb custom_padding_phone=\u00bb30px||30px||true|true\u00bb custom_padding_last_edited=\u00bbon|desktop\u00bb pac_dcm_carousel_specific_module_num=\u00bb0&#8243; border_width_all=\u00bb1px\u00bb border_width_top=\u00bb1px\u00bb border_color_top=\u00bbgcid-2d85d98c-8894-4b4b-81e4-d5afeda04c08&#8243; border_width_right=\u00bb1px\u00bb border_color_right=\u00bbgcid-2d85d98c-8894-4b4b-81e4-d5afeda04c08&#8243; border_width_bottom=\u00bb1px\u00bb border_color_bottom=\u00bb#ffc62a\u00bb border_width_left=\u00bb1px\u00bb border_color_left=\u00bbgcid-2d85d98c-8894-4b4b-81e4-d5afeda04c08&#8243; global_colors_info=\u00bb{%22gcid-2d85d98c-8894-4b4b-81e4-d5afeda04c08%22:%91%22border_color_right%22,%22border_color_top%22,%22border_color_left%22,%22border_color_right%22,%22border_color_top%22,%22border_color_left%22,%22border_color_right%22,%22border_color_top%22%93}\u00bb][et_pb_blurb title=\u00bbGrupos en Espa\u00f1ol\u00bb url=\u00bb@ET-DC@eyJkeW5hbWljIjp0cnVlLCJjb250ZW50IjoicG9zdF9saW5rX3VybF9wYWdlIiwic2V0dGluZ3MiOnsicG9zdF9pZCI6Ijc0NDYifX0=@\u00bb image_icon_width=\u00bb30px\u00bb _builder_version=\u00bb4.22.1&#8243; _dynamic_attributes=\u00bburl\u00bb _module_preset=\u00bbdefault\u00bb header_font=\u00bbPoppins|600||on|||||\u00bb header_text_color=\u00bbgcid-2d85d98c-8894-4b4b-81e4-d5afeda04c08&#8243; header_font_size=\u00bb19px\u00bb header_letter_spacing=\u00bb4px\u00bb header_line_height=\u00bb1.2em\u00bb body_font=\u00bb|700|||||||\u00bb body_font_size=\u00bb16px\u00bb body_line_height=\u00bb1.6em\u00bb text_orientation=\u00bbcenter\u00bb background_layout=\u00bbdark\u00bb custom_padding=\u00bb0px||||false|false\u00bb hover_enabled=\u00bb0&#8243; header_font_size_tablet=\u00bb17px\u00bb header_font_size_phone=\u00bb15px\u00bb header_font_size_last_edited=\u00bbon|phone\u00bb body_font_size_tablet=\u00bb\u00bb body_font_size_phone=\u00bb14px\u00bb body_font_size_last_edited=\u00bbon|phone\u00bb icon_font_size=\u00bb30px\u00bb global_colors_info=\u00bb{%22gcid-2d85d98c-8894-4b4b-81e4-d5afeda04c08%22:%91%22header_text_color%22,%22header_text_color%22%93}\u00bb sticky_enabled=\u00bb0&#8243;][\/et_pb_blurb][\/et_pb_column][et_pb_column type=\u00bb1_3&#8243; _builder_version=\u00bb4.21.0&#8243; _module_preset=\u00bbdefault\u00bb custom_padding=\u00bb60px|20px|60px|20px|true|true\u00bb custom_padding_tablet=\u00bb40px||40px||true|true\u00bb custom_padding_phone=\u00bb30px||30px||true|true\u00bb custom_padding_last_edited=\u00bbon|desktop\u00bb pac_dcm_carousel_specific_module_num=\u00bb0&#8243; border_width_all=\u00bb1px\u00bb border_width_top=\u00bb1px\u00bb border_color_top=\u00bbgcid-2d85d98c-8894-4b4b-81e4-d5afeda04c08&#8243; border_width_right=\u00bb1px\u00bb border_color_right=\u00bbgcid-2d85d98c-8894-4b4b-81e4-d5afeda04c08&#8243; border_width_bottom=\u00bb1px\u00bb border_color_bottom=\u00bb#ffc62a\u00bb border_width_left=\u00bb1px\u00bb border_color_left=\u00bbgcid-2d85d98c-8894-4b4b-81e4-d5afeda04c08&#8243; global_colors_info=\u00bb{%22gcid-2d85d98c-8894-4b4b-81e4-d5afeda04c08%22:%91%22border_color_right%22,%22border_color_top%22,%22border_color_left%22,%22border_color_right%22,%22border_color_top%22,%22border_color_left%22,%22border_color_right%22,%22border_color_top%22%93}\u00bb][et_pb_blurb title=\u00bbGrupos Biling\u00fces\u00bb url=\u00bb@ET-DC@eyJkeW5hbWljIjp0cnVlLCJjb250ZW50IjoicG9zdF9saW5rX3VybF9wYWdlIiwic2V0dGluZ3MiOnsicG9zdF9pZCI6Ijc0NjAifX0=@\u00bb image_icon_width=\u00bb30px\u00bb _builder_version=\u00bb4.22.1&#8243; _dynamic_attributes=\u00bburl\u00bb _module_preset=\u00bbdefault\u00bb header_font=\u00bbPoppins|600||on|||||\u00bb header_text_color=\u00bbgcid-2d85d98c-8894-4b4b-81e4-d5afeda04c08&#8243; header_font_size=\u00bb19px\u00bb header_letter_spacing=\u00bb4px\u00bb header_line_height=\u00bb1.2em\u00bb body_font=\u00bb|700|||||||\u00bb body_font_size=\u00bb16px\u00bb body_line_height=\u00bb1.6em\u00bb text_orientation=\u00bbcenter\u00bb background_layout=\u00bbdark\u00bb custom_padding=\u00bb0px||||false|false\u00bb header_font_size_tablet=\u00bb17px\u00bb header_font_size_phone=\u00bb15px\u00bb header_font_size_last_edited=\u00bbon|phone\u00bb body_font_size_tablet=\u00bb\u00bb body_font_size_phone=\u00bb14px\u00bb body_font_size_last_edited=\u00bbon|phone\u00bb icon_font_size=\u00bb30px\u00bb global_colors_info=\u00bb{%22gcid-2d85d98c-8894-4b4b-81e4-d5afeda04c08%22:%91%22header_text_color%22,%22header_text_color%22,%22header_text_color%22%93}\u00bb][\/et_pb_blurb][\/et_pb_column][\/et_pb_row][\/et_pb_section]<\/p>\n","protected":false},"excerpt":{"rendered":"<p>Grupos Peque\u00f1os Los grupos peque\u00f1os est\u00e1n formados por personas que se re\u00fanen peri\u00f3dicamente para compartir sus vidas en comunidad. Estas reuniones ofrecen la oportunidad de orar juntos, profundizar sobre las Escrituras y diversos temas relacionados con la fe, y ayudan a nutrir y a fortalecer nuestras creencias espirituales. &nbsp;Nuestra necesidad inherente de conexi\u00f3n enfatiza el valor de la comunidad. Es en este ambiente de comunidad donde verdaderamente prosperamos como una familia cristiana unida. Si bien la experiencia compartida de la Misa nos une como una congregaci\u00f3n m\u00e1s grande, el apoyo \u00edntimo y el caminar compartido dentro de un grupo peque\u00f1o nos impulsan hacia el crecimiento colectivo en nuestra relaci\u00f3n con Dios.<\/p>\n","protected":false},"author":1,"featured_media":0,"parent":0,"menu_order":0,"comment_status":"closed","ping_status":"closed","template":"","meta":{"_et_pb_use_builder":"on","_et_pb_old_content":"","_et_gb_content_width":"","footnotes":""},"class_list":["post-7644","page","type-page","status-publish","hentry"],"publishpress_future_action":{"enabled":false,"date":"2026-04-10 14:11:00","action":"change-status","newStatus":"draft","terms":[],"taxonomy":"translation_priority","extraData":[]},"publishpress_future_workflow_manual_trigger":{"enabledWorkflows":[]},"_links":{"self":[{"href":"https:\/\/popfb.org\/es\/wp-json\/wp\/v2\/pages\/7644","targetHints":{"allow":["GET"]}}],"collection":[{"href":"https:\/\/popfb.org\/es\/wp-json\/wp\/v2\/pages"}],"about":[{"href":"https:\/\/popfb.org\/es\/wp-json\/wp\/v2\/types\/page"}],"author":[{"embeddable":true,"href":"https:\/\/popfb.org\/es\/wp-json\/wp\/v2\/users\/1"}],"replies":[{"embeddable":true,"href":"https:\/\/popfb.org\/es\/wp-json\/wp\/v2\/comments?post=7644"}],"version-history":[{"count":0,"href":"https:\/\/popfb.org\/es\/wp-json\/wp\/v2\/pages\/7644\/revisions"}],"wp:attachment":[{"href":"https:\/\/popfb.org\/es\/wp-json\/wp\/v2\/media?parent=7644"}],"curies":[{"name":"wp","href":"https:\/\/api.w.org\/{rel}","templated":true}]}}