{"id":7638,"date":"2023-08-16T10:06:49","date_gmt":"2023-08-16T14:06:49","guid":{"rendered":"https:\/\/popfb.org\/small-groups-bilingue-es\/"},"modified":"2025-06-04T09:55:04","modified_gmt":"2025-06-04T13:55:04","slug":"smallgroups-bilingual","status":"publish","type":"page","link":"https:\/\/popfb.org\/es\/smallgroups-bilingual\/","title":{"rendered":"Grupos Peque\u00f1os (Bilingu\u00eb)"},"content":{"rendered":"<p>[et_pb_section fb_built=\u00bb1&#8243; custom_padding_last_edited=\u00bboff|phone\u00bb admin_label=\u00bbHeader\u00bb _builder_version=\u00bb4.24.1&#8243; _module_preset=\u00bbdefault\u00bb use_background_color_gradient=\u00bbon\u00bb background_color_gradient_direction=\u00bb214deg\u00bb background_color_gradient_stops=\u00bbrgba(17,8,7,0.24) 0%|rgba(17, 8, 7, 0.6) 0%|#110807 100%\u00bb background_color_gradient_overlays_image=\u00bbon\u00bb background_color_gradient_start=\u00bbrgba(17,8,7,0.24)\u00bb background_color_gradient_end=\u00bb#110807&#8243; background_image=\u00bbhttps:\/\/popfb.org\/wp-content\/uploads\/2024\/02\/Small-Groups-1.png\u00bb custom_padding=\u00bb9vw||8vw||false|false\u00bb custom_padding_tablet=\u00bb||||false|false\u00bb global_colors_info=\u00bb{}\u00bb][et_pb_row _builder_version=\u00bb4.16&#8243; _module_preset=\u00bbdefault\u00bb custom_padding=\u00bb||0px||false|false\u00bb global_colors_info=\u00bb{}\u00bb][et_pb_column type=\u00bb4_4&#8243; _builder_version=\u00bb4.16&#8243; _module_preset=\u00bbdefault\u00bb pac_dcm_carousel_specific_module_num=\u00bb0&#8243; global_colors_info=\u00bb{}\u00bb][et_pb_text _builder_version=\u00bb4.22.0&#8243; _module_preset=\u00bbdefault\u00bb header_font=\u00bbLeague Spartan|700||on|||||\u00bb header_font_size=\u00bb100px\u00bb header_letter_spacing=\u00bb0em\u00bb header_line_height=\u00bb1.2em\u00bb header_2_font=\u00bb|700||on|||||\u00bb header_2_text_color=\u00bbgcid-2d85d98c-8894-4b4b-81e4-d5afeda04c08&#8243; header_2_font_size=\u00bb16px\u00bb header_2_letter_spacing=\u00bb6px\u00bb header_2_line_height=\u00bb1.2em\u00bb text_orientation=\u00bbcenter\u00bb background_layout=\u00bbdark\u00bb custom_margin=\u00bb0px||35px||false|false\u00bb custom_margin_tablet=\u00bb||40px||false|false\u00bb custom_margin_phone=\u00bb||40px||false|false\u00bb custom_margin_last_edited=\u00bbon|desktop\u00bb custom_padding=\u00bb||0px||false|false\u00bb custom_padding_tablet=\u00bb||0px||false|false\u00bb custom_padding_phone=\u00bb||0px||false|false\u00bb custom_padding_last_edited=\u00bbon|phone\u00bb header_font_size_tablet=\u00bb60px\u00bb header_font_size_phone=\u00bb37px\u00bb header_font_size_last_edited=\u00bbon|phone\u00bb header_2_font_size_tablet=\u00bb14px\u00bb header_2_font_size_phone=\u00bb12px\u00bb header_2_font_size_last_edited=\u00bbon|phone\u00bb global_colors_info=\u00bb{%22gcid-2d85d98c-8894-4b4b-81e4-d5afeda04c08%22:%91%22header_2_text_color%22%93}\u00bb]<\/p>\n<h2>Grupos Peque\u00f1os<\/h2>\n<h1>Biling\u00fce<\/h1>\n<p>[\/et_pb_text][et_pb_text _builder_version=\u00bb4.22.0&#8243; _module_preset=\u00bbdefault\u00bb header_2_font=\u00bbPoppins|500|||||||\u00bb header_2_text_align=\u00bbcenter\u00bb header_2_text_color=\u00bb#FFFFFF\u00bb header_2_font_size=\u00bb25px\u00bb header_2_line_height=\u00bb1.2em\u00bb header_3_font=\u00bbPoppins|600|||||||\u00bb header_3_text_color=\u00bb#FFFFFF\u00bb width=\u00bb78%\u00bb module_alignment=\u00bbcenter\u00bb custom_margin=\u00bb-45px||32px||false|false\u00bb custom_margin_tablet=\u00bb||29px||false|false\u00bb custom_margin_phone=\u00bb||23px||false|false\u00bb custom_margin_last_edited=\u00bbon|phone\u00bb header_2_font_size_tablet=\u00bb20px\u00bb header_2_font_size_phone=\u00bb17px\u00bb header_2_font_size_last_edited=\u00bbon|desktop\u00bb global_colors_info=\u00bb{}\u00bb]<\/p>\n<h2>Los grupos peque\u00f1os est\u00e1n formados por personas que se re\u00fanen peri\u00f3dicamente para compartir sus vidas en comunidad. Estas reuniones ofrecen la oportunidad de orar juntos, profundizar sobre las Escrituras y diversos temas relacionados con la fe, y ayudan a nutrir y a fortalecer nuestras creencias espirituales.<\/h2>\n<p>&nbsp;<\/p>\n<p>[\/et_pb_text][et_pb_text _builder_version=\u00bb4.22.0&#8243; _module_preset=\u00bbdefault\u00bb header_2_font=\u00bbPoppins|500|||||||\u00bb header_2_text_align=\u00bbcenter\u00bb header_2_text_color=\u00bb#FFFFFF\u00bb header_2_font_size=\u00bb25px\u00bb header_2_line_height=\u00bb1.2em\u00bb header_3_font=\u00bbPoppins|600|||||||\u00bb header_3_text_color=\u00bb#FFFFFF\u00bb width=\u00bb78%\u00bb module_alignment=\u00bbcenter\u00bb custom_margin=\u00bb-45px||0px||false|false\u00bb custom_margin_tablet=\u00bb||25px||false|false\u00bb custom_margin_phone=\u00bb||14px||false|false\u00bb custom_margin_last_edited=\u00bbon|phone\u00bb header_2_font_size_tablet=\u00bb20px\u00bb header_2_font_size_phone=\u00bb17px\u00bb header_2_font_size_last_edited=\u00bbon|desktop\u00bb global_colors_info=\u00bb{}\u00bb]<\/p>\n<h2>Nuestra necesidad inherente de conexi\u00f3n subraya el valor de la comunidad. Es en este ambiente de comunidad donde verdaderamente prosperamos como familia cristiana unida. Si bien la experiencia compartida de la Misa nos une como una congregaci\u00f3n m\u00e1s grande, el apoyo \u00edntimo y el caminar compartido dentro de un grupo peque\u00f1o nos impulsan hacia el crecimiento colectivo en nuestra relaci\u00f3n con Dios.<\/h2>\n<p>[\/et_pb_text][\/et_pb_column][\/et_pb_row][et_pb_row column_structure=\u00bb1_2,1_2&#8243; use_custom_gutter=\u00bbon\u00bb gutter_width=\u00bb1&#8243; make_equal=\u00bbon\u00bb _builder_version=\u00bb4.24.1&#8243; _module_preset=\u00bbdefault\u00bb width=\u00bb19%\u00bb width_tablet=\u00bb24%\u00bb width_phone=\u00bb40%\u00bb width_last_edited=\u00bbon|phone\u00bb max_width=\u00bb868px\u00bb custom_margin=\u00bb35px||||false|false\u00bb custom_margin_tablet=\u00bb0px||||false|false\u00bb custom_margin_phone=\u00bb13px||||false|false\u00bb custom_margin_last_edited=\u00bbon|phone\u00bb custom_padding=\u00bb0px||18px||false|false\u00bb border_width_all=\u00bb1px\u00bb border_color_all=\u00bbgcid-2d85d98c-8894-4b4b-81e4-d5afeda04c08&#8243; border_width_top=\u00bb0px\u00bb border_width_right=\u00bb0px\u00bb border_width_bottom=\u00bb0px\u00bb border_width_left=\u00bb0px\u00bb locked=\u00bboff\u00bb global_colors_info=\u00bb{%22gcid-2d85d98c-8894-4b4b-81e4-d5afeda04c08%22:%91%22border_color_all%22%93}\u00bb][et_pb_column type=\u00bb1_2&#8243; _builder_version=\u00bb4.24.1&#8243; _module_preset=\u00bbdefault\u00bb custom_padding=\u00bb60px|20px|60px|20px|true|true\u00bb custom_padding_tablet=\u00bb40px||40px||true|true\u00bb custom_padding_phone=\u00bb30px||30px||true|true\u00bb custom_padding_last_edited=\u00bbon|desktop\u00bb pac_dcm_carousel_specific_module_num=\u00bb0&#8243; border_width_all=\u00bb1px\u00bb border_width_top=\u00bb1px\u00bb border_color_top=\u00bbgcid-2d85d98c-8894-4b4b-81e4-d5afeda04c08&#8243; border_width_right=\u00bb1px\u00bb border_color_right=\u00bbgcid-2d85d98c-8894-4b4b-81e4-d5afeda04c08&#8243; border_width_bottom=\u00bb1px\u00bb border_color_bottom=\u00bb#ffc62a\u00bb border_width_left=\u00bb1px\u00bb border_color_left=\u00bbgcid-2d85d98c-8894-4b4b-81e4-d5afeda04c08&#8243; global_colors_info=\u00bb{%22gcid-2d85d98c-8894-4b4b-81e4-d5afeda04c08%22:%91%22border_color_right%22,%22border_color_top%22,%22border_color_left%22,%22border_color_right%22,%22border_color_top%22,%22border_color_left%22,%22border_color_right%22,%22border_color_top%22,%22border_color_bottom%22%93}\u00bb][et_pb_blurb title=\u00bbS\u00f3lo Mujeres\u00bb url=\u00bb#mujeres\u00bb image_icon_width=\u00bb30px\u00bb _builder_version=\u00bb4.24.1&#8243; _module_preset=\u00bbdefault\u00bb header_font=\u00bbPoppins|600||on|||||\u00bb header_text_color=\u00bbgcid-2d85d98c-8894-4b4b-81e4-d5afeda04c08&#8243; header_font_size=\u00bb19px\u00bb header_letter_spacing=\u00bb4px\u00bb header_line_height=\u00bb1.2em\u00bb body_font=\u00bb|700|||||||\u00bb body_font_size=\u00bb16px\u00bb body_line_height=\u00bb1.6em\u00bb text_orientation=\u00bbcenter\u00bb background_layout=\u00bbdark\u00bb custom_padding=\u00bb0px||||false|false\u00bb header_font_size_tablet=\u00bb17px\u00bb header_font_size_phone=\u00bb15px\u00bb header_font_size_last_edited=\u00bbon|phone\u00bb body_font_size_tablet=\u00bb\u00bb body_font_size_phone=\u00bb14px\u00bb body_font_size_last_edited=\u00bbon|phone\u00bb icon_font_size=\u00bb30px\u00bb global_colors_info=\u00bb{%22gcid-2d85d98c-8894-4b4b-81e4-d5afeda04c08%22:%91%22header_text_color%22,%22header_text_color%22%93}\u00bb][\/et_pb_blurb][\/et_pb_column][et_pb_column type=\u00bb1_2&#8243; _builder_version=\u00bb4.21.0&#8243; _module_preset=\u00bbdefault\u00bb custom_padding=\u00bb60px|20px|60px|20px|true|true\u00bb custom_padding_tablet=\u00bb40px||40px||true|true\u00bb custom_padding_phone=\u00bb30px||30px||true|true\u00bb custom_padding_last_edited=\u00bbon|desktop\u00bb pac_dcm_carousel_specific_module_num=\u00bb0&#8243; border_width_all=\u00bb1px\u00bb border_width_top=\u00bb1px\u00bb border_color_top=\u00bbgcid-2d85d98c-8894-4b4b-81e4-d5afeda04c08&#8243; border_width_right=\u00bb1px\u00bb border_color_right=\u00bbgcid-2d85d98c-8894-4b4b-81e4-d5afeda04c08&#8243; border_width_bottom=\u00bb1px\u00bb border_color_bottom=\u00bb#ffc62a\u00bb border_width_left=\u00bb1px\u00bb border_color_left=\u00bbgcid-2d85d98c-8894-4b4b-81e4-d5afeda04c08&#8243; global_colors_info=\u00bb{%22gcid-2d85d98c-8894-4b4b-81e4-d5afeda04c08%22:%91%22border_color_right%22,%22border_color_top%22,%22border_color_left%22,%22border_color_right%22,%22border_color_top%22,%22border_color_left%22,%22border_color_right%22,%22border_color_top%22,%22border_color_bottom%22%93}\u00bb][et_pb_blurb title=\u00bbMixtos\u00bb url=\u00bb#mixed\u00bb image_icon_width=\u00bb30px\u00bb _builder_version=\u00bb4.21.0&#8243; _module_preset=\u00bbdefault\u00bb header_font=\u00bbPoppins|600||on|||||\u00bb header_text_color=\u00bbgcid-2d85d98c-8894-4b4b-81e4-d5afeda04c08&#8243; header_font_size=\u00bb19px\u00bb header_letter_spacing=\u00bb4px\u00bb header_line_height=\u00bb1.2em\u00bb body_font=\u00bb|700|||||||\u00bb body_font_size=\u00bb16px\u00bb body_line_height=\u00bb1.6em\u00bb text_orientation=\u00bbcenter\u00bb background_layout=\u00bbdark\u00bb custom_padding=\u00bb0px||||false|false\u00bb header_font_size_tablet=\u00bb17px\u00bb header_font_size_phone=\u00bb15px\u00bb header_font_size_last_edited=\u00bbon|phone\u00bb body_font_size_tablet=\u00bb\u00bb body_font_size_phone=\u00bb14px\u00bb body_font_size_last_edited=\u00bbon|phone\u00bb icon_font_size=\u00bb30px\u00bb global_colors_info=\u00bb{%22gcid-2d85d98c-8894-4b4b-81e4-d5afeda04c08%22:%91%22header_text_color%22,%22header_text_color%22%93}\u00bb][\/et_pb_blurb][\/et_pb_column][\/et_pb_row][\/et_pb_section][et_pb_section fb_built=\u00bb1&#8243; custom_padding_last_edited=\u00bbon|phone\u00bb disabled_on=\u00bboff|off|off\u00bb module_id=\u00bbHombres\u00bb module_class=\u00bbdf-area\u00bb _builder_version=\u00bb4.24.1&#8243; _module_preset=\u00bbdefault\u00bb custom_padding=\u00bb||65px|||\u00bb custom_padding_tablet=\u00bb19px||||false|false\u00bb custom_padding_phone=\u00bb9px||||false|false\u00bb border_color_top=\u00bb#E09900&#8243; global_colors_info=\u00bb{}\u00bb][et_pb_row module_id=\u00bbmujeres\u00bb _builder_version=\u00bb4.24.1&#8243; _module_preset=\u00bbdefault\u00bb custom_padding=\u00bb||0px||false|false\u00bb global_colors_info=\u00bb{}\u00bb][et_pb_column type=\u00bb4_4&#8243; _builder_version=\u00bb4.17.4&#8243; _module_preset=\u00bbdefault\u00bb pac_dcm_carousel_specific_module_num=\u00bb0&#8243; global_colors_info=\u00bb{}\u00bb][et_pb_text _builder_version=\u00bb4.24.1&#8243; _module_preset=\u00bbb327cbe4-b1d5-4b66-ad37-40c8f2f061ba\u00bb header_2_font=\u00bbLeague Spartan|700|||||||\u00bb header_2_text_color=\u00bb#000000&#8243; header_2_font_size=\u00bb48px\u00bb header_2_line_height=\u00bb1.2em\u00bb text_orientation=\u00bbcenter\u00bb custom_margin=\u00bb||4px|||\u00bb custom_padding=\u00bb||0px|||\u00bb header_2_font_size_tablet=\u00bb37px\u00bb header_2_font_size_phone=\u00bb33px\u00bb header_2_font_size_last_edited=\u00bbon|desktop\u00bb global_colors_info=\u00bb{}\u00bb]<\/p>\n<h2>S\u00f3lo Mujeres<\/h2>\n<p>[\/et_pb_text][et_pb_divider color=\u00bbgcid-2d85d98c-8894-4b4b-81e4-d5afeda04c08&#8243; divider_weight=\u00bb2px\u00bb _builder_version=\u00bb4.21.0&#8243; _module_preset=\u00bbdefault\u00bb width=\u00bb33%\u00bb module_alignment=\u00bbcenter\u00bb global_colors_info=\u00bb{%22gcid-2d85d98c-8894-4b4b-81e4-d5afeda04c08%22:%91%22color%22%93}\u00bb][\/et_pb_divider][\/et_pb_column][\/et_pb_row][et_pb_row admin_label=\u00bbRow 1&#8243; _builder_version=\u00bb4.24.1&#8243; _module_preset=\u00bbdefault\u00bb global_colors_info=\u00bb{}\u00bb][et_pb_column type=\u00bb4_4&#8243; _builder_version=\u00bb4.21.0&#8243; _module_preset=\u00bbdefault\u00bb pac_dcm_carousel_specific_module_num=\u00bb0&#8243; global_colors_info=\u00bb{}\u00bb][et_pb_blurb title=\u00bbLittle Flower Group 2:42&#8243; image=\u00bbhttps:\/\/popfb.org\/wp-content\/uploads\/2024\/02\/Small-Groups-32.png\u00bb admin_label=\u00bbAltar Servers\u00bb module_id=\u00bb1&#8243; module_class=\u00bbpa-toggle-blurb\u00bb _builder_version=\u00bb4.24.1&#8243; _module_preset=\u00bbdefault\u00bb header_font=\u00bbPoppins|700|||||||\u00bb header_text_color=\u00bbgcid-87ed5ab8-6efc-426e-a45d-455b2e0d08c2&#8243; header_font_size=\u00bb24px\u00bb body_font=\u00bbPoppins||||||||\u00bb body_text_color=\u00bbgcid-e5e47143-da0e-414b-9c67-0bab02ed23d0&#8243; body_font_size=\u00bb15px\u00bb animation_style=\u00bbbounce\u00bb header_font_size_tablet=\u00bb24px\u00bb header_font_size_phone=\u00bb20px\u00bb header_font_size_last_edited=\u00bbon|phone\u00bb dsm_modules_readmore=\u00bbon\u00bb dsm_modules_readmore_height=\u00bb550px\u00bb box_shadow_style_image=\u00bbpreset1&#8243; global_colors_info=\u00bb{%22gcid-e5e47143-da0e-414b-9c67-0bab02ed23d0%22:%91%22body_text_color%22,%22body_text_color%22%93,%22gcid-87ed5ab8-6efc-426e-a45d-455b2e0d08c2%22:%91%22header_text_color%22,%22header_text_color%22%93}\u00bb]<\/p>\n<div class=\"block copy-columns \">\n<div class=\"grid-container\">\n<div class=\"grid-x grid-margin-x\">\n<div class=\"cell copy small-12 medium-auto text-left\">\n<p><strong>Edades:<\/strong> 18+<\/p>\n<div>\n<p>Somos un grupo de mujeres comprometidas a seguir las ense\u00f1anzas de los ap\u00f3stoles, participar en compa\u00f1erismo, asistir a Misa y dedicarnos a la oraci\u00f3n (Hechos 2:42).<\/p>\n<p>Little Flower Groups ofrece varias oportunidades para que usted se conecte con otras mujeres, crezca espiritualmente y retribuya a la comunidad.<\/p>\n<p>Ofrecemos:<\/p>\n<p>\u2013 Grupos de estudio b\u00edblico<br \/>\u2013 Retiros<br \/>\u2013\u00a0Servicio comunitario<br \/>\u2013 Oraci\u00f3n<\/p>\n<\/div>\n<p><a href=\"https:\/\/pop.churchcenter.com\/groups\/connect-groups\/06-little-flower-group-2-42\"><span><b>\u00a1\u00danase a este grupo!<\/b><\/span><\/a><span><\/span><\/p>\n<\/div>\n<\/div>\n<\/div>\n<\/div>\n<div class=\"block call-to-action brandprimary hasbgc \">\n<div class=\"grid-container\">\n<div class=\"grid-x grid-margin-x\">\n<div class=\"cell copy small-12 medium-auto text-center cta-basic\"><\/div>\n<\/div>\n<\/div>\n<\/div>\n<p>[\/et_pb_blurb][\/et_pb_column][\/et_pb_row][\/et_pb_section][et_pb_section fb_built=\u00bb1&#8243; admin_label=\u00bbCall to Action\u00bb module_id=\u00bbmixed\u00bb _builder_version=\u00bb4.21.0&#8243; _module_preset=\u00bbdefault\u00bb background_color=\u00bb#F6F3EF\u00bb collapsed=\u00bbon\u00bb global_colors_info=\u00bb{}\u00bb][et_pb_row _builder_version=\u00bb4.17.4&#8243; _module_preset=\u00bbdefault\u00bb custom_padding=\u00bb||0px||false|false\u00bb global_colors_info=\u00bb{}\u00bb][et_pb_column type=\u00bb4_4&#8243; _builder_version=\u00bb4.17.4&#8243; _module_preset=\u00bbdefault\u00bb pac_dcm_carousel_specific_module_num=\u00bb0&#8243; global_colors_info=\u00bb{}\u00bb][et_pb_text _builder_version=\u00bb4.21.0&#8243; _module_preset=\u00bbb327cbe4-b1d5-4b66-ad37-40c8f2f061ba\u00bb header_2_font=\u00bbLeague Spartan|700|||||||\u00bb header_2_text_color=\u00bb#000000&#8243; header_2_font_size=\u00bb48px\u00bb header_2_line_height=\u00bb1.2em\u00bb text_orientation=\u00bbcenter\u00bb custom_margin=\u00bb||4px|||\u00bb custom_padding=\u00bb||0px|||\u00bb header_2_font_size_tablet=\u00bb37px\u00bb header_2_font_size_phone=\u00bb33px\u00bb header_2_font_size_last_edited=\u00bbon|desktop\u00bb global_colors_info=\u00bb{}\u00bb]<\/p>\n<h2>Mixtos<\/h2>\n<p>[\/et_pb_text][et_pb_divider color=\u00bbgcid-2d85d98c-8894-4b4b-81e4-d5afeda04c08&#8243; divider_weight=\u00bb2px\u00bb _builder_version=\u00bb4.21.0&#8243; _module_preset=\u00bbdefault\u00bb width=\u00bb33%\u00bb module_alignment=\u00bbcenter\u00bb global_colors_info=\u00bb{%22gcid-2d85d98c-8894-4b4b-81e4-d5afeda04c08%22:%91%22color%22%93}\u00bb][\/et_pb_divider][\/et_pb_column][\/et_pb_row][et_pb_row admin_label=\u00bbRow 1&#8243; _builder_version=\u00bb4.27.4&#8243; _module_preset=\u00bbdefault\u00bb hover_enabled=\u00bb0&#8243; global_colors_info=\u00bb{}\u00bb sticky_enabled=\u00bb0&#8243;][et_pb_column type=\u00bb4_4&#8243; _builder_version=\u00bb4.21.0&#8243; _module_preset=\u00bbdefault\u00bb pac_dcm_carousel_specific_module_num=\u00bb0&#8243; global_colors_info=\u00bb{}\u00bb][et_pb_blurb title=\u00bbDanza Acitlalmichitli\u00bb image=\u00bbhttps:\/\/popfb.org\/wp-content\/uploads\/2024\/02\/Small-Groups-4.png\u00bb admin_label=\u00bbAltar Servers\u00bb module_id=\u00bb1&#8243; module_class=\u00bbpa-toggle-blurb\u00bb _builder_version=\u00bb4.24.1&#8243; _module_preset=\u00bbdefault\u00bb header_font=\u00bbPoppins|700|||||||\u00bb header_text_color=\u00bbgcid-87ed5ab8-6efc-426e-a45d-455b2e0d08c2&#8243; header_font_size=\u00bb24px\u00bb body_font=\u00bbPoppins||||||||\u00bb body_text_color=\u00bbgcid-e5e47143-da0e-414b-9c67-0bab02ed23d0&#8243; body_font_size=\u00bb15px\u00bb animation_style=\u00bbbounce\u00bb header_font_size_tablet=\u00bb24px\u00bb header_font_size_phone=\u00bb20px\u00bb header_font_size_last_edited=\u00bbon|phone\u00bb dsm_modules_readmore=\u00bbon\u00bb dsm_modules_readmore_height=\u00bb550px\u00bb box_shadow_style_image=\u00bbpreset1&#8243; global_colors_info=\u00bb{%22gcid-e5e47143-da0e-414b-9c67-0bab02ed23d0%22:%91%22body_text_color%22,%22body_text_color%22%93,%22gcid-87ed5ab8-6efc-426e-a45d-455b2e0d08c2%22:%91%22header_text_color%22,%22header_text_color%22%93}\u00bb]<\/p>\n<div class=\"block copy-columns \">\n<div class=\"grid-container\">\n<div class=\"grid-x grid-margin-x\">\n<div class=\"cell copy small-12 medium-auto text-left\">\n<p><strong>Edades:<\/strong> 18+ (los ni\u00f1os son bienvenidos)<\/p>\n<p>Acitlalmichitli, nombre N\u00e1huatl que significa \u201cEstrella del Mar\u201d, es el t\u00edtulo dado en honor a nuestra Madre del Cielo la Virgen Mar\u00eda por las \u00e1nimas benditas del purgatorio (seg\u00fan la visi\u00f3n de Santa Faustina Kowalska relatado en su diario), y a quien nos encomendamos bajo su protecci\u00f3n por medio de la advocaci\u00f3n de la Virgen del Carmen.<\/p>\n<p>La misi\u00f3n de este grupo peque\u00f1o es ofrecer oraciones y danzas en su honor como sufragio a favor de las almas del purgatorio. Alabar, bendecir y agradecer a Dios por todas sus bendiciones y favores recibidos ya que nuestras danzas son representaciones de su creaci\u00f3n.<\/p>\n<p><a href=\"https:\/\/pop.churchcenter.com\/groups\/connect-groups\/04-danza-acitlalmichitli-a-small-group-for-children-youth-and-adults-wanting-to-pray-and-worship-through-dance\"><strong>\u00a1Unase a este grupo!<\/strong><\/a><\/p>\n<\/div>\n<\/div>\n<\/div>\n<\/div>\n<div class=\"block call-to-action brandprimary hasbgc \">\n<div class=\"grid-container\">\n<div class=\"grid-x grid-margin-x\">\n<div class=\"cell copy small-12 medium-auto text-center cta-basic\"><\/div>\n<\/div>\n<\/div>\n<\/div>\n<p>[\/et_pb_blurb][\/et_pb_column][\/et_pb_row][\/et_pb_section]<\/p>\n","protected":false},"excerpt":{"rendered":"<p>Grupos Peque\u00f1os Biling\u00fceLos grupos peque\u00f1os est\u00e1n formados por personas que se re\u00fanen peri\u00f3dicamente para compartir sus vidas en comunidad. Estas reuniones ofrecen la oportunidad de orar juntos, profundizar sobre las Escrituras y diversos temas relacionados con la fe, y ayudan a nutrir y a fortalecer nuestras creencias espirituales. &nbsp;Nuestra necesidad inherente de conexi\u00f3n subraya el valor de la comunidad. Es en este ambiente de comunidad donde verdaderamente prosperamos como familia cristiana unida. Si bien la experiencia compartida de la Misa nos une como una congregaci\u00f3n m\u00e1s grande, el apoyo \u00edntimo y el caminar compartido dentro de un grupo peque\u00f1o nos impulsan hacia el crecimiento colectivo en nuestra relaci\u00f3n con Dios.S\u00f3lo Mujeres Edades: 18+ Somos un grupo de mujeres comprometidas a seguir las ense\u00f1anzas de los ap\u00f3stoles, participar en compa\u00f1erismo, asistir a Misa y dedicarnos a la oraci\u00f3n (Hechos 2:42). Little Flower Groups ofrece varias oportunidades para que usted se conecte con otras mujeres, crezca espiritualmente y retribuya a la comunidad. Ofrecemos: \u2013 Grupos de estudio b\u00edblico\u2013 Retiros\u2013\u00a0Servicio comunitario\u2013 Oraci\u00f3n \u00a1\u00danase a este grupo! Mixtos Edades: 18+ (los ni\u00f1os son bienvenidos) Acitlalmichitli, nombre N\u00e1huatl que significa \u201cEstrella del Mar\u201d, es el t\u00edtulo dado en honor a nuestra Madre del Cielo la [&hellip;]<\/p>\n","protected":false},"author":1,"featured_media":0,"parent":0,"menu_order":0,"comment_status":"closed","ping_status":"closed","template":"","meta":{"_et_pb_use_builder":"on","_et_pb_old_content":"","_et_gb_content_width":"","footnotes":""},"class_list":["post-7638","page","type-page","status-publish","hentry"],"publishpress_future_action":{"enabled":false,"date":"2026-04-25 05:16:43","action":"change-status","newStatus":"draft","terms":[],"taxonomy":"translation_priority","extraData":[]},"publishpress_future_workflow_manual_trigger":{"enabledWorkflows":[]},"_links":{"self":[{"href":"https:\/\/popfb.org\/es\/wp-json\/wp\/v2\/pages\/7638","targetHints":{"allow":["GET"]}}],"collection":[{"href":"https:\/\/popfb.org\/es\/wp-json\/wp\/v2\/pages"}],"about":[{"href":"https:\/\/popfb.org\/es\/wp-json\/wp\/v2\/types\/page"}],"author":[{"embeddable":true,"href":"https:\/\/popfb.org\/es\/wp-json\/wp\/v2\/users\/1"}],"replies":[{"embeddable":true,"href":"https:\/\/popfb.org\/es\/wp-json\/wp\/v2\/comments?post=7638"}],"version-history":[{"count":1,"href":"https:\/\/popfb.org\/es\/wp-json\/wp\/v2\/pages\/7638\/revisions"}],"predecessor-version":[{"id":15663,"href":"https:\/\/popfb.org\/es\/wp-json\/wp\/v2\/pages\/7638\/revisions\/15663"}],"wp:attachment":[{"href":"https:\/\/popfb.org\/es\/wp-json\/wp\/v2\/media?parent=7638"}],"curies":[{"name":"wp","href":"https:\/\/api.w.org\/{rel}","templated":true}]}}