{"id":7338,"date":"2023-06-06T14:37:01","date_gmt":"2023-06-06T18:37:01","guid":{"rendered":"https:\/\/popfb.org\/capital-campaign-2023-es\/"},"modified":"2024-07-15T11:42:39","modified_gmt":"2024-07-15T15:42:39","slug":"cc2023","status":"publish","type":"page","link":"https:\/\/popfb.org\/es\/cc2023\/","title":{"rendered":"Campa\u00f1a Capital 2023"},"content":{"rendered":"<p>[et_pb_section fb_built=\u00bb1&#8243; fullwidth=\u00bbon\u00bb admin_label=\u00bbHero\u00bb _builder_version=\u00bb4.21.0&#8243; background_enable_color=\u00bboff\u00bb parallax=\u00bbon\u00bb custom_padding=\u00bb0px|0px|0px|0px\u00bb global_colors_info=\u00bb{}\u00bb][et_pb_fullwidth_header title=\u00bbCampa\u00f1a Capital 2023&#8243; subhead=\u00bbSiempre Caminando en la Fe\u00bb button_one_text=\u00bbDone Aqui\u00bb button_one_url=\u00bbhttps:\/\/www.osvhub.com\/popfb\/giving\/funds\/capital-campaign-2023&#8243; button_two_text=\u00bbFAQ\u00bb button_two_url=\u00bb#faq\u00bb background_overlay_color=\u00bbrgba(29,38,51,0.59)\u00bb content_max_width=\u00bb643px\u00bb content_max_width_tablet=\u00bb476px\u00bb content_max_width_phone=\u00bb476px\u00bb content_max_width_last_edited=\u00bbon|phone\u00bb admin_label=\u00bbHero Section\u00bb _builder_version=\u00bb4.26.1&#8243; title_font=\u00bbPoppins|300||on|||||\u00bb title_font_size=\u00bb36px\u00bb title_line_height=\u00bb1.3em\u00bb content_font=\u00bbPoppins||||||||\u00bb content_font_size=\u00bb25px\u00bb content_line_height=\u00bb1.2em\u00bb subhead_font=\u00bbPoppins|700||on|||||\u00bb subhead_font_size=\u00bb58px\u00bb subhead_line_height=\u00bb1.1em\u00bb background_color=\u00bbrgba(255, 255, 255, 0)\u00bb background_image=\u00bbhttps:\/\/popfb.org\/wp-content\/uploads\/2023\/06\/WEBSITE-HEADER.png\u00bb parallax=\u00bbon\u00bb parallax_method=\u00bbon\u00bb custom_button_one=\u00bbon\u00bb button_one_border_radius=\u00bb0px\u00bb button_one_letter_spacing=\u00bb1px\u00bb button_one_font=\u00bbPoppins|700||on|||||\u00bb button_one_icon=\u00bb&#x24;||divi||400&#8243; button_one_icon_color=\u00bb#ffffff\u00bb custom_button_two=\u00bbon\u00bb button_two_border_radius=\u00bb0px\u00bb button_two_letter_spacing=\u00bb1px\u00bb button_two_font=\u00bbPoppins|700||on|||||\u00bb button_two_icon=\u00bb&#x24;||divi||400&#8243; button_two_icon_color=\u00bb#ffffff\u00bb custom_margin=\u00bb|||0px|false|false\u00bb custom_padding=\u00bb171px|0px|154px|0px|false|false\u00bb custom_padding_tablet=\u00bb97px||60px||false|false\u00bb custom_padding_phone=\u00bb84px||49px||false|false\u00bb custom_padding_last_edited=\u00bbon|desktop\u00bb animation_style=\u00bbzoom\u00bb animation_direction=\u00bbbottom\u00bb animation_intensity_zoom=\u00bb4%\u00bb hover_enabled=\u00bb0&#8243; title_font_size_tablet=\u00bb33px\u00bb title_font_size_phone=\u00bb20px\u00bb title_font_size_last_edited=\u00bbon|desktop\u00bb content_font_size_tablet=\u00bb22px\u00bb content_font_size_phone=\u00bb18px\u00bb content_font_size_last_edited=\u00bbon|phone\u00bb subhead_text_color_tablet=\u00bb\u00bb subhead_text_color_phone=\u00bb\u00bb subhead_text_color_last_edited=\u00bbon|desktop\u00bb subhead_font_size_tablet=\u00bb48px\u00bb subhead_font_size_phone=\u00bb31px\u00bb subhead_font_size_last_edited=\u00bbon|phone\u00bb button_one_text_size_tablet=\u00bb19px\u00bb button_one_text_size_phone=\u00bb14px\u00bb button_one_text_size_last_edited=\u00bbon|phone\u00bb button_two_text_size_tablet=\u00bb19px\u00bb button_two_text_size_phone=\u00bb14px\u00bb button_two_text_size_last_edited=\u00bbon|phone\u00bb title_text_shadow_style=\u00bbpreset3&#8243; content_text_shadow_style=\u00bbpreset1&#8243; subhead_text_shadow_style=\u00bbpreset3&#8243; button_one_text_color_hover=\u00bb#ffffff\u00bb button_one_border_color_hover=\u00bb#ffffff\u00bb button_one_border_radius_hover=\u00bb0px\u00bb button_one_letter_spacing_hover=\u00bb4px\u00bb button_one_bg_color_hover=\u00bbrgba(0,0,0,0)\u00bb global_colors_info=\u00bb{}\u00bb button_one_text_size__hover_enabled=\u00bboff\u00bb button_two_text_size__hover_enabled=\u00bboff\u00bb button_one_text_color__hover_enabled=\u00bbon\u00bb button_one_text_color__hover=\u00bb#ffffff\u00bb button_two_text_color__hover_enabled=\u00bbon\u00bb button_one_border_width__hover_enabled=\u00bboff\u00bb button_two_border_width__hover_enabled=\u00bboff\u00bb button_one_border_color__hover_enabled=\u00bbon\u00bb button_one_border_color__hover=\u00bb#ffffff\u00bb button_two_border_color__hover_enabled=\u00bbon\u00bb button_one_border_radius__hover_enabled=\u00bbon\u00bb button_one_border_radius__hover=\u00bb0px\u00bb button_two_border_radius__hover_enabled=\u00bbon\u00bb button_one_letter_spacing__hover_enabled=\u00bbon\u00bb button_one_letter_spacing__hover=\u00bb4px\u00bb button_two_letter_spacing__hover_enabled=\u00bbon\u00bb button_one_bg_color__hover_enabled=\u00bbon\u00bb button_one_bg_color__hover=\u00bbrgba(0,0,0,0)\u00bb button_two_bg_color__hover_enabled=\u00bbon\u00bb background_overlay_color__hover_enabled=\u00bbon|desktop\u00bb background_overlay_color__hover=\u00bbrgba(45,45,45,0.29)\u00bb subhead_text_color__hover_enabled=\u00bbon|desktop\u00bb button_two_text_color__hover=\u00bb#ffffff\u00bb button_two_bg_color__hover=\u00bbrgba(0,0,0,0)\u00bb button_two_border_color__hover=\u00bb#ffffff\u00bb button_two_border_radius__hover=\u00bb0px\u00bb button_two_letter_spacing__hover=\u00bb4px\u00bb sticky_enabled=\u00bb0&#8243;]<\/p>\n<p>Gracias a la generosidad de m\u00e1s de 700 familias hemos superado nuestra meta de $2,000,000 y la construcci\u00f3n a comenzado!<\/p>\n<p>&nbsp;<\/p>\n<p><strong>Debido a la construcci\u00f3n en el campus de nuestra iglesia, es posible que ahora note cambios significativos en el flujo de tr\u00e1fico en nuestro estacionamiento. Para la seguridad de todos y para minimizar el tr\u00e1fico, por favor mant\u00e9ngase alerta y siga las nuevas se\u00f1ales direccionales.<\/strong><\/p>\n<p>&nbsp;<\/p>\n<p>Gracias por ser parte de nuestra Campa\u00f1a Capital 2023, \u00a1SIEMPRE ADELANTE EN LA FE!<\/p>\n<p>[\/et_pb_fullwidth_header][\/et_pb_section][et_pb_section fb_built=\u00bb1&#8243; custom_padding_last_edited=\u00bbon|tablet\u00bb _builder_version=\u00bb4.22.0&#8243; custom_padding=\u00bb20px||56px||false|false\u00bb custom_padding_tablet=\u00bb20px||||false|false\u00bb custom_padding_phone=\u00bb1px||||false|false\u00bb global_colors_info=\u00bb{}\u00bb][et_pb_row _builder_version=\u00bb4.21.0&#8243; _module_preset=\u00bbdefault\u00bb custom_padding=\u00bb||13px|||\u00bb global_colors_info=\u00bb{}\u00bb][et_pb_column type=\u00bb4_4&#8243; _builder_version=\u00bb4.21.0&#8243; _module_preset=\u00bbdefault\u00bb pac_dcm_carousel_specific_module_num=\u00bb0&#8243; global_colors_info=\u00bb{}\u00bb][et_pb_text admin_label=\u00bbDiscover Beatuty Title\u00bb _builder_version=\u00bb4.22.0&#8243; text_font=\u00bb||||\u00bb text_text_color=\u00bb#1a1a1a\u00bb header_font=\u00bbPoppins|700||on|||||\u00bb header_text_align=\u00bbleft\u00bb header_font_size=\u00bb45px\u00bb header_letter_spacing=\u00bb-1px\u00bb header_line_height=\u00bb1.3em\u00bb custom_margin=\u00bb||-7px||false|false\u00bb custom_margin_tablet=\u00bb||-7px||false|false\u00bb custom_margin_phone=\u00bb||-7px||false|false\u00bb custom_margin_last_edited=\u00bbon|phone\u00bb custom_padding=\u00bb||0px||false|false\u00bb animation_style=\u00bbslide\u00bb animation_direction=\u00bb%22fade_in%22&#8243; animation_duration=\u00bb500ms\u00bb animation_intensity_slide=\u00bb10%\u00bb header_font_size_tablet=\u00bb38px\u00bb header_font_size_phone=\u00bb28px\u00bb header_font_size_last_edited=\u00bbon|desktop\u00bb header_letter_spacing_tablet=\u00bb-1px\u00bb header_letter_spacing_phone=\u00bb-1px\u00bb header_letter_spacing_last_edited=\u00bbon|phone\u00bb global_colors_info=\u00bb{}\u00bb]<\/p>\n<h1>Proyectos<\/h1>\n<p>[\/et_pb_text][et_pb_divider color=\u00bbgcid-87ed5ab8-6efc-426e-a45d-455b2e0d08c2&#8243; divider_position=\u00bbcenter\u00bb divider_weight=\u00bb3px\u00bb disabled_on=\u00bboff|off|off\u00bb _builder_version=\u00bb4.22.0&#8243; max_width=\u00bb153px\u00bb height=\u00bbfalse\u00bb custom_margin=\u00bb||12px||false|false\u00bb custom_margin_tablet=\u00bb||11px||false|false\u00bb custom_margin_phone=\u00bb||10px||false|false\u00bb custom_margin_last_edited=\u00bbon|phone\u00bb animation_style=\u00bbslide\u00bb animation_direction=\u00bbtop\u00bb animation_delay=\u00bb200ms\u00bb animation_intensity_slide=\u00bb10%\u00bb global_colors_info=\u00bb{%22gcid-87ed5ab8-6efc-426e-a45d-455b2e0d08c2%22:%91%22color%22%93}\u00bb][\/et_pb_divider][et_pb_text admin_label=\u00bbDiscover Beatuty Sub Title\u00bb _builder_version=\u00bb4.21.0&#8243; text_font=\u00bbPoppins||||||||\u00bb text_text_color=\u00bb#1a1a1a\u00bb text_font_size=\u00bb19px\u00bb text_line_height=\u00bb1.2em\u00bb custom_margin=\u00bb||8px||false|false\u00bb custom_margin_tablet=\u00bb||11px||false|false\u00bb custom_margin_phone=\u00bb||11px||false|false\u00bb custom_margin_last_edited=\u00bbon|phone\u00bb animation_style=\u00bbslide\u00bb animation_direction=\u00bbtop\u00bb animation_delay=\u00bb100ms\u00bb animation_intensity_slide=\u00bb10%\u00bb text_font_size_tablet=\u00bb18px\u00bb text_font_size_phone=\u00bb16px\u00bb text_font_size_last_edited=\u00bbon|phone\u00bb global_colors_info=\u00bb{}\u00bb]<\/p>\n<p>Ahora que el trabajo del condado de Hall en las carreteras de Spout Springs Road y Elizabeth Lane se ha completado. Hay tres proyectos que esperamos emprender con su generosa ayuda.  Son las siguientes:<\/p>\n<p>[\/et_pb_text][\/et_pb_column][\/et_pb_row][et_pb_row column_structure=\u00bb2_5,3_5&#8243; _builder_version=\u00bb4.21.0&#8243; global_colors_info=\u00bb{}\u00bb][et_pb_column type=\u00bb2_5&#8243; _builder_version=\u00bb4.16&#8243; custom_padding=\u00bb|||\u00bb pac_dcm_carousel_specific_module_num=\u00bb0&#8243; global_colors_info=\u00bb{}\u00bb custom_padding__hover=\u00bb|||\u00bb][et_pb_accordion _builder_version=\u00bb4.22.1&#8243; _module_preset=\u00bbdefault\u00bb global_colors_info=\u00bb{}\u00bb][et_pb_accordion_item title=\u00bbProyecto 1: Conexi\u00f3n de alcantarillado\u00bb open=\u00bbon\u00bb open_toggle_text_color=\u00bbgcid-87ed5ab8-6efc-426e-a45d-455b2e0d08c2&#8243; closed_toggle_text_color=\u00bbgcid-9fa4a1b6-767d-41ca-984c-a6f10449c843&#8243; _builder_version=\u00bb4.21.0&#8243; _module_preset=\u00bbdefault\u00bb body_font=\u00bbPoppins|300|||||||\u00bb body_text_color=\u00bbgcid-9fa4a1b6-767d-41ca-984c-a6f10449c843&#8243; body_font_size=\u00bb19px\u00bb body_line_height=\u00bb1.2em\u00bb global_colors_info=\u00bb{%22gcid-87ed5ab8-6efc-426e-a45d-455b2e0d08c2%22:%91%22open_toggle_text_color%22,%22open_toggle_text_color%22%93,%22gcid-9fa4a1b6-767d-41ca-984c-a6f10449c843%22:%91%22toggle_text_color%22,%22closed_toggle_text_color%22,%22body_text_color%22,%22toggle_text_color%22,%22closed_toggle_text_color%22,%22body_text_color%22%93}\u00bb toggle_text_color=\u00bbgcid-9fa4a1b6-767d-41ca-984c-a6f10449c843&#8243; toggle_font=\u00bbPoppins||||||||\u00bb toggle_font_size=\u00bb19px\u00bb closed_toggle_font=\u00bbPoppins||||||||\u00bb]<\/p>\n<p>Conexi\u00f3n de alcantarillado | Conexi\u00f3n al sistema de alcantarillado existente del condado que no estaba disponible hace 18 a\u00f1os cuando la parroquia se traslad\u00f3 de Buford a nuestro nuevo campus en Flowery Branch. El nuevo campus ha utilizado un sistema s\u00e9ptico durante estos 18 a\u00f1os. El sistema ha tenido varias reparaciones costosas en los \u00faltimos a\u00f1os. Se requerir\u00e1 un reemplazo completo si no se retira pronto.   <\/p>\n<p>[\/et_pb_accordion_item][et_pb_accordion_item title=\u00bbProyecto 2: Nueva entrada\/salida \u00bb open_toggle_text_color=\u00bbgcid-87ed5ab8-6efc-426e-a45d-455b2e0d08c2&#8243; closed_toggle_text_color=\u00bbgcid-9fa4a1b6-767d-41ca-984c-a6f10449c843&#8243; _builder_version=\u00bb4.21.0&#8243; _module_preset=\u00bbdefault\u00bb body_font=\u00bbPoppins|300|||||||\u00bb body_text_color=\u00bbgcid-9fa4a1b6-767d-41ca-984c-a6f10449c843&#8243; body_font_size=\u00bb19px\u00bb body_line_height=\u00bb1.2em\u00bb global_colors_info=\u00bb{%22gcid-87ed5ab8-6efc-426e-a45d-455b2e0d08c2%22:%91%22open_toggle_text_color%22,%22open_toggle_text_color%22,%22open_toggle_text_color%22,%22open_toggle_text_color%22,%22open_toggle_text_color%22%93,%22gcid-9fa4a1b6-767d-41ca-984c-a6f10449c843%22:%91%22toggle_text_color%22,%22closed_toggle_text_color%22,%22body_text_color%22,%22toggle_text_color%22,%22closed_toggle_text_color%22,%22body_text_color%22,%22toggle_text_color%22,%22closed_toggle_text_color%22%93}\u00bb toggle_text_color=\u00bbgcid-9fa4a1b6-767d-41ca-984c-a6f10449c843&#8243; toggle_font=\u00bbPoppins||||||||\u00bb toggle_font_size=\u00bb19px\u00bb closed_toggle_font=\u00bbPoppins||||||||\u00bb open=\u00bboff\u00bb]<\/p>\n<p>agregar una nueva entrada a nuestro campus en la nueva desviaci\u00f3n de Elizabeth Lane. Durante el reciente proyecto de carretera, Elizabeth Lane se movi\u00f3 para alinearse con la entrada principal de Sterling on the Lake. La carretera reci\u00e9n desviada ahora toca nuestra propiedad y ahora tenemos acceso que antes no ten\u00edamos. Esto nos permite la oportunidad de agregar una segunda entrada \/ salida que facilitar\u00e1 el flujo de tr\u00e1fico durante los tiempos de alto volumen. Esto tambi\u00e9n permitir\u00e1 una opci\u00f3n m\u00e1s segura al salir de la propiedad en lugar de girar a la izquierda en Spout Springs Road desde la propiedad.     <\/p>\n<p>[\/et_pb_accordion_item][et_pb_accordion_item title=\u00bbProyecto 3: Pavimentaci\u00f3n de estacionamientos de gravilla\u00bb open_toggle_text_color=\u00bbgcid-87ed5ab8-6efc-426e-a45d-455b2e0d08c2&#8243; closed_toggle_text_color=\u00bbgcid-9fa4a1b6-767d-41ca-984c-a6f10449c843&#8243; _builder_version=\u00bb4.21.0&#8243; _module_preset=\u00bbdefault\u00bb body_font=\u00bbPoppins|300|||||||\u00bb body_text_color=\u00bbgcid-9fa4a1b6-767d-41ca-984c-a6f10449c843&#8243; body_font_size=\u00bb19px\u00bb body_line_height=\u00bb1.2em\u00bb global_colors_info=\u00bb{%22gcid-87ed5ab8-6efc-426e-a45d-455b2e0d08c2%22:%91%22open_toggle_text_color%22,%22open_toggle_text_color%22,%22open_toggle_text_color%22,%22open_toggle_text_color%22,%22open_toggle_text_color%22%93,%22gcid-9fa4a1b6-767d-41ca-984c-a6f10449c843%22:%91%22toggle_text_color%22,%22closed_toggle_text_color%22,%22body_text_color%22,%22toggle_text_color%22,%22closed_toggle_text_color%22,%22body_text_color%22,%22toggle_text_color%22,%22closed_toggle_text_color%22,%22toggle_text_color%22,%22body_text_color%22%93}\u00bb toggle_text_color=\u00bbgcid-9fa4a1b6-767d-41ca-984c-a6f10449c843&#8243; toggle_font=\u00bbPoppins||||||||\u00bb toggle_font_size=\u00bb19px\u00bb closed_toggle_font=\u00bbPoppins||||||||\u00bb open=\u00bboff\u00bb]<\/p>\n<p>La pavimentaci\u00f3n de los dos estacionamientos de gravilla dar\u00e1 como resultado una mayor capacidad de estacionamiento y un camino m\u00e1s seguro y c\u00f3modo hacia y desde el edificio. <\/p>\n<p>[\/et_pb_accordion_item][\/et_pb_accordion][\/et_pb_column][et_pb_column type=\u00bb3_5&#8243; _builder_version=\u00bb4.16&#8243; custom_padding=\u00bb|||\u00bb pac_dcm_carousel_specific_module_num=\u00bb0&#8243; global_colors_info=\u00bb{}\u00bb custom_padding__hover=\u00bb|||\u00bb][et_pb_image src=\u00bbhttps:\/\/popfb.org\/wp-content\/uploads\/2023\/06\/WEBSITE-HEADER.png\u00bb title_text=\u00bb_WEBSITE HEADER\u00bb force_fullwidth=\u00bbon\u00bb align_tablet=\u00bbcenter\u00bb align_phone=\u00bbcenter\u00bb align_last_edited=\u00bbon|desktop\u00bb _builder_version=\u00bb4.21.0&#8243; custom_margin=\u00bb0px||0px||true|false\u00bb animation_style=\u00bbfold\u00bb animation_direction=\u00bbright\u00bb animation_intensity_fold=\u00bb20%\u00bb animation=\u00bbfade_in\u00bb global_colors_info=\u00bb{}\u00bb][\/et_pb_image][\/et_pb_column][\/et_pb_row][et_pb_row _builder_version=\u00bb4.22.0&#8243; _module_preset=\u00bbdefault\u00bb custom_padding=\u00bb37px|||||\u00bb global_colors_info=\u00bb{}\u00bb][et_pb_column type=\u00bb4_4&#8243; _builder_version=\u00bb4.22.0&#8243; _module_preset=\u00bbdefault\u00bb pac_dcm_carousel_specific_module_num=\u00bb0&#8243; global_colors_info=\u00bb{}\u00bb][et_pb_video src=\u00bbhttps:\/\/youtu.be\/Nn14TBU4KiQ\u00bb _builder_version=\u00bb4.22.0&#8243; _module_preset=\u00bbdefault\u00bb global_colors_info=\u00bb{}\u00bb][\/et_pb_video][\/et_pb_column][\/et_pb_row][\/et_pb_section][et_pb_section fb_built=\u00bb1&#8243; custom_padding_last_edited=\u00bbon|phone\u00bb admin_label=\u00bbFooter\u00bb _builder_version=\u00bb4.22.0&#8243; _module_preset=\u00bbdefault\u00bb background_color=\u00bbgcid-87ed5ab8-6efc-426e-a45d-455b2e0d08c2&#8243; custom_padding=\u00bb46px||46px||true|false\u00bb custom_padding_tablet=\u00bb44px||44px||true|false\u00bb custom_padding_phone=\u00bb7px||7px||true|false\u00bb saved_tabs=\u00bball\u00bb collapsed=\u00bbon\u00bb global_colors_info=\u00bb{%22gcid-87ed5ab8-6efc-426e-a45d-455b2e0d08c2%22:%91%22background_color%22%93}\u00bb][et_pb_row column_structure=\u00bb2_5,3_5&#8243; make_equal=\u00bbon\u00bb _builder_version=\u00bb4.22.0&#8243; _module_preset=\u00bbdefault\u00bb global_colors_info=\u00bb{}\u00bb][et_pb_column type=\u00bb2_5&#8243; _builder_version=\u00bb4.22.0&#8243; _module_preset=\u00bbdefault\u00bb background_image=\u00bbhttps:\/\/popfb.org\/wp-content\/uploads\/2023\/08\/Mailchimp-images-10.png\u00bb background_last_edited=\u00bbon|desktop\u00bb background_image_tablet=\u00bbhttps:\/\/popfb.org\/wp-content\/uploads\/2023\/08\/Mailchimp-images-9.png\u00bb background_enable_image_tablet=\u00bbon\u00bb pac_dcm_carousel_specific_module_num=\u00bb0&#8243; global_colors_info=\u00bb{}\u00bb][et_pb_divider show_divider=\u00bboff\u00bb _builder_version=\u00bb4.21.0&#8243; _module_preset=\u00bbdefault\u00bb height_tablet=\u00bb64vw\u00bb height_phone=\u00bb64vw\u00bb height_last_edited=\u00bbon|desktop\u00bb locked=\u00bboff\u00bb global_colors_info=\u00bb{}\u00bb][\/et_pb_divider][\/et_pb_column][et_pb_column type=\u00bb3_5&#8243; _builder_version=\u00bb4.21.0&#8243; _module_preset=\u00bbdefault\u00bb custom_padding=\u00bb5vw||5vw||true|false\u00bb custom_padding_tablet=\u00bb0vw||0vw||true|false\u00bb custom_padding_phone=\u00bb\u00bb custom_padding_last_edited=\u00bbon|tablet\u00bb pac_dcm_carousel_specific_module_num=\u00bb0&#8243; global_colors_info=\u00bb{}\u00bb][et_pb_text admin_label=\u00bbDiscover Beatuty Title\u00bb _builder_version=\u00bb4.22.0&#8243; text_font=\u00bb||||\u00bb text_text_color=\u00bb#1a1a1a\u00bb header_font=\u00bbPoppins|600||on|||||\u00bb header_text_align=\u00bbjustify\u00bb header_text_color=\u00bb#FFFFFF\u00bb header_font_size=\u00bb25px\u00bb header_line_height=\u00bb1.3em\u00bb custom_margin=\u00bb||0px||false|false\u00bb animation_style=\u00bbslide\u00bb animation_direction=\u00bb%22fade_in%22&#8243; animation_duration=\u00bb500ms\u00bb animation_intensity_slide=\u00bb10%\u00bb header_font_size_tablet=\u00bb16px\u00bb header_font_size_phone=\u00bb13px\u00bb header_font_size_last_edited=\u00bbon|desktop\u00bb global_colors_info=\u00bb{}\u00bb]<\/p>\n<h1>Padre Celestial,<\/h1>\n<h1>Te agradecemos por todas las bendiciones que has otorgado a nuestra familia parroquial.<\/h1>\n<h1>Que nuestras vidas reflejen Tu fidelidad y sean testigo de Tu amor inagotable. Gu\u00edanos en nuestro trabajo, que todo lo que hagamos sea para Tu gloria. <\/h1>\n<h1>Env\u00eda tu Esp\u00edritu Santo sobre nosotros y abre nuestros corazones para responder generosamente a tu llamado. Mantennos siempre conscientes de la misi\u00f3n y el prop\u00f3sito de nuestra parroquia. Al comenzar esta nueva campa\u00f1a, ay\u00fadanos a hacer que nuestro espacio sea a\u00fan m\u00e1s acogedor para todos los que entran por nuestras puertas.  <\/h1>\n<h1>Venimos a Ti \u00abSiempre Caminando en la Fe\u201d por nuestro Se\u00f1or Jesucristo, Tu Hijo, nuestro Pr\u00edncipe de Paz.<\/h1>\n<h1>Am\u00e9n<\/h1>\n<p>[\/et_pb_text][\/et_pb_column][\/et_pb_row][\/et_pb_section][et_pb_section fb_built=\u00bb1&#8243; module_id=\u00bbfaq\u00bb _builder_version=\u00bb4.22.1&#8243; _module_preset=\u00bbdefault\u00bb global_colors_info=\u00bb{}\u00bb][et_pb_row _builder_version=\u00bb4.21.0&#8243; _module_preset=\u00bbdefault\u00bb custom_padding=\u00bb||13px|||\u00bb global_colors_info=\u00bb{}\u00bb][et_pb_column type=\u00bb4_4&#8243; _builder_version=\u00bb4.21.0&#8243; _module_preset=\u00bbdefault\u00bb pac_dcm_carousel_specific_module_num=\u00bb0&#8243; global_colors_info=\u00bb{}\u00bb][et_pb_text admin_label=\u00bbDiscover Beatuty Title\u00bb _builder_version=\u00bb4.22.1&#8243; text_font=\u00bb||||\u00bb text_text_color=\u00bb#1a1a1a\u00bb header_font=\u00bbPoppins|700||on|||||\u00bb header_text_align=\u00bbcenter\u00bb header_font_size=\u00bb45px\u00bb header_letter_spacing=\u00bb-1px\u00bb header_line_height=\u00bb1.3em\u00bb text_orientation=\u00bbcenter\u00bb custom_margin=\u00bb||-7px||false|false\u00bb custom_margin_tablet=\u00bb||-7px||false|false\u00bb custom_margin_phone=\u00bb||-7px||false|false\u00bb custom_margin_last_edited=\u00bbon|phone\u00bb custom_padding=\u00bb||0px||false|false\u00bb animation_style=\u00bbslide\u00bb animation_direction=\u00bb%22fade_in%22&#8243; animation_duration=\u00bb500ms\u00bb animation_intensity_slide=\u00bb10%\u00bb header_font_size_tablet=\u00bb38px\u00bb header_font_size_phone=\u00bb28px\u00bb header_font_size_last_edited=\u00bbon|desktop\u00bb header_letter_spacing_tablet=\u00bb-1px\u00bb header_letter_spacing_phone=\u00bb-1px\u00bb header_letter_spacing_last_edited=\u00bbon|phone\u00bb global_colors_info=\u00bb{}\u00bb]<\/p>\n<h1>Preguntas Frecuentes<\/h1>\n<p>[\/et_pb_text][et_pb_divider color=\u00bbgcid-2d85d98c-8894-4b4b-81e4-d5afeda04c08&#8243; divider_position=\u00bbcenter\u00bb divider_weight=\u00bb3px\u00bb disabled_on=\u00bboff|off|off\u00bb _builder_version=\u00bb4.22.1&#8243; max_width=\u00bb153px\u00bb module_alignment=\u00bbcenter\u00bb height=\u00bbfalse\u00bb custom_margin=\u00bb||12px||false|false\u00bb custom_margin_tablet=\u00bb||11px||false|false\u00bb custom_margin_phone=\u00bb||10px||false|false\u00bb custom_margin_last_edited=\u00bbon|phone\u00bb animation_style=\u00bbslide\u00bb animation_direction=\u00bbtop\u00bb animation_delay=\u00bb200ms\u00bb animation_intensity_slide=\u00bb10%\u00bb global_colors_info=\u00bb{%22gcid-2d85d98c-8894-4b4b-81e4-d5afeda04c08%22:%91%22color%22%93}\u00bb][\/et_pb_divider][\/et_pb_column][\/et_pb_row][et_pb_row _builder_version=\u00bb4.22.1&#8243; _module_preset=\u00bbdefault\u00bb global_colors_info=\u00bb{}\u00bb][et_pb_column type=\u00bb4_4&#8243; _builder_version=\u00bb4.22.1&#8243; _module_preset=\u00bbdefault\u00bb pac_dcm_carousel_specific_module_num=\u00bb0&#8243; global_colors_info=\u00bb{}\u00bb][dsm_faq dsm_close_bg_color=\u00bbgcid-87ed5ab8-6efc-426e-a45d-455b2e0d08c2&#8243; dsm_open_font_icon=\u00bb&#x74;||divi||400&#8243; dsm_close_font_icon=\u00bb&#xe064;||divi||400&#8243; dsm_close_icon_color=\u00bbgcid-2d85d98c-8894-4b4b-81e4-d5afeda04c08&#8243; _builder_version=\u00bb4.22.1&#8243; _module_preset=\u00bbdefault\u00bb header_font=\u00bbPoppins||||||||\u00bb header_font_size=\u00bb19px\u00bb closed_header_font=\u00bbPoppins||||||||\u00bb closed_header_text_color=\u00bb#FFFFFF\u00bb closed_header_font_size=\u00bb19px\u00bb content_font=\u00bbPoppins||||||||\u00bb content_font_size=\u00bb19px\u00bb content_line_height=\u00bb1.2em\u00bb header_font_size_tablet=\u00bb18px\u00bb header_font_size_phone=\u00bb16px\u00bb header_font_size_last_edited=\u00bbon|desktop\u00bb content_font_size_tablet=\u00bb18px\u00bb content_font_size_phone=\u00bb16px\u00bb content_font_size_last_edited=\u00bbon|phone\u00bb content_line_height_tablet=\u00bb1.2em\u00bb content_line_height_phone=\u00bb1.2em\u00bb content_line_height_last_edited=\u00bbon|desktop\u00bb global_colors_info=\u00bb{%22gcid-87ed5ab8-6efc-426e-a45d-455b2e0d08c2%22:%91%22dsm_close_bg_color%22%93,%22gcid-2d85d98c-8894-4b4b-81e4-d5afeda04c08%22:%91%22dsm_close_icon_color%22%93}\u00bb][\/dsm_faq][\/et_pb_column][\/et_pb_row][\/et_pb_section]<\/p>\n","protected":false},"excerpt":{"rendered":"<p>Gracias a la generosidad de m\u00e1s de 700 familias hemos superado nuestra meta de $2,000,000 y la construcci\u00f3n a comenzado! &nbsp; Debido a la construcci\u00f3n en el campus de nuestra iglesia, es posible que ahora note cambios significativos en el flujo de tr\u00e1fico en nuestro estacionamiento. Para la seguridad de todos y para minimizar el tr\u00e1fico, por favor mant\u00e9ngase alerta y siga las nuevas se\u00f1ales direccionales. &nbsp; Gracias por ser parte de nuestra Campa\u00f1a Capital 2023, \u00a1SIEMPRE ADELANTE EN LA FE!ProyectosAhora que el trabajo del condado de Hall en las carreteras de Spout Springs Road y Elizabeth Lane se ha completado. Hay tres proyectos que esperamos emprender con su generosa ayuda. Son las siguientes:Conexi\u00f3n de alcantarillado | Conexi\u00f3n al sistema de alcantarillado existente del condado que no estaba disponible hace 18 a\u00f1os cuando la parroquia se traslad\u00f3 de Buford a nuestro nuevo campus en Flowery Branch. El nuevo campus ha utilizado un sistema s\u00e9ptico durante estos 18 a\u00f1os. El sistema ha tenido varias reparaciones costosas en los \u00faltimos a\u00f1os. Se requerir\u00e1 un reemplazo completo si no se retira pronto. agregar una nueva entrada a nuestro campus en la nueva desviaci\u00f3n de Elizabeth Lane. Durante el reciente proyecto de carretera, Elizabeth [&hellip;]<\/p>\n","protected":false},"author":1,"featured_media":0,"parent":0,"menu_order":0,"comment_status":"closed","ping_status":"closed","template":"","meta":{"_et_pb_use_builder":"on","_et_pb_old_content":"","_et_gb_content_width":"","footnotes":""},"class_list":["post-7338","page","type-page","status-publish","hentry"],"publishpress_future_action":{"enabled":false,"date":"2026-04-23 19:44:52","action":"change-status","newStatus":"draft","terms":[],"taxonomy":"translation_priority","extraData":[]},"publishpress_future_workflow_manual_trigger":{"enabledWorkflows":[]},"_links":{"self":[{"href":"https:\/\/popfb.org\/es\/wp-json\/wp\/v2\/pages\/7338","targetHints":{"allow":["GET"]}}],"collection":[{"href":"https:\/\/popfb.org\/es\/wp-json\/wp\/v2\/pages"}],"about":[{"href":"https:\/\/popfb.org\/es\/wp-json\/wp\/v2\/types\/page"}],"author":[{"embeddable":true,"href":"https:\/\/popfb.org\/es\/wp-json\/wp\/v2\/users\/1"}],"replies":[{"embeddable":true,"href":"https:\/\/popfb.org\/es\/wp-json\/wp\/v2\/comments?post=7338"}],"version-history":[{"count":0,"href":"https:\/\/popfb.org\/es\/wp-json\/wp\/v2\/pages\/7338\/revisions"}],"wp:attachment":[{"href":"https:\/\/popfb.org\/es\/wp-json\/wp\/v2\/media?parent=7338"}],"curies":[{"name":"wp","href":"https:\/\/api.w.org\/{rel}","templated":true}]}}