{"id":6173,"date":"2023-04-26T10:36:20","date_gmt":"2023-04-26T14:36:20","guid":{"rendered":"https:\/\/popfb.org\/sacraments-and-faith-formation-registrations\/"},"modified":"2024-04-09T12:16:41","modified_gmt":"2024-04-09T16:16:41","slug":"spff","status":"publish","type":"page","link":"https:\/\/popfb.org\/es\/spff\/","title":{"rendered":"Inscripciones par la Preparaci\u00f3n Sacramental y la Formaci\u00f3n de Fe"},"content":{"rendered":"<p>[et_pb_section fb_built=\u00bb1&#8243; admin_label=\u00bbHeader\u00bb _builder_version=\u00bb4.20.4&#8243; background_color=\u00bbgcid-87ed5ab8-6efc-426e-a45d-455b2e0d08c2&#8243; use_background_color_gradient=\u00bbon\u00bb background_color_gradient_type=\u00bbcircular\u00bb background_color_gradient_direction_radial=\u00bbtop right\u00bb background_color_gradient_stops=\u00bbgcid-87ed5ab8-6efc-426e-a45d-455b2e0d08c2 0%|gcid-87ed5ab8-6efc-426e-a45d-455b2e0d08c2 44%\u00bb background_color_gradient_start=\u00bb#2b3ea0&#8243; background_color_gradient_end=\u00bb#1a1844&#8243; background_color_gradient_end_position=\u00bb45%\u00bb background_image=\u00bbhttps:\/\/popfb.org\/wp-content\/uploads\/2023\/04\/podcast-01.png\u00bb parallax=\u00bbon\u00bb custom_padding=\u00bb6vw||0||false|false\u00bb global_colors_info=\u00bb{%22gcid-87ed5ab8-6efc-426e-a45d-455b2e0d08c2%22:%91%22background_color%22,%22background_color_gradient_stops%22%93,%22gcid-0e13efe4-be51-4746-9f8f-2a93f4626efd%22:%91%22background_color_gradient_stops%22%93}\u00bb background_size__hover=\u00bbcover\u00bb background_size__hover_enabled=\u00bbcover\u00bb][et_pb_row custom_padding_last_edited=\u00bbon|phone\u00bb _builder_version=\u00bb4.24.3&#8243; use_background_color_gradient=\u00bbon\u00bb background_color_gradient_stops=\u00bbrgba(26,24,68,0) 0%|gcid-87ed5ab8-6efc-426e-a45d-455b2e0d08c2 100%\u00bb background_color_gradient_overlays_image=\u00bbon\u00bb background_color_gradient_start=\u00bbrgba(26,24,68,0)\u00bb background_color_gradient_end=\u00bb#1a1844&#8243; background_enable_image=\u00bboff\u00bb background_position=\u00bbtop_center\u00bb width=\u00bb100%\u00bb max_width=\u00bb100%\u00bb custom_padding=\u00bb44px|10%|71px|10%||true\u00bb custom_padding_tablet=\u00bb56px||||false|true\u00bb custom_padding_phone=\u00bb73px||||false|true\u00bb animation_style=\u00bbslide\u00bb animation_direction=\u00bbbottom\u00bb animation_intensity_slide=\u00bb1%\u00bb use_custom_width=\u00bbon\u00bb width_unit=\u00bboff\u00bb custom_width_percent=\u00bb100%\u00bb global_colors_info=\u00bb{%22gcid-87ed5ab8-6efc-426e-a45d-455b2e0d08c2%22:%91%22background_color_gradient_stops%22%93}\u00bb][et_pb_column type=\u00bb4_4&#8243; _builder_version=\u00bb4.16&#8243; custom_padding=\u00bb|||\u00bb pac_dcm_carousel_specific_module_num=\u00bb0&#8243; global_colors_info=\u00bb{}\u00bb custom_padding__hover=\u00bb|||\u00bb][et_pb_text _builder_version=\u00bb4.24.3&#8243; text_font=\u00bb||||||||\u00bb text_font_size=\u00bb20px\u00bb text_line_height=\u00bb1.8em\u00bb header_font=\u00bbPoppins|700|||||||\u00bb header_font_size=\u00bb50px\u00bb header_letter_spacing=\u00bb1px\u00bb header_line_height=\u00bb1.2em\u00bb header_4_font=\u00bbPoppins|300||on|||||\u00bb header_4_font_size=\u00bb22px\u00bb header_4_letter_spacing=\u00bb4px\u00bb header_4_line_height=\u00bb1.6em\u00bb text_orientation=\u00bbcenter\u00bb background_layout=\u00bbdark\u00bb max_width=\u00bb800px\u00bb module_alignment=\u00bbcenter\u00bb custom_margin=\u00bb||42px||false|false\u00bb custom_margin_tablet=\u00bb||37px||false|false\u00bb custom_margin_phone=\u00bb||32px||false|false\u00bb custom_margin_last_edited=\u00bbon|phone\u00bb text_font_size_tablet=\u00bb\u00bb text_font_size_phone=\u00bb14px\u00bb text_font_size_last_edited=\u00bbon|desktop\u00bb header_font_size_tablet=\u00bb40px\u00bb header_font_size_phone=\u00bb30px\u00bb header_font_size_last_edited=\u00bbon|phone\u00bb header_4_font_size_tablet=\u00bb22px\u00bb header_4_font_size_phone=\u00bb14px\u00bb header_4_font_size_last_edited=\u00bbon|phone\u00bb global_colors_info=\u00bb{}\u00bb]<\/p>\n<h4>\u00a1Inscr\u00edbase!<\/h4>\n<h1>Preparaci\u00f3n Sacramental y<br \/>Formaci\u00f3n de Fe<\/h1>\n<p>Para inscribirse o para obtener m\u00e1s informaci\u00f3n, por favor haga clic en cada de Sacramento o programa de Formaci\u00f3n de Fe.<\/p>\n<p>[\/et_pb_text][et_pb_divider color=\u00bb#FFFFFF\u00bb divider_weight=\u00bb2px\u00bb _builder_version=\u00bb4.20.4&#8243; max_width=\u00bb88%\u00bb module_alignment=\u00bbcenter\u00bb global_colors_info=\u00bb{}\u00bb][\/et_pb_divider][et_pb_text _builder_version=\u00bb4.24.3&#8243; text_font=\u00bb||||||||\u00bb header_font=\u00bb||||||||\u00bb header_2_font=\u00bbLato|700|||||||\u00bb header_2_font_size=\u00bb45px\u00bb header_2_line_height=\u00bb1.2em\u00bb text_orientation=\u00bbcenter\u00bb background_layout=\u00bbdark\u00bb header_2_font_size_tablet=\u00bb39px\u00bb header_2_font_size_phone=\u00bb32px\u00bb header_2_font_size_last_edited=\u00bbon|desktop\u00bb global_colors_info=\u00bb{}\u00bb]<\/p>\n<h2>Ni\u00f1os<\/h2>\n<p>[\/et_pb_text][et_pb_button button_url=\u00bbhttps:\/\/popfb.org\/es\/children\/\u00bb button_text=\u00bbPOP FAMILIES (K-5)\u00bb button_alignment=\u00bbcenter\u00bb _builder_version=\u00bb4.24.3&#8243; custom_button=\u00bbon\u00bb button_text_size=\u00bb14px\u00bb button_text_color=\u00bbgcid-87ed5ab8-6efc-426e-a45d-455b2e0d08c2&#8243; button_bg_color=\u00bbgcid-2d85d98c-8894-4b4b-81e4-d5afeda04c08&#8243; button_border_color=\u00bbrgba(0,0,0,0)\u00bb button_letter_spacing=\u00bb4px\u00bb button_font=\u00bbRaleway|700||on|||||\u00bb background_layout=\u00bbdark\u00bb custom_padding=\u00bb18px|200px|18px|200px|true|true\u00bb custom_padding_tablet=\u00bb\u00bb custom_padding_phone=\u00bb|50px||50px||true\u00bb custom_padding_last_edited=\u00bbon|phone\u00bb global_colors_info=\u00bb{%22gcid-2d85d98c-8894-4b4b-81e4-d5afeda04c08%22:%91%22button_bg_color%22%93,%22gcid-87ed5ab8-6efc-426e-a45d-455b2e0d08c2%22:%91%22button_text_color%22%93,%22gcid-0e13efe4-be51-4746-9f8f-2a93f4626efd%22:%91%22button_bg_color%22%93}\u00bb button_text_size__hover_enabled=\u00bboff\u00bb button_one_text_size__hover_enabled=\u00bboff\u00bb button_two_text_size__hover_enabled=\u00bboff\u00bb button_text_color__hover_enabled=\u00bboff\u00bb button_one_text_color__hover_enabled=\u00bboff\u00bb button_two_text_color__hover_enabled=\u00bboff\u00bb button_border_width__hover_enabled=\u00bboff\u00bb button_one_border_width__hover_enabled=\u00bboff\u00bb button_two_border_width__hover_enabled=\u00bboff\u00bb button_border_color__hover_enabled=\u00bboff\u00bb button_one_border_color__hover_enabled=\u00bboff\u00bb button_two_border_color__hover_enabled=\u00bboff\u00bb button_border_radius__hover_enabled=\u00bboff\u00bb button_one_border_radius__hover_enabled=\u00bboff\u00bb button_two_border_radius__hover_enabled=\u00bboff\u00bb button_letter_spacing__hover_enabled=\u00bboff\u00bb button_one_letter_spacing__hover_enabled=\u00bboff\u00bb button_two_letter_spacing__hover_enabled=\u00bboff\u00bb button_bg_color__hover_enabled=\u00bboff\u00bb button_one_bg_color__hover_enabled=\u00bboff\u00bb button_two_bg_color__hover_enabled=\u00bboff\u00bb][\/et_pb_button][et_pb_button button_url=\u00bbhttps:\/\/popfb.org\/es\/eucharist-children\/\u00bb button_text=\u00bb Primera Eucarist\u00eda (Grados 2-5)\u00bb button_alignment=\u00bbcenter\u00bb _builder_version=\u00bb4.20.4&#8243; custom_button=\u00bbon\u00bb button_text_size=\u00bb14px\u00bb button_text_color=\u00bbgcid-87ed5ab8-6efc-426e-a45d-455b2e0d08c2&#8243; button_bg_color=\u00bbgcid-2d85d98c-8894-4b4b-81e4-d5afeda04c08&#8243; button_border_color=\u00bbrgba(0,0,0,0)\u00bb button_letter_spacing=\u00bb4px\u00bb button_font=\u00bbRaleway|700||on|||||\u00bb background_layout=\u00bbdark\u00bb custom_padding=\u00bb18px|200px|18px|200px|true|true\u00bb custom_padding_tablet=\u00bb\u00bb custom_padding_phone=\u00bb|50px||50px||true\u00bb custom_padding_last_edited=\u00bbon|phone\u00bb global_colors_info=\u00bb{%22gcid-2d85d98c-8894-4b4b-81e4-d5afeda04c08%22:%91%22button_bg_color%22%93,%22gcid-87ed5ab8-6efc-426e-a45d-455b2e0d08c2%22:%91%22button_text_color%22%93}\u00bb button_text_size__hover_enabled=\u00bboff\u00bb button_one_text_size__hover_enabled=\u00bboff\u00bb button_two_text_size__hover_enabled=\u00bboff\u00bb button_text_color__hover_enabled=\u00bboff\u00bb button_one_text_color__hover_enabled=\u00bboff\u00bb button_two_text_color__hover_enabled=\u00bboff\u00bb button_border_width__hover_enabled=\u00bboff\u00bb button_one_border_width__hover_enabled=\u00bboff\u00bb button_two_border_width__hover_enabled=\u00bboff\u00bb button_border_color__hover_enabled=\u00bboff\u00bb button_one_border_color__hover_enabled=\u00bboff\u00bb button_two_border_color__hover_enabled=\u00bboff\u00bb button_border_radius__hover_enabled=\u00bboff\u00bb button_one_border_radius__hover_enabled=\u00bboff\u00bb button_two_border_radius__hover_enabled=\u00bboff\u00bb button_letter_spacing__hover_enabled=\u00bboff\u00bb button_one_letter_spacing__hover_enabled=\u00bboff\u00bb button_two_letter_spacing__hover_enabled=\u00bboff\u00bb button_bg_color__hover_enabled=\u00bboff\u00bb button_one_bg_color__hover_enabled=\u00bboff\u00bb button_two_bg_color__hover_enabled=\u00bboff\u00bb][\/et_pb_button][et_pb_text _builder_version=\u00bb4.24.3&#8243; text_font=\u00bb||||||||\u00bb header_font=\u00bb||||||||\u00bb header_2_font=\u00bbLato|700|||||||\u00bb header_2_font_size=\u00bb45px\u00bb header_2_line_height=\u00bb1.2em\u00bb text_orientation=\u00bbcenter\u00bb background_layout=\u00bbdark\u00bb custom_padding=\u00bb33px|||||\u00bb header_2_font_size_tablet=\u00bb39px\u00bb header_2_font_size_phone=\u00bb32px\u00bb header_2_font_size_last_edited=\u00bbon|desktop\u00bb global_colors_info=\u00bb{}\u00bb]<\/p>\n<h2>J\u00f3venes<\/h2>\n<p>[\/et_pb_text][et_pb_button button_url=\u00bbhttps:\/\/popfb.org\/es\/youth\/\u00bb button_text=\u00bbMINISTERIO JUVENIL (GRADOS 6-12)\u00bb button_alignment=\u00bbcenter\u00bb _builder_version=\u00bb4.24.3&#8243; custom_button=\u00bbon\u00bb button_text_size=\u00bb14px\u00bb button_text_color=\u00bbgcid-87ed5ab8-6efc-426e-a45d-455b2e0d08c2&#8243; button_bg_color=\u00bbgcid-2d85d98c-8894-4b4b-81e4-d5afeda04c08&#8243; button_border_color=\u00bbrgba(0,0,0,0)\u00bb button_letter_spacing=\u00bb4px\u00bb button_font=\u00bbRaleway|700||on|||||\u00bb background_layout=\u00bbdark\u00bb custom_padding=\u00bb18px|200px|18px|200px|true|true\u00bb custom_padding_tablet=\u00bb\u00bb custom_padding_phone=\u00bb|50px||50px||true\u00bb custom_padding_last_edited=\u00bbon|phone\u00bb hover_enabled=\u00bb0&#8243; global_colors_info=\u00bb{%22gcid-2d85d98c-8894-4b4b-81e4-d5afeda04c08%22:%91%22button_bg_color%22%93,%22gcid-87ed5ab8-6efc-426e-a45d-455b2e0d08c2%22:%91%22button_text_color%22%93,%22gcid-0e13efe4-be51-4746-9f8f-2a93f4626efd%22:%91%22button_bg_color%22%93}\u00bb button_text_size__hover_enabled=\u00bboff\u00bb button_one_text_size__hover_enabled=\u00bboff\u00bb button_two_text_size__hover_enabled=\u00bboff\u00bb button_text_color__hover_enabled=\u00bboff\u00bb button_one_text_color__hover_enabled=\u00bboff\u00bb button_two_text_color__hover_enabled=\u00bboff\u00bb button_border_width__hover_enabled=\u00bboff\u00bb button_one_border_width__hover_enabled=\u00bboff\u00bb button_two_border_width__hover_enabled=\u00bboff\u00bb button_border_color__hover_enabled=\u00bboff\u00bb button_one_border_color__hover_enabled=\u00bboff\u00bb button_two_border_color__hover_enabled=\u00bboff\u00bb button_border_radius__hover_enabled=\u00bboff\u00bb button_one_border_radius__hover_enabled=\u00bboff\u00bb button_two_border_radius__hover_enabled=\u00bboff\u00bb button_letter_spacing__hover_enabled=\u00bboff\u00bb button_one_letter_spacing__hover_enabled=\u00bboff\u00bb button_two_letter_spacing__hover_enabled=\u00bboff\u00bb button_bg_color__hover_enabled=\u00bboff\u00bb button_one_bg_color__hover_enabled=\u00bboff\u00bb button_two_bg_color__hover_enabled=\u00bboff\u00bb sticky_enabled=\u00bb0&#8243;][\/et_pb_button][et_pb_button button_url=\u00bbhttps:\/\/popfb.org\/es\/eucharist-youth\/\u00bb button_text=\u00bbPrimera Eucarist\u00eda para J\u00f3venes (GRADOS 6-12)\u00bb button_alignment=\u00bbcenter\u00bb _builder_version=\u00bb4.24.3&#8243; custom_button=\u00bbon\u00bb button_text_size=\u00bb14px\u00bb button_text_color=\u00bbgcid-87ed5ab8-6efc-426e-a45d-455b2e0d08c2&#8243; button_bg_color=\u00bbgcid-2d85d98c-8894-4b4b-81e4-d5afeda04c08&#8243; button_border_color=\u00bbrgba(0,0,0,0)\u00bb button_letter_spacing=\u00bb4px\u00bb button_font=\u00bbRaleway|700||on|||||\u00bb background_layout=\u00bbdark\u00bb custom_padding=\u00bb18px|200px|18px|200px|true|true\u00bb custom_padding_tablet=\u00bb\u00bb custom_padding_phone=\u00bb|50px||50px||true\u00bb custom_padding_last_edited=\u00bbon|phone\u00bb global_colors_info=\u00bb{%22gcid-2d85d98c-8894-4b4b-81e4-d5afeda04c08%22:%91%22button_bg_color%22%93,%22gcid-87ed5ab8-6efc-426e-a45d-455b2e0d08c2%22:%91%22button_text_color%22%93}\u00bb button_text_size__hover_enabled=\u00bboff\u00bb button_one_text_size__hover_enabled=\u00bboff\u00bb button_two_text_size__hover_enabled=\u00bboff\u00bb button_text_color__hover_enabled=\u00bboff\u00bb button_one_text_color__hover_enabled=\u00bboff\u00bb button_two_text_color__hover_enabled=\u00bboff\u00bb button_border_width__hover_enabled=\u00bboff\u00bb button_one_border_width__hover_enabled=\u00bboff\u00bb button_two_border_width__hover_enabled=\u00bboff\u00bb button_border_color__hover_enabled=\u00bboff\u00bb button_one_border_color__hover_enabled=\u00bboff\u00bb button_two_border_color__hover_enabled=\u00bboff\u00bb button_border_radius__hover_enabled=\u00bboff\u00bb button_one_border_radius__hover_enabled=\u00bboff\u00bb button_two_border_radius__hover_enabled=\u00bboff\u00bb button_letter_spacing__hover_enabled=\u00bboff\u00bb button_one_letter_spacing__hover_enabled=\u00bboff\u00bb button_two_letter_spacing__hover_enabled=\u00bboff\u00bb button_bg_color__hover_enabled=\u00bboff\u00bb button_one_bg_color__hover_enabled=\u00bboff\u00bb button_two_bg_color__hover_enabled=\u00bboff\u00bb][\/et_pb_button][et_pb_button button_url=\u00bbhttps:\/\/popfb.org\/es\/baptism-teens\/\u00bb button_text=\u00bbBautismo para J\u00f3venes (GRADOS 6-12)\u00bb button_alignment=\u00bbcenter\u00bb _builder_version=\u00bb4.24.3&#8243; custom_button=\u00bbon\u00bb button_text_size=\u00bb14px\u00bb button_text_color=\u00bbgcid-87ed5ab8-6efc-426e-a45d-455b2e0d08c2&#8243; button_bg_color=\u00bbgcid-2d85d98c-8894-4b4b-81e4-d5afeda04c08&#8243; button_border_color=\u00bbrgba(0,0,0,0)\u00bb button_letter_spacing=\u00bb4px\u00bb button_font=\u00bbRaleway|700||on|||||\u00bb background_layout=\u00bbdark\u00bb custom_padding=\u00bb18px|200px|18px|200px|true|true\u00bb custom_padding_tablet=\u00bb\u00bb custom_padding_phone=\u00bb|50px||50px||true\u00bb custom_padding_last_edited=\u00bbon|phone\u00bb global_colors_info=\u00bb{%22gcid-2d85d98c-8894-4b4b-81e4-d5afeda04c08%22:%91%22button_bg_color%22%93,%22gcid-87ed5ab8-6efc-426e-a45d-455b2e0d08c2%22:%91%22button_text_color%22%93}\u00bb button_text_size__hover_enabled=\u00bboff\u00bb button_one_text_size__hover_enabled=\u00bboff\u00bb button_two_text_size__hover_enabled=\u00bboff\u00bb button_text_color__hover_enabled=\u00bboff\u00bb button_one_text_color__hover_enabled=\u00bboff\u00bb button_two_text_color__hover_enabled=\u00bboff\u00bb button_border_width__hover_enabled=\u00bboff\u00bb button_one_border_width__hover_enabled=\u00bboff\u00bb button_two_border_width__hover_enabled=\u00bboff\u00bb button_border_color__hover_enabled=\u00bboff\u00bb button_one_border_color__hover_enabled=\u00bboff\u00bb button_two_border_color__hover_enabled=\u00bboff\u00bb button_border_radius__hover_enabled=\u00bboff\u00bb button_one_border_radius__hover_enabled=\u00bboff\u00bb button_two_border_radius__hover_enabled=\u00bboff\u00bb button_letter_spacing__hover_enabled=\u00bboff\u00bb button_one_letter_spacing__hover_enabled=\u00bboff\u00bb button_two_letter_spacing__hover_enabled=\u00bboff\u00bb button_bg_color__hover_enabled=\u00bboff\u00bb button_one_bg_color__hover_enabled=\u00bboff\u00bb button_two_bg_color__hover_enabled=\u00bboff\u00bb][\/et_pb_button][et_pb_button button_url=\u00bbhttps:\/\/popfb.org\/es\/confirmation-youth\/\u00bb button_text=\u00bbCONFIRMACI\u00d3N para J\u00f3venes (GRADOS 10-12)\u00bb button_alignment=\u00bbcenter\u00bb _builder_version=\u00bb4.24.3&#8243; custom_button=\u00bbon\u00bb button_text_size=\u00bb14px\u00bb button_text_color=\u00bbgcid-87ed5ab8-6efc-426e-a45d-455b2e0d08c2&#8243; button_bg_color=\u00bbgcid-2d85d98c-8894-4b4b-81e4-d5afeda04c08&#8243; button_border_color=\u00bbrgba(0,0,0,0)\u00bb button_letter_spacing=\u00bb4px\u00bb button_font=\u00bbRaleway|700||on|||||\u00bb background_layout=\u00bbdark\u00bb custom_padding=\u00bb18px|200px|18px|200px|true|true\u00bb custom_padding_tablet=\u00bb\u00bb custom_padding_phone=\u00bb|50px||50px||true\u00bb custom_padding_last_edited=\u00bbon|phone\u00bb global_colors_info=\u00bb{%22gcid-2d85d98c-8894-4b4b-81e4-d5afeda04c08%22:%91%22button_bg_color%22%93,%22gcid-87ed5ab8-6efc-426e-a45d-455b2e0d08c2%22:%91%22button_text_color%22%93}\u00bb button_text_size__hover_enabled=\u00bboff\u00bb button_one_text_size__hover_enabled=\u00bboff\u00bb button_two_text_size__hover_enabled=\u00bboff\u00bb button_text_color__hover_enabled=\u00bboff\u00bb button_one_text_color__hover_enabled=\u00bboff\u00bb button_two_text_color__hover_enabled=\u00bboff\u00bb button_border_width__hover_enabled=\u00bboff\u00bb button_one_border_width__hover_enabled=\u00bboff\u00bb button_two_border_width__hover_enabled=\u00bboff\u00bb button_border_color__hover_enabled=\u00bboff\u00bb button_one_border_color__hover_enabled=\u00bboff\u00bb button_two_border_color__hover_enabled=\u00bboff\u00bb button_border_radius__hover_enabled=\u00bboff\u00bb button_one_border_radius__hover_enabled=\u00bboff\u00bb button_two_border_radius__hover_enabled=\u00bboff\u00bb button_letter_spacing__hover_enabled=\u00bboff\u00bb button_one_letter_spacing__hover_enabled=\u00bboff\u00bb button_two_letter_spacing__hover_enabled=\u00bboff\u00bb button_bg_color__hover_enabled=\u00bboff\u00bb button_one_bg_color__hover_enabled=\u00bboff\u00bb button_two_bg_color__hover_enabled=\u00bboff\u00bb][\/et_pb_button][\/et_pb_column][\/et_pb_row][\/et_pb_section]<\/p>\n","protected":false},"excerpt":{"rendered":"<p>\u00a1Inscr\u00edbase! Preparaci\u00f3n Sacramental yFormaci\u00f3n de Fe Para inscribirse o para obtener m\u00e1s informaci\u00f3n, por favor haga clic en cada de Sacramento o programa de Formaci\u00f3n de Fe.Ni\u00f1osJ\u00f3venes<\/p>\n","protected":false},"author":1,"featured_media":0,"parent":0,"menu_order":0,"comment_status":"closed","ping_status":"closed","template":"","meta":{"_et_pb_use_builder":"on","_et_pb_old_content":"","_et_gb_content_width":"","footnotes":""},"class_list":["post-6173","page","type-page","status-publish","hentry"],"publishpress_future_action":{"enabled":false,"date":"2026-04-17 12:08:37","action":"change-status","newStatus":"draft","terms":[],"taxonomy":"translation_priority","extraData":[]},"publishpress_future_workflow_manual_trigger":{"enabledWorkflows":[]},"_links":{"self":[{"href":"https:\/\/popfb.org\/es\/wp-json\/wp\/v2\/pages\/6173","targetHints":{"allow":["GET"]}}],"collection":[{"href":"https:\/\/popfb.org\/es\/wp-json\/wp\/v2\/pages"}],"about":[{"href":"https:\/\/popfb.org\/es\/wp-json\/wp\/v2\/types\/page"}],"author":[{"embeddable":true,"href":"https:\/\/popfb.org\/es\/wp-json\/wp\/v2\/users\/1"}],"replies":[{"embeddable":true,"href":"https:\/\/popfb.org\/es\/wp-json\/wp\/v2\/comments?post=6173"}],"version-history":[{"count":0,"href":"https:\/\/popfb.org\/es\/wp-json\/wp\/v2\/pages\/6173\/revisions"}],"wp:attachment":[{"href":"https:\/\/popfb.org\/es\/wp-json\/wp\/v2\/media?parent=6173"}],"curies":[{"name":"wp","href":"https:\/\/api.w.org\/{rel}","templated":true}]}}