{"id":4780,"date":"2022-12-15T09:04:37","date_gmt":"2022-12-15T14:04:37","guid":{"rendered":"https:\/\/popfb.org\/oportunidades-de-trabajo\/"},"modified":"2025-04-29T14:42:57","modified_gmt":"2025-04-29T18:42:57","slug":"jobs","status":"publish","type":"page","link":"https:\/\/popfb.org\/es\/jobs\/","title":{"rendered":"Oportunidades de Trabajo"},"content":{"rendered":"<p>[et_pb_section fb_built=\u00bb1&#8243; custom_padding_last_edited=\u00bbon|phone\u00bb admin_label=\u00bbHeader\u00bb _builder_version=\u00bb4.19.3&#8243; _module_preset=\u00bbdefault\u00bb background_color=\u00bbgcid-e5e47143-da0e-414b-9c67-0bab02ed23d0&#8243; background_image=\u00bbhttps:\/\/popfb.org\/wp-content\/uploads\/2022\/12\/Untitled-design.png\u00bb background_blend=\u00bboverlay\u00bb custom_padding=\u00bb132px||132px||true|false\u00bb custom_padding_tablet=\u00bb150px||150px||true|false\u00bb custom_padding_phone=\u00bb80px||80px||true|false\u00bb locked=\u00bboff\u00bb global_colors_info=\u00bb{%22gcid-e5e47143-da0e-414b-9c67-0bab02ed23d0%22:%91%22background_color%22%93}\u00bb][et_pb_row _builder_version=\u00bb4.16&#8243; _module_preset=\u00bbdefault\u00bb global_colors_info=\u00bb{}\u00bb][et_pb_column type=\u00bb4_4&#8243; _builder_version=\u00bb4.16&#8243; _module_preset=\u00bbdefault\u00bb pac_dcm_carousel_specific_module_num=\u00bb0&#8243; global_colors_info=\u00bb{}\u00bb][et_pb_text _builder_version=\u00bb4.19.3&#8243; _module_preset=\u00bbd72c0383-6487-4f2c-ac5c-7d48a6376757&#8243; header_font=\u00bbPoppins|700|||||||\u00bb header_text_color=\u00bb#F6EFE7&#8243; header_font_size=\u00bb100px\u00bb header_line_height=\u00bb1.1em\u00bb text_orientation=\u00bbcenter\u00bb background_layout=\u00bbdark\u00bb header_font_size_tablet=\u00bb75px\u00bb header_font_size_phone=\u00bb42px\u00bb header_font_size_last_edited=\u00bbon|desktop\u00bb header_text_shadow_style=\u00bbpreset2&#8243; header_text_shadow_horizontal_length=\u00bb0.05em\u00bb header_text_shadow_vertical_length=\u00bb0.03em\u00bb header_text_shadow_blur_strength=\u00bb0.1em\u00bb global_colors_info=\u00bb{}\u00bb]<\/p>\n<h1>\u00danase a Nuestro Equipo!<\/h1>\n<p>[\/et_pb_text][\/et_pb_column][\/et_pb_row][\/et_pb_section][et_pb_section fb_built=\u00bb1&#8243; admin_label=\u00bbOpen Position Section\u00bb _builder_version=\u00bb4.16&#8243; custom_padding=\u00bb40px||40px||true|\u00bb global_colors_info=\u00bb{}\u00bb][et_pb_row _builder_version=\u00bb4.19.3&#8243; custom_padding=\u00bb||12px|||\u00bb global_colors_info=\u00bb{}\u00bb][et_pb_column type=\u00bb4_4&#8243; _builder_version=\u00bb4.16&#8243; custom_padding=\u00bb|||\u00bb pac_dcm_carousel_specific_module_num=\u00bb0&#8243; global_colors_info=\u00bb{}\u00bb custom_padding__hover=\u00bb|||\u00bb][et_pb_text _builder_version=\u00bb4.27.4&#8243; text_font=\u00bbPoppins||||||||\u00bb text_font_size=\u00bb16px\u00bb text_line_height=\u00bb1.8em\u00bb header_font=\u00bb||||||||\u00bb header_2_font=\u00bb||||||||\u00bb header_4_font=\u00bbPoppins|700|||||||\u00bb header_4_text_color=\u00bbgcid-2ddc0005-ea3f-4fc1-a0d6-5a5b292e354c\u00bb header_4_font_size=\u00bb38px\u00bb header_4_line_height=\u00bb1.4em\u00bb custom_margin=\u00bb||21px|||\u00bb header_4_text_color_tablet=\u00bbgcid-2ddc0005-ea3f-4fc1-a0d6-5a5b292e354c\u00bb header_4_text_color_phone=\u00bbgcid-2ddc0005-ea3f-4fc1-a0d6-5a5b292e354c\u00bb header_4_text_color_last_edited=\u00bbon|desktop\u00bb header_4_font_size_tablet=\u00bb24px\u00bb header_4_font_size_phone=\u00bb20px\u00bb header_4_font_size_last_edited=\u00bbon|phone\u00bb global_colors_info=\u00bb{%22gcid-2ddc0005-ea3f-4fc1-a0d6-5a5b292e354c%22:%91%22header_4_text_color%22%93}\u00bb hover_enabled=\u00bb0&#8243; sticky_enabled=\u00bb0&#8243;]<\/p>\n<h4>No hay vacantes disponibles en este momento.\u00a0<\/h4>\n<p>[\/et_pb_text][\/et_pb_column][\/et_pb_row][et_pb_row _builder_version=\u00bb4.19.3&#8243; custom_padding=\u00bb||12px|||\u00bb global_colors_info=\u00bb{}\u00bb disabled_on=\u00bbon|on|on\u00bb disabled=\u00bbon\u00bb][et_pb_column type=\u00bb4_4&#8243; _builder_version=\u00bb4.16&#8243; custom_padding=\u00bb|||\u00bb pac_dcm_carousel_specific_module_num=\u00bb0&#8243; global_colors_info=\u00bb{}\u00bb custom_padding__hover=\u00bb|||\u00bb][et_pb_text _builder_version=\u00bb4.19.3&#8243; text_font=\u00bbPoppins||||||||\u00bb text_font_size=\u00bb16px\u00bb text_line_height=\u00bb1.8em\u00bb header_font=\u00bb||||||||\u00bb header_2_font=\u00bb||||||||\u00bb header_4_font=\u00bbPoppins|700|||||||\u00bb header_4_text_color=\u00bbgcid-2ddc0005-ea3f-4fc1-a0d6-5a5b292e354c\u00bb header_4_font_size=\u00bb38px\u00bb header_4_line_height=\u00bb1.4em\u00bb custom_margin=\u00bb||21px|||\u00bb header_4_text_color_tablet=\u00bbgcid-2ddc0005-ea3f-4fc1-a0d6-5a5b292e354c\u00bb header_4_text_color_phone=\u00bbgcid-2ddc0005-ea3f-4fc1-a0d6-5a5b292e354c\u00bb header_4_text_color_last_edited=\u00bbon|desktop\u00bb header_4_font_size_tablet=\u00bb24px\u00bb header_4_font_size_phone=\u00bb20px\u00bb header_4_font_size_last_edited=\u00bbon|phone\u00bb global_colors_info=\u00bb{%22gcid-2ddc0005-ea3f-4fc1-a0d6-5a5b292e354c%22:%91%22header_4_text_color%22%93}\u00bb]<\/p>\n<h4>Puestos Vacantes<\/h4>\n<p>[\/et_pb_text][et_pb_divider color=\u00bbgcid-2d85d98c-8894-4b4b-81e4-d5afeda04c08&#8243; divider_weight=\u00bb3px\u00bb _builder_version=\u00bb4.19.3&#8243; max_width=\u00bb100px\u00bb global_colors_info=\u00bb{%22gcid-2d85d98c-8894-4b4b-81e4-d5afeda04c08%22:%91%22color%22%93}\u00bb][\/et_pb_divider][\/et_pb_column][\/et_pb_row][et_pb_row column_structure=\u00bb3_5,2_5&#8243; _builder_version=\u00bb4.20.2&#8243; custom_padding=\u00bb40px|0px|40px|0px|true|false\u00bb animation_style=\u00bbslide\u00bb animation_direction=\u00bbright\u00bb animation_intensity_slide=\u00bb4%\u00bb border_color_all=\u00bbrgba(0,0,0,0.12)\u00bb border_width_bottom=\u00bb1px\u00bb global_colors_info=\u00bb{}\u00bb disabled_on=\u00bbon|on|on\u00bb disabled=\u00bbon\u00bb][et_pb_column type=\u00bb3_5&#8243; _builder_version=\u00bb4.16&#8243; custom_padding=\u00bb|||\u00bb pac_dcm_carousel_specific_module_num=\u00bb0&#8243; global_colors_info=\u00bb{}\u00bb custom_padding__hover=\u00bb|||\u00bb][et_pb_text _builder_version=\u00bb4.19.3&#8243; text_font=\u00bbPoppins||||||||\u00bb text_font_size=\u00bb16px\u00bb text_line_height=\u00bb1.8em\u00bb header_font=\u00bb||||||||\u00bb header_2_font=\u00bb||||||||\u00bb header_4_font=\u00bbPoppins|600|||||||\u00bb header_4_text_color=\u00bbgcid-2ddc0005-ea3f-4fc1-a0d6-5a5b292e354c\u00bb header_4_font_size=\u00bb24px\u00bb header_4_line_height=\u00bb1.4em\u00bb header_4_text_color_tablet=\u00bbgcid-2ddc0005-ea3f-4fc1-a0d6-5a5b292e354c\u00bb header_4_text_color_phone=\u00bbgcid-2ddc0005-ea3f-4fc1-a0d6-5a5b292e354c\u00bb header_4_text_color_last_edited=\u00bbon|desktop\u00bb header_4_font_size_tablet=\u00bb24px\u00bb header_4_font_size_phone=\u00bb20px\u00bb header_4_font_size_last_edited=\u00bbon|phone\u00bb global_colors_info=\u00bb{%22gcid-2ddc0005-ea3f-4fc1-a0d6-5a5b292e354c%22:%91%22header_4_text_color%22,%22header_4_text_color%22,%22header_4_text_color%22%93}\u00bb]<\/p>\n<h4>Miembro del Equipo de Instalaciones<\/h4>\n<p>Medio tiempo<\/p>\n<p>[\/et_pb_text][\/et_pb_column][et_pb_column type=\u00bb2_5&#8243; _builder_version=\u00bb4.16&#8243; custom_padding=\u00bb|||\u00bb pac_dcm_carousel_specific_module_num=\u00bb0&#8243; global_colors_info=\u00bb{}\u00bb custom_padding__hover=\u00bb|||\u00bb][et_pb_toggle title=\u00bbDescubra m\u00e1s\u00bb open_toggle_text_color=\u00bb#FFFFFF\u00bb open_toggle_background_color=\u00bbgcid-8aadf6e7-17df-4aa2-9c59-88af67cff600&#8243; closed_toggle_text_color=\u00bb#FFFFFF\u00bb closed_toggle_background_color=\u00bbgcid-8aadf6e7-17df-4aa2-9c59-88af67cff600&#8243; icon_color=\u00bb#FFFFFF\u00bb open_icon_color=\u00bb#FFFFFF\u00bb _builder_version=\u00bb4.19.4&#8243; _module_preset=\u00bbdefault\u00bb title_text_color=\u00bb#FFFFFF\u00bb title_font=\u00bbPoppins||||||||\u00bb title_font_size=\u00bb16px\u00bb body_font=\u00bbPoppins||||||||\u00bb body_text_color=\u00bb#FFFFFF\u00bb custom_margin=\u00bb|0px|||false|false\u00bb custom_margin_tablet=\u00bb|290px|||false|false\u00bb custom_margin_phone=\u00bb|0px|||false|false\u00bb custom_margin_last_edited=\u00bbon|desktop\u00bb title_font_size_tablet=\u00bb16px\u00bb title_font_size_phone=\u00bb16px\u00bb title_font_size_last_edited=\u00bbon|phone\u00bb global_colors_info=\u00bb{%22gcid-8aadf6e7-17df-4aa2-9c59-88af67cff600%22:%91%22closed_toggle_background_color%22,%22open_toggle_background_color%22%93}\u00bb]<\/p>\n<p style=\"font-weight: 400;\">Nuestro departamento de instalaciones necesita personas que puedan ayudar en varias necesidades log\u00edsticas, as\u00ed como en otras necesidades de construcci\u00f3n para una comunidad eclesi\u00e1stica muy activa. <span> <\/span>Esta persona debe ser una persona emprendedora que disfrute trabajar en un ambiente de equipo y est\u00e9 emocionada de unirse a una comunidad cat\u00f3lica en crecimiento con una cultura vibrante y una comunidad innovadora. Los candidatos deben tener al menos 18 a\u00f1os de edad para postularse. <span> <\/span>Este papel requerir\u00e1 una comprensi\u00f3n firme de la visi\u00f3n y los valores de nuestra iglesia.<\/p>\n<p style=\"font-weight: 400;\">Por favor, env\u00ede su curr\u00edculum a David Schreckenberger en<a href=\"mailto:deacondavid@popfb.org\"><strong><span style=\"color: #ffcc00;\">deacondavid@popfb.org<\/span><\/strong><\/a>.<\/p>\n<p>[\/et_pb_toggle][\/et_pb_column][\/et_pb_row][et_pb_row column_structure=\u00bb3_5,2_5&#8243; disabled_on=\u00bbon|on|on\u00bb _builder_version=\u00bb4.20.2&#8243; custom_padding=\u00bb40px|0px|40px|0px|true|false\u00bb animation_style=\u00bbslide\u00bb animation_direction=\u00bbright\u00bb animation_intensity_slide=\u00bb4%\u00bb border_color_all=\u00bbrgba(0,0,0,0.12)\u00bb border_width_bottom=\u00bb1px\u00bb disabled=\u00bbon\u00bb global_colors_info=\u00bb{}\u00bb][et_pb_column type=\u00bb3_5&#8243; _builder_version=\u00bb4.16&#8243; custom_padding=\u00bb|||\u00bb pac_dcm_carousel_specific_module_num=\u00bb0&#8243; global_colors_info=\u00bb{}\u00bb custom_padding__hover=\u00bb|||\u00bb][et_pb_text _builder_version=\u00bb4.19.3&#8243; text_font=\u00bbPoppins||||||||\u00bb text_font_size=\u00bb16px\u00bb text_line_height=\u00bb1.8em\u00bb header_font=\u00bb||||||||\u00bb header_2_font=\u00bb||||||||\u00bb header_4_font=\u00bbPoppins|600|||||||\u00bb header_4_text_color=\u00bbgcid-2ddc0005-ea3f-4fc1-a0d6-5a5b292e354c\u00bb header_4_font_size=\u00bb24px\u00bb header_4_line_height=\u00bb1.4em\u00bb header_4_text_color_tablet=\u00bbgcid-2ddc0005-ea3f-4fc1-a0d6-5a5b292e354c\u00bb header_4_text_color_phone=\u00bbgcid-2ddc0005-ea3f-4fc1-a0d6-5a5b292e354c\u00bb header_4_text_color_last_edited=\u00bbon|desktop\u00bb header_4_font_size_tablet=\u00bb24px\u00bb header_4_font_size_phone=\u00bb20px\u00bb header_4_font_size_last_edited=\u00bbon|phone\u00bb global_colors_info=\u00bb{%22gcid-2ddc0005-ea3f-4fc1-a0d6-5a5b292e354c%22:%91%22header_4_text_color%22,%22header_4_text_color%22,%22header_4_text_color%22%93}\u00bb]<\/p>\n<h4>Cuidador de Guarder\u00eda<\/h4>\n<p>Medio tiempo<\/p>\n<p>[\/et_pb_text][\/et_pb_column][et_pb_column type=\u00bb2_5&#8243; _builder_version=\u00bb4.16&#8243; custom_padding=\u00bb|||\u00bb pac_dcm_carousel_specific_module_num=\u00bb0&#8243; global_colors_info=\u00bb{}\u00bb custom_padding__hover=\u00bb|||\u00bb][et_pb_toggle title=\u00bbDescubra m\u00e1s\u00bb open_toggle_text_color=\u00bb#FFFFFF\u00bb open_toggle_background_color=\u00bbgcid-8aadf6e7-17df-4aa2-9c59-88af67cff600&#8243; closed_toggle_text_color=\u00bb#FFFFFF\u00bb closed_toggle_background_color=\u00bbgcid-8aadf6e7-17df-4aa2-9c59-88af67cff600&#8243; icon_color=\u00bb#FFFFFF\u00bb open_icon_color=\u00bb#FFFFFF\u00bb _builder_version=\u00bb4.19.4&#8243; _module_preset=\u00bbdefault\u00bb title_text_color=\u00bb#FFFFFF\u00bb title_font=\u00bbPoppins||||||||\u00bb title_font_size=\u00bb16px\u00bb body_font=\u00bbPoppins||||||||\u00bb body_text_color=\u00bb#FFFFFF\u00bb custom_margin=\u00bb|0px|||false|false\u00bb custom_margin_tablet=\u00bb|290px|||false|false\u00bb custom_margin_phone=\u00bb|0px|||false|false\u00bb custom_margin_last_edited=\u00bbon|desktop\u00bb title_font_size_tablet=\u00bb16px\u00bb title_font_size_phone=\u00bb16px\u00bb title_font_size_last_edited=\u00bbon|phone\u00bb global_colors_info=\u00bb{%22gcid-8aadf6e7-17df-4aa2-9c59-88af67cff600%22:%91%22closed_toggle_background_color%22,%22open_toggle_background_color%22%93}\u00bb]<\/p>\n<p>Se necesitan personas que disfruten y sientan pasi\u00f3n por trabajar con ni\u00f1os muy peque\u00f1os. Los candidatos deben tener al menos 18 a\u00f1os de edad y ser confiables. El candidato ideal trabaja bien en un entorno de equipo y se puede contar con \u00e9l para seguir las instrucciones y cuidar de nuestro recurso m\u00e1s preciado, nuestros ni\u00f1os peque\u00f1os.<\/p>\n<p>Por favor, env\u00ede su curr\u00edculum a David Schreckenberger en<a href=\"mailto:deacondavid@popfb.org\"><strong><span style=\"color: #ffcc00;\">deacondavid@popfb.org<\/span><\/strong><\/a>.<\/p>\n<p>[\/et_pb_toggle][\/et_pb_column][\/et_pb_row][\/et_pb_section]<\/p>\n","protected":false},"excerpt":{"rendered":"<p>\u00danase a Nuestro Equipo!No hay vacantes disponibles en este momento.\u00a0Puestos VacantesMiembro del Equipo de Instalaciones Medio tiempoNuestro departamento de instalaciones necesita personas que puedan ayudar en varias necesidades log\u00edsticas, as\u00ed como en otras necesidades de construcci\u00f3n para una comunidad eclesi\u00e1stica muy activa. Esta persona debe ser una persona emprendedora que disfrute trabajar en un ambiente de equipo y est\u00e9 emocionada de unirse a una comunidad cat\u00f3lica en crecimiento con una cultura vibrante y una comunidad innovadora. Los candidatos deben tener al menos 18 a\u00f1os de edad para postularse. Este papel requerir\u00e1 una comprensi\u00f3n firme de la visi\u00f3n y los valores de nuestra iglesia. Por favor, env\u00ede su curr\u00edculum a David Schreckenberger endeacondavid@popfb.org.Cuidador de Guarder\u00eda Medio tiempoSe necesitan personas que disfruten y sientan pasi\u00f3n por trabajar con ni\u00f1os muy peque\u00f1os. Los candidatos deben tener al menos 18 a\u00f1os de edad y ser confiables. El candidato ideal trabaja bien en un entorno de equipo y se puede contar con \u00e9l para seguir las instrucciones y cuidar de nuestro recurso m\u00e1s preciado, nuestros ni\u00f1os peque\u00f1os. Por favor, env\u00ede su curr\u00edculum a David Schreckenberger endeacondavid@popfb.org.<\/p>\n","protected":false},"author":1,"featured_media":0,"parent":0,"menu_order":0,"comment_status":"closed","ping_status":"closed","template":"","meta":{"_et_pb_use_builder":"on","_et_pb_old_content":"","_et_gb_content_width":"","footnotes":""},"class_list":["post-4780","page","type-page","status-publish","hentry"],"publishpress_future_action":{"enabled":false,"date":"2026-04-23 22:32:26","action":"change-status","newStatus":"draft","terms":[],"taxonomy":"translation_priority","extraData":[]},"publishpress_future_workflow_manual_trigger":{"enabledWorkflows":[]},"_links":{"self":[{"href":"https:\/\/popfb.org\/es\/wp-json\/wp\/v2\/pages\/4780","targetHints":{"allow":["GET"]}}],"collection":[{"href":"https:\/\/popfb.org\/es\/wp-json\/wp\/v2\/pages"}],"about":[{"href":"https:\/\/popfb.org\/es\/wp-json\/wp\/v2\/types\/page"}],"author":[{"embeddable":true,"href":"https:\/\/popfb.org\/es\/wp-json\/wp\/v2\/users\/1"}],"replies":[{"embeddable":true,"href":"https:\/\/popfb.org\/es\/wp-json\/wp\/v2\/comments?post=4780"}],"version-history":[{"count":1,"href":"https:\/\/popfb.org\/es\/wp-json\/wp\/v2\/pages\/4780\/revisions"}],"predecessor-version":[{"id":15309,"href":"https:\/\/popfb.org\/es\/wp-json\/wp\/v2\/pages\/4780\/revisions\/15309"}],"wp:attachment":[{"href":"https:\/\/popfb.org\/es\/wp-json\/wp\/v2\/media?parent=4780"}],"curies":[{"name":"wp","href":"https:\/\/api.w.org\/{rel}","templated":true}]}}