{"id":4219,"date":"2022-11-28T15:58:05","date_gmt":"2022-11-28T20:58:05","guid":{"rendered":"https:\/\/popfb.org\/?page_id=4219"},"modified":"2025-08-25T13:17:11","modified_gmt":"2025-08-25T17:17:11","slug":"confirmation-youth","status":"publish","type":"page","link":"https:\/\/popfb.org\/es\/confirmation-youth\/","title":{"rendered":"Sacramento: Confirmaci\u00f3n (J\u00f3venes)"},"content":{"rendered":"<p>[et_pb_section fb_built=\u00bb1&#8243; admin_label=\u00bbCollections\u00bb _builder_version=\u00bb4.27.4&#8243; background_color=\u00bbRGBA(255,255,255,0)\u00bb custom_margin=\u00bb||-91px|||\u00bb custom_padding=\u00bb0px|0px|0px|0px|true|\u00bb hover_enabled=\u00bb0&#8243; global_colors_info=\u00bb{}\u00bb positioning=\u00bbabsolute\u00bb sticky_enabled=\u00bb0&#8243;][\/et_pb_section][et_pb_section fb_built=\u00bb1&#8243; admin_label=\u00bbHeader\u00bb _builder_version=\u00bb4.27.4&#8243; _module_preset=\u00bbdefault\u00bb parallax=\u00bbon\u00bb background_blend=\u00bboverlay\u00bb custom_margin=\u00bbauto|auto|auto|auto|false|false\u00bb custom_padding=\u00bb||38px||false|false\u00bb hover_enabled=\u00bb0&#8243; global_colors_info=\u00bb{%22gcid-87ed5ab8-6efc-426e-a45d-455b2e0d08c2%22:%91%22background_color%22%93}\u00bb background_enable_image=\u00bboff\u00bb background_color=\u00bbgcid-87ed5ab8-6efc-426e-a45d-455b2e0d08c2&#8243; sticky_enabled=\u00bb0&#8243;][et_pb_row _builder_version=\u00bb4.16&#8243; _module_preset=\u00bbdefault\u00bb custom_padding=\u00bb53px|||||\u00bb global_colors_info=\u00bb{}\u00bb][et_pb_column type=\u00bb4_4&#8243; _builder_version=\u00bb4.16&#8243; _module_preset=\u00bbdefault\u00bb pac_dcm_carousel_specific_module_num=\u00bb0&#8243; global_colors_info=\u00bb{}\u00bb][et_pb_text _builder_version=\u00bb4.27.4&#8243; _module_preset=\u00bbe864d11f-3dab-4fa3-ac06-4f0e1a260807&#8243; header_font=\u00bbPoppins|700|||||||\u00bb header_text_align=\u00bbcenter\u00bb header_text_color=\u00bb#FFFFFF\u00bb header_font_size=\u00bb64px\u00bb header_line_height=\u00bb1.1em\u00bb custom_margin=\u00bb10px||||false|false\u00bb custom_margin_tablet=\u00bb16px||||false|false\u00bb custom_margin_phone=\u00bb29px||||false|false\u00bb custom_margin_last_edited=\u00bbon|phone\u00bb header_font_size_tablet=\u00bb40px\u00bb header_font_size_phone=\u00bb34px\u00bb header_font_size_last_edited=\u00bbon|phone\u00bb header_text_shadow_style=\u00bbpreset1&#8243; global_colors_info=\u00bb{}\u00bb]<\/p>\n<h1>Confirmaci\u00f3n de J\u00f3venes<\/h1>\n<p>[\/et_pb_text][et_pb_text _builder_version=\u00bb4.27.4&#8243; _module_preset=\u00bb41d5859c-fbaa-458a-88e4-5d886857f235&#8243; text_font=\u00bbPoppins|600|||||||\u00bb text_text_color=\u00bb#FFFFFF\u00bb text_font_size=\u00bb17px\u00bb text_line_height=\u00bb1.5em\u00bb header_font=\u00bb||||||||\u00bb header_line_height=\u00bb0.4em\u00bb header_2_font=\u00bb||||||||\u00bb module_alignment=\u00bbcenter\u00bb custom_margin=\u00bb20px|||||\u00bb text_font_size_tablet=\u00bb16px\u00bb text_font_size_phone=\u00bb15px\u00bb text_font_size_last_edited=\u00bbon|phone\u00bb text_text_shadow_style=\u00bbpreset1&#8243; global_colors_info=\u00bb{}\u00bb]<\/p>\n<p>La confirmaci\u00f3n completa la gracia del Bautismo por la efusi\u00f3n especial de los dones del Esp\u00edritu Santo, que sella al bautizado en la uni\u00f3n con Cristo. El Sacramento de la Confirmaci\u00f3n se ofrece una vez al a\u00f1o en Prince of Peace. Si aun no ha recibido su Primera Eucarist\u00eda, por favor haga clic <a href=\"https:\/\/popfb.org\/es\/eucharist-youth\/\">AQU\u00cd.<\/a><\/p>\n<p>[\/et_pb_text][\/et_pb_column][\/et_pb_row][\/et_pb_section][et_pb_section fb_built=\u00bb1&#8243; admin_label=\u00bbFeature\u00bb _builder_version=\u00bb4.16&#8243; _module_preset=\u00bbdefault\u00bb background_color=\u00bb#fff9f2&#8243; global_colors_info=\u00bb{}\u00bb custom_padding=\u00bb33px|||||\u00bb][et_pb_row column_structure=\u00bb1_2,1_2&#8243; _builder_version=\u00bb4.19.1&#8243; _module_preset=\u00bbdefault\u00bb global_colors_info=\u00bb{}\u00bb][et_pb_column type=\u00bb1_2&#8243; _builder_version=\u00bb4.19.1&#8243; _module_preset=\u00bbdefault\u00bb background_color=\u00bb#FFFFFF\u00bb transform_scale_tablet=\u00bb\u00bb transform_scale_phone=\u00bb\u00bb transform_scale_last_edited=\u00bbon|desktop\u00bb transform_translate=\u00bb160px|160px\u00bb transform_translate_tablet=\u00bb0px|0px\u00bb transform_translate_phone=\u00bb0px|0px\u00bb transform_translate_last_edited=\u00bbon|tablet\u00bb transform_rotate_tablet=\u00bb\u00bb transform_rotate_phone=\u00bb\u00bb transform_rotate_last_edited=\u00bbon|desktop\u00bb transform_skew_tablet=\u00bb\u00bb transform_skew_phone=\u00bb\u00bb transform_skew_last_edited=\u00bbon|desktop\u00bb transform_origin_tablet=\u00bb\u00bb transform_origin_phone=\u00bb\u00bb transform_origin_last_edited=\u00bbon|desktop\u00bb transform_styles_last_edited=\u00bbon|tablet\u00bb position_origin_a=\u00bbcenter_left\u00bb z_index=\u00bb10&#8243; custom_padding=\u00bb35px|35px|35px|35px|true|true\u00bb custom_padding_tablet=\u00bb30px|30px|30px|30px|true|true\u00bb custom_padding_phone=\u00bb20px|20px|20px|20px|true|true\u00bb custom_padding_last_edited=\u00bbon|desktop\u00bb transform_styles_tablet=\u00bb\u00bb transform_styles_phone=\u00bb\u00bb pac_dcm_carousel_specific_module_num=\u00bb0&#8243; global_colors_info=\u00bb{}\u00bb][et_pb_text _builder_version=\u00bb4.19.0&#8243; _module_preset=\u00bbdefault\u00bb text_font=\u00bb||||||||\u00bb header_font=\u00bbPoppins|700|||||||\u00bb header_text_color=\u00bbgcid-2ddc0005-ea3f-4fc1-a0d6-5a5b292e354c\u00bb header_font_size=\u00bb35px\u00bb header_line_height=\u00bb1.1em\u00bb header_2_font=\u00bb||||||||\u00bb header_3_font=\u00bb||||||||\u00bb header_4_font=\u00bb||||||||\u00bb header_5_font=\u00bb||||||||\u00bb header_6_font=\u00bb||||||||\u00bb custom_margin=\u00bb0px||4px|||\u00bb custom_padding=\u00bb0px|||||\u00bb header_font_size_tablet=\u00bb28px\u00bb header_font_size_phone=\u00bb21px\u00bb header_font_size_last_edited=\u00bbon|phone\u00bb locked=\u00bboff\u00bb global_colors_info=\u00bb{%22gcid-2ddc0005-ea3f-4fc1-a0d6-5a5b292e354c%22:%91%22header_text_color%22,%22header_text_color%22,%22header_text_color%22%93}\u00bb]<\/p>\n<h1>Preparaci\u00f3n<\/h1>\n<p>[\/et_pb_text][et_pb_text _builder_version=\u00bb4.24.3&#8243; _module_preset=\u00bbdefault\u00bb text_font=\u00bbPoppins|600|||||||\u00bb text_text_color=\u00bbgcid-adc88260-d6a4-49de-89f6-3a4123df15fd\u00bb text_font_size=\u00bb17px\u00bb text_line_height=\u00bb1.5em\u00bb header_font=\u00bb||||||||\u00bb header_line_height=\u00bb0.4em\u00bb header_2_font=\u00bb||||||||\u00bb module_alignment=\u00bbcenter\u00bb custom_margin=\u00bb20px|||||\u00bb text_font_size_tablet=\u00bb16px\u00bb text_font_size_phone=\u00bb15px\u00bb text_font_size_last_edited=\u00bbon|phone\u00bb global_colors_info=\u00bb{%22gcid-adc88260-d6a4-49de-89f6-3a4123df15fd%22:%91%22text_text_color%22%93}\u00bb]<\/p>\n<p>Los estudiantes que ya hayan asistido a Life Teen por un m\u00ednimo de un a\u00f1o pueden optar por comenzar su formaci\u00f3n par ala Confirmaci\u00f3n al comienzo de su segundo a\u00f1o (en los grados 10, 11 o 12).<\/p>\n<p>Los estudiantes de Confirmaci\u00f3n tambi\u00e9n se re\u00fanen los domingos de 6:15pm a 8pm en el Sal\u00f3n de J\u00f3venes como parte del programa Life Teen para una comida y un tiempo social, y las lecciones de Confirmaci\u00f3n se cubren cada semana en formatos de grupos grandes y peque\u00f1os.<\/p>\n<p>Si tiene preguntas, por favor comun\u00edquese con Jenny Carrillo en <a href=\"mailto:jenny@popfb.org\">jenny@popfb.org<\/a>.<\/p>\n<p>[\/et_pb_text][\/et_pb_column][et_pb_column type=\u00bb1_2&#8243; _builder_version=\u00bb4.16&#8243; _module_preset=\u00bbdefault\u00bb pac_dcm_carousel_specific_module_num=\u00bb0&#8243; global_colors_info=\u00bb{}\u00bb][et_pb_image src=\u00bbhttps:\/\/popfb.org\/wp-content\/uploads\/2022\/11\/Untitled-design-86.png\u00bb title_text=\u00bbconfirmaci\u00f3n\u00bb _builder_version=\u00bb4.19.1&#8243; _module_preset=\u00bbdefault\u00bb global_colors_info=\u00bb{}\u00bb][\/et_pb_image][\/et_pb_column][\/et_pb_row][\/et_pb_section][et_pb_section fb_built=\u00bb1&#8243; disabled_on=\u00bbon|on|on\u00bb admin_label=\u00bbFeature\u00bb _builder_version=\u00bb4.19.1&#8243; _module_preset=\u00bbdefault\u00bb background_color=\u00bb#fff9f2&#8243; background_image=\u00bbhttps:\/\/popfb.org\/wp-content\/uploads\/2022\/11\/Untitled-design-89.png\u00bb parallax=\u00bbon\u00bb disabled=\u00bbon\u00bb global_colors_info=\u00bb{}\u00bb][et_pb_row column_structure=\u00bb1_2,1_2&#8243; _builder_version=\u00bb4.16&#8243; _module_preset=\u00bbdefault\u00bb global_colors_info=\u00bb{}\u00bb][et_pb_column type=\u00bb1_2&#8243; _builder_version=\u00bb4.16&#8243; _module_preset=\u00bbdefault\u00bb pac_dcm_carousel_specific_module_num=\u00bb0&#8243; global_colors_info=\u00bb{}\u00bb][\/et_pb_column][et_pb_column type=\u00bb1_2&#8243; _builder_version=\u00bb4.16&#8243; _module_preset=\u00bbdefault\u00bb background_color=\u00bb#FFFFFF\u00bb custom_padding=\u00bb56px|48px|56px|48px|true|true\u00bb custom_padding_tablet=\u00bb30px|30px|30px|30px|true|true\u00bb custom_padding_phone=\u00bb|20px||20px|false|true\u00bb custom_padding_last_edited=\u00bbon|phone\u00bb pac_dcm_carousel_specific_module_num=\u00bb0&#8243; global_colors_info=\u00bb{}\u00bb][et_pb_text _builder_version=\u00bb4.27.4&#8243; _module_preset=\u00bbdefault\u00bb text_font=\u00bb||||||||\u00bb header_font=\u00bbPoppins|700|||||||\u00bb header_text_color=\u00bbgcid-2ddc0005-ea3f-4fc1-a0d6-5a5b292e354c\u00bb header_font_size=\u00bb35px\u00bb header_line_height=\u00bb1.1em\u00bb header_2_font=\u00bb||||||||\u00bb header_3_font=\u00bb||||||||\u00bb header_4_font=\u00bb||||||||\u00bb header_5_font=\u00bb||||||||\u00bb header_6_font=\u00bb||||||||\u00bb custom_margin=\u00bb-25px||4px|||\u00bb custom_padding=\u00bb0px|||||\u00bb header_font_size_tablet=\u00bb28px\u00bb header_font_size_phone=\u00bb21px\u00bb header_font_size_last_edited=\u00bbon|phone\u00bb locked=\u00bboff\u00bb global_colors_info=\u00bb{%22gcid-2ddc0005-ea3f-4fc1-a0d6-5a5b292e354c%22:%91%22header_text_color%22,%22header_text_color%22,%22header_text_color%22%93}\u00bb]<\/p>\n<h1>Inscripciones<\/h1>\n<p>[\/et_pb_text][et_pb_text _builder_version=\u00bb4.27.4&#8243; _module_preset=\u00bbdefault\u00bb text_font=\u00bbPoppins|600|||||||\u00bb text_text_color=\u00bbgcid-adc88260-d6a4-49de-89f6-3a4123df15fd\u00bb text_font_size=\u00bb17px\u00bb text_line_height=\u00bb1.5em\u00bb header_font=\u00bb||||||||\u00bb header_line_height=\u00bb0.4em\u00bb header_2_font=\u00bb||||||||\u00bb module_alignment=\u00bbcenter\u00bb custom_margin=\u00bb20px|||||\u00bb text_font_size_tablet=\u00bb16px\u00bb text_font_size_phone=\u00bb15px\u00bb text_font_size_last_edited=\u00bbon|phone\u00bb global_colors_info=\u00bb{%22gcid-adc88260-d6a4-49de-89f6-3a4123df15fd%22:%91%22text_text_color%22,%22text_text_color%22%93}\u00bb]<\/p>\n<p>\u00a1Las inscripciones abren el\u00a0 28 de abril!<\/p>\n<p>[\/et_pb_text][et_pb_button button_url=\u00bbhttps:\/\/popfb.org\/ymc\u00bb button_text=\u00bb\u00a1Haga Clic aqu\u00ef!\u00bb button_alignment=\u00bbleft\u00bb disabled_on=\u00bboff|off|off\u00bb _builder_version=\u00bb4.27.4&#8243; _module_preset=\u00bb6414ef9f-e386-4555-a7b7-4544a239078b\u00bb custom_button=\u00bbon\u00bb button_text_size=\u00bb14px\u00bb button_text_color=\u00bbgcid-87ed5ab8-6efc-426e-a45d-455b2e0d08c2&#8243; button_bg_color=\u00bbRGBA(0,0,0,0)\u00bb button_border_width=\u00bb1px\u00bb button_border_radius=\u00bb100%\u00bb button_font=\u00bbMontserrat|500||on|||||\u00bb custom_margin=\u00bb34px||||false|false\u00bb custom_padding=\u00bb20px|35px|20px|35px|true|true\u00bb locked=\u00bboff\u00bb global_colors_info=\u00bb{%22gcid-87ed5ab8-6efc-426e-a45d-455b2e0d08c2%22:%91%22button_text_color%22%93}\u00bb button_text_color__hover=\u00bb#FFFFFF\u00bb button_text_color__hover_enabled=\u00bbon|hover\u00bb button_bg_color__hover=\u00bb#000000&#8243; button_bg_color__hover_enabled=\u00bbon|hover\u00bb button_bg_enable_color__hover=\u00bbon\u00bb][\/et_pb_button][\/et_pb_column][\/et_pb_row][\/et_pb_section]<\/p>\n","protected":false},"excerpt":{"rendered":"<p>Confirmaci\u00f3n de J\u00f3venesLa confirmaci\u00f3n completa la gracia del Bautismo por la efusi\u00f3n especial de los dones del Esp\u00edritu Santo, que sella al bautizado en la uni\u00f3n con Cristo. El Sacramento de la Confirmaci\u00f3n se ofrece una vez al a\u00f1o en Prince of Peace. Si aun no ha recibido su Primera Eucarist\u00eda, por favor haga clic AQU\u00cd.Preparaci\u00f3nLos estudiantes que ya hayan asistido a Life Teen por un m\u00ednimo de un a\u00f1o pueden optar por comenzar su formaci\u00f3n par ala Confirmaci\u00f3n al comienzo de su segundo a\u00f1o (en los grados 10, 11 o 12). Los estudiantes de Confirmaci\u00f3n tambi\u00e9n se re\u00fanen los domingos de 6:15pm a 8pm en el Sal\u00f3n de J\u00f3venes como parte del programa Life Teen para una comida y un tiempo social, y las lecciones de Confirmaci\u00f3n se cubren cada semana en formatos de grupos grandes y peque\u00f1os. Si tiene preguntas, por favor comun\u00edquese con Jenny Carrillo en jenny@popfb.org.Inscripciones\u00a1Las inscripciones abren el\u00a0 28 de abril!<\/p>\n","protected":false},"author":1,"featured_media":0,"parent":0,"menu_order":0,"comment_status":"closed","ping_status":"closed","template":"","meta":{"_et_pb_use_builder":"on","_et_pb_old_content":"","_et_gb_content_width":"","footnotes":""},"class_list":["post-4219","page","type-page","status-publish","hentry"],"publishpress_future_action":{"enabled":false,"date":"2026-04-25 05:17:19","action":"change-status","newStatus":"draft","terms":[],"taxonomy":"translation_priority","extraData":[]},"publishpress_future_workflow_manual_trigger":{"enabledWorkflows":[]},"_links":{"self":[{"href":"https:\/\/popfb.org\/es\/wp-json\/wp\/v2\/pages\/4219","targetHints":{"allow":["GET"]}}],"collection":[{"href":"https:\/\/popfb.org\/es\/wp-json\/wp\/v2\/pages"}],"about":[{"href":"https:\/\/popfb.org\/es\/wp-json\/wp\/v2\/types\/page"}],"author":[{"embeddable":true,"href":"https:\/\/popfb.org\/es\/wp-json\/wp\/v2\/users\/1"}],"replies":[{"embeddable":true,"href":"https:\/\/popfb.org\/es\/wp-json\/wp\/v2\/comments?post=4219"}],"version-history":[{"count":4,"href":"https:\/\/popfb.org\/es\/wp-json\/wp\/v2\/pages\/4219\/revisions"}],"predecessor-version":[{"id":16569,"href":"https:\/\/popfb.org\/es\/wp-json\/wp\/v2\/pages\/4219\/revisions\/16569"}],"wp:attachment":[{"href":"https:\/\/popfb.org\/es\/wp-json\/wp\/v2\/media?parent=4219"}],"curies":[{"name":"wp","href":"https:\/\/api.w.org\/{rel}","templated":true}]}}