{"id":3630,"date":"2022-11-02T12:14:10","date_gmt":"2022-11-02T16:14:10","guid":{"rendered":"https:\/\/popfb.org\/?page_id=3630"},"modified":"2024-04-11T14:11:02","modified_gmt":"2024-04-11T18:11:02","slug":"recordings","status":"publish","type":"page","link":"https:\/\/popfb.org\/es\/recordings\/","title":{"rendered":"Transmisi\u00f3n en Vivo &#8211; Grabaciones"},"content":{"rendered":"<p>[et_pb_section fb_built=\u00bb1&#8243; admin_label=\u00bbHeader\u00bb _builder_version=\u00bb4.18.1&#8243; _module_preset=\u00bbdefault\u00bb background_color=\u00bbgcid-8aadf6e7-17df-4aa2-9c59-88af67cff600&#8243; background_enable_image=\u00bboff\u00bb custom_padding=\u00bb0px||3vw||false|false\u00bb locked=\u00bboff\u00bb global_colors_info=\u00bb{%22gcid-8aadf6e7-17df-4aa2-9c59-88af67cff600%22:%91%22background_color%22%93}\u00bb][et_pb_row use_custom_gutter=\u00bbon\u00bb gutter_width=\u00bb2&#8243; make_equal=\u00bbon\u00bb _builder_version=\u00bb4.18.1&#8243; _module_preset=\u00bbdefault\u00bb custom_margin=\u00bb||||false|false\u00bb custom_padding=\u00bb88px||0px|||\u00bb global_colors_info=\u00bb{}\u00bb][et_pb_column type=\u00bb4_4&#8243; _builder_version=\u00bb4.18.1&#8243; _module_preset=\u00bbdefault\u00bb background_enable_color=\u00bboff\u00bb custom_padding=\u00bb40px|20px|40px|20px|false|true\u00bb pac_dcm_carousel_specific_module_num=\u00bb0&#8243; global_colors_info=\u00bb{}\u00bb][et_pb_text _builder_version=\u00bb4.20.4&#8243; _module_preset=\u00bbdefault\u00bb hover_enabled=\u00bb0&#8243; sticky_enabled=\u00bb0&#8243; header_text_color=\u00bb#FFFFFF\u00bb header_3_text_color=\u00bb#FFFFFF\u00bb header_3_font=\u00bbPoppins||||||||\u00bb header_font=\u00bbPoppins|600|||||||\u00bb header_font_size_last_edited=\u00bbon|phone\u00bb header_font_size=\u00bb37px\u00bb header_font_size_tablet=\u00bb30px\u00bb header_font_size_phone=\u00bb20px\u00bb header_3_font_size_last_edited=\u00bbon|desktop\u00bb header_3_font_size_phone=\u00bb15px\u00bb header_3_font_size_tablet=\u00bb16px\u00bb header_3_font_size=\u00bb21px\u00bb]<\/p>\n<h1>Grabaciones de Misas Dominicales<\/h1>\n<h3>Por favor, haga clic en el \u00edcono de la esquina superior derecha del video para seleccionar una Misa diferente. Por favor, env\u00ede un correo electr\u00f3nico a Robert Basilio a <span style=\"color: #ffcc00;\"><a href=\"mailto:robert@popfb.org\" target=\"_blank\" rel=\"noopener\" style=\"color: #ffcc00;\">robert@popfb.org<\/a><\/span> si est\u00e1 buscando un evento especial o necesita descargar una grabaci\u00f3n.<\/h3>\n<p>[\/et_pb_text][\/et_pb_column][\/et_pb_row][\/et_pb_section][et_pb_section fb_built=\u00bb1&#8243; fullwidth=\u00bbon\u00bb _builder_version=\u00bb4.17.3&#8243; _module_preset=\u00bbdefault\u00bb global_colors_info=\u00bb{}\u00bb][et_pb_fullwidth_code _builder_version=\u00bb4.20.4&#8243; _module_preset=\u00bbdefault\u00bb hover_enabled=\u00bb0&#8243; global_colors_info=\u00bb{}\u00bb sticky_enabled=\u00bb0&#8243;]<\/p>\n<div style=\"position:relative;overflow:hidden;padding-top:56.25%;\"><!-- [et_pb_line_break_holder] -->  <iframe allow=\"autoplay; fullscreen\" allowfullscreen=\"true\" src=\"https:\/\/control.resi.io\/webplayer\/video.html?id=YmU5NTAzMTUtNjJhZi00NjE0LWFiZjctMDYxYThkNTE5Mzk1OmZhYWVkYTYwLTE4YWYtMTFlZC04ZjEyLTk3NTI2ZTc1MDJkZA==&#038;playerProfileId=YmU5NTAzMTUtNjJhZi00NjE0LWFiZjctMDYxYThkNTE5Mzk1Ojk1YzAwNWUwLWQ5NjQtMTFlZC04ZGUyLTU1YmUyMGE2Y2VmZA==&#038;type=playlist\" style=\"position:absolute;top:0;left:0;width:100%;height:100%;border:none;\"><\/iframe><!-- [et_pb_line_break_holder] --><\/div>\n<p>[\/et_pb_fullwidth_code][\/et_pb_section]<\/p>\n","protected":false},"excerpt":{"rendered":"<p>Grabaciones de Misas Dominicales Por favor, haga clic en el \u00edcono de la esquina superior derecha del video para seleccionar una Misa diferente. Por favor, env\u00ede un correo electr\u00f3nico a Robert Basilio a robert@popfb.org si est\u00e1 buscando un evento especial o necesita descargar una grabaci\u00f3n.<\/p>\n","protected":false},"author":1,"featured_media":0,"parent":0,"menu_order":0,"comment_status":"closed","ping_status":"closed","template":"","meta":{"_et_pb_use_builder":"on","_et_pb_old_content":"","_et_gb_content_width":"","footnotes":""},"class_list":["post-3630","page","type-page","status-publish","hentry"],"publishpress_future_action":{"enabled":false,"date":"2026-04-23 19:46:33","action":"change-status","newStatus":"draft","terms":[],"taxonomy":"translation_priority","extraData":[]},"publishpress_future_workflow_manual_trigger":{"enabledWorkflows":[]},"_links":{"self":[{"href":"https:\/\/popfb.org\/es\/wp-json\/wp\/v2\/pages\/3630","targetHints":{"allow":["GET"]}}],"collection":[{"href":"https:\/\/popfb.org\/es\/wp-json\/wp\/v2\/pages"}],"about":[{"href":"https:\/\/popfb.org\/es\/wp-json\/wp\/v2\/types\/page"}],"author":[{"embeddable":true,"href":"https:\/\/popfb.org\/es\/wp-json\/wp\/v2\/users\/1"}],"replies":[{"embeddable":true,"href":"https:\/\/popfb.org\/es\/wp-json\/wp\/v2\/comments?post=3630"}],"version-history":[{"count":0,"href":"https:\/\/popfb.org\/es\/wp-json\/wp\/v2\/pages\/3630\/revisions"}],"wp:attachment":[{"href":"https:\/\/popfb.org\/es\/wp-json\/wp\/v2\/media?parent=3630"}],"curies":[{"name":"wp","href":"https:\/\/api.w.org\/{rel}","templated":true}]}}