{"id":2551,"date":"2022-06-26T19:11:51","date_gmt":"2022-06-26T23:11:51","guid":{"rendered":"https:\/\/popfb.org\/bautismo-adultos\/"},"modified":"2025-08-25T08:07:33","modified_gmt":"2025-08-25T12:07:33","slug":"baptism-adults","status":"publish","type":"page","link":"https:\/\/popfb.org\/es\/baptism-adults\/","title":{"rendered":"Sacramento: Bautismo (Adultos)"},"content":{"rendered":"<p>[et_pb_section fb_built=\u00bb1&#8243; _builder_version=\u00bb4.24.2&#8243; _module_preset=\u00bbdefault\u00bb global_colors_info=\u00bb{}\u00bb][et_pb_row column_structure=\u00bb1_2,1_2&#8243; _builder_version=\u00bb4.24.2&#8243; _module_preset=\u00bbdefault\u00bb custom_margin=\u00bb43px|auto||auto||\u00bb global_colors_info=\u00bb{}\u00bb][et_pb_column type=\u00bb1_2&#8243; _builder_version=\u00bb4.24.2&#8243; _module_preset=\u00bbdefault\u00bb pac_dcm_carousel_specific_module_num=\u00bb0&#8243; global_colors_info=\u00bb{}\u00bb][et_pb_text _builder_version=\u00bb4.24.2&#8243; _module_preset=\u00bbdefault\u00bb text_font=\u00bb||||||||\u00bb header_font=\u00bbPoppins|600|||||||\u00bb header_text_align=\u00bbleft\u00bb header_font_size=\u00bb55px\u00bb custom_margin=\u00bb||28px|||\u00bb header_font_size_tablet=\u00bb43px\u00bb header_font_size_phone=\u00bb35px\u00bb header_font_size_last_edited=\u00bbon|phone\u00bb global_colors_info=\u00bb{}\u00bb]<\/p>\n<h1><b>Convi\u00e9rtase<\/b><\/h1>\n<h1><b>en una Nueva Creaci\u00f3n<\/b><\/h1>\n<p>[\/et_pb_text][et_pb_divider color=\u00bb#f7d584&#8243; divider_weight=\u00bb3px\u00bb disabled_on=\u00bbon|on|off\u00bb _builder_version=\u00bb4.24.2&#8243; _module_preset=\u00bbdefault\u00bb max_width=\u00bb80px\u00bb module_alignment=\u00bbleft\u00bb height=\u00bb10px\u00bb custom_margin=\u00bb||20px|\u00bb animation_style=\u00bbslide\u00bb animation_direction=\u00bbbottom\u00bb saved_tabs=\u00bball\u00bb locked=\u00bboff\u00bb global_colors_info=\u00bb{}\u00bb][\/et_pb_divider][et_pb_text _builder_version=\u00bb4.24.2&#8243; _module_preset=\u00bbdefault\u00bb text_font=\u00bbPlayfair Display||on||||||\u00bb text_text_color=\u00bb#0b5e8f\u00bb text_font_size=\u00bb25px\u00bb text_letter_spacing=\u00bb1px\u00bb text_line_height=\u00bb1.8em\u00bb text_orientation=\u00bbcenter\u00bb module_alignment=\u00bbcenter\u00bb global_colors_info=\u00bb{}\u00bb]<\/p>\n<p style=\"text-align: left;\"><strong>Adultos<\/strong><\/p>\n<p>[\/et_pb_text][et_pb_text _builder_version=\u00bb4.17.4&#8243; _module_preset=\u00bbdefault\u00bb text_font=\u00bbPoppins|600|||||||\u00bb text_text_color=\u00bb#000000&#8243; text_font_size=\u00bb17px\u00bb text_line_height=\u00bb1.8em\u00bb header_font=\u00bb||||||||\u00bb header_2_font=\u00bb||||||||\u00bb module_alignment=\u00bbcenter\u00bb custom_margin=\u00bb||25px|||\u00bb text_font_size_tablet=\u00bb16px\u00bb text_font_size_phone=\u00bb15px\u00bb text_font_size_last_edited=\u00bbon|phone\u00bb locked=\u00bboff\u00bb global_colors_info=\u00bb{}\u00bb]<\/p>\n<p>El Sacramento del Bautismo es el primer paso a un camino de compromiso y discipulado. Ya sea que seamos bautizados como beb\u00e9s o adultos, el bautismo es la forma en que la Iglesia celebra y representa el abrazo de Dios.<\/p>\n<p>Estamos contentos de caminar junto a usted en esta jornada. Reg\u00edstrese a continuaci\u00f3n y nos pondremos en contacto con usted en breve para programar una reuni\u00f3n.<\/p>\n<p>[\/et_pb_text][et_pb_button button_url=\u00bbhttps:\/\/pop.churchcenter.com\/people\/forms\/259280&#8243; button_text=\u00bb\u00a1Haga clic aqu\u00ed para registrarse!\u00bb _builder_version=\u00bb4.17.4&#8243; _module_preset=\u00bbdefault\u00bb custom_button=\u00bbon\u00bb button_text_size=\u00bb17px\u00bb button_text_color=\u00bbgcid-87ed5ab8-6efc-426e-a45d-455b2e0d08c2&#8243; button_bg_color=\u00bbRGBA(255,255,255,0)\u00bb button_border_radius=\u00bb0px\u00bb button_font=\u00bbPoppins|600|||||||\u00bb button_use_icon=\u00bboff\u00bb button_text_size_tablet=\u00bb16px\u00bb button_text_size_phone=\u00bb15px\u00bb button_text_size_last_edited=\u00bbon|phone\u00bb button_text_color_tablet=\u00bbgcid-87ed5ab8-6efc-426e-a45d-455b2e0d08c2&#8243; button_text_color_phone=\u00bbgcid-87ed5ab8-6efc-426e-a45d-455b2e0d08c2&#8243; button_text_color_last_edited=\u00bbon|desktop\u00bb global_colors_info=\u00bb{%22gcid-2d85d98c-8894-4b4b-81e4-d5afeda04c08%22:%91%22button_text_color__hover%22%93,%22gcid-2ddc0005-ea3f-4fc1-a0d6-5a5b292e354c%22:%91%22button_bg_color%22,%22button_bg_color%22,%22button_bg_color%22,%22button_bg_color%22,%22button_bg_color%22%93,%22gcid-87ed5ab8-6efc-426e-a45d-455b2e0d08c2%22:%91%22button_text_color%22,%22button_text_color_tablet%22,%22button_text_color_phone%22%93}\u00bb button_text_color__hover=\u00bb#fcc41e\u00bb button_text_color__hover_enabled=\u00bbon|desktop\u00bb][\/et_pb_button][\/et_pb_column][et_pb_column type=\u00bb1_2&#8243; _builder_version=\u00bb4.24.2&#8243; _module_preset=\u00bbdefault\u00bb pac_dcm_carousel_specific_module_num=\u00bb0&#8243; global_colors_info=\u00bb{}\u00bb][et_pb_image src=\u00bbhttps:\/\/popfb.org\/wp-content\/uploads\/2024\/02\/Baptism-Adult-1.png\u00bb title_text=\u00bbBaptism Adult\u00bb force_fullwidth=\u00bbon\u00bb _builder_version=\u00bb4.24.2&#8243; _module_preset=\u00bbdefault\u00bb min_height_tablet=\u00bb\u00bb min_height_phone=\u00bb\u00bb min_height_last_edited=\u00bbon|tablet\u00bb max_height_tablet=\u00bb543px\u00bb max_height_phone=\u00bb285px\u00bb max_height_last_edited=\u00bbon|phone\u00bb custom_margin=\u00bb0px||0px||true|false\u00bb custom_margin_tablet=\u00bb0px|||\u00bb custom_margin_phone=\u00bb0px|||\u00bb custom_margin_last_edited=\u00bbon|phone\u00bb animation_style=\u00bbslide\u00bb animation_direction=\u00bbtop\u00bb animation_duration=\u00bb1500ms\u00bb animation_intensity_slide=\u00bb6%\u00bb animation_starting_opacity=\u00bb100%\u00bb box_shadow_style=\u00bbpreset1&#8243; box_shadow_vertical=\u00bb10px\u00bb box_shadow_blur=\u00bb100px\u00bb box_shadow_color=\u00bbrgba(0,0,0,0.2)\u00bb global_colors_info=\u00bb{}\u00bb][\/et_pb_image][\/et_pb_column][\/et_pb_row][et_pb_row column_structure=\u00bb1_2,1_2&#8243; _builder_version=\u00bb4.24.2&#8243; _module_preset=\u00bbdefault\u00bb background_color=\u00bbgcid-87ed5ab8-6efc-426e-a45d-455b2e0d08c2&#8243; custom_padding=\u00bb40px|40px|40px|40px|true|true\u00bb global_colors_info=\u00bb{%22gcid-87ed5ab8-6efc-426e-a45d-455b2e0d08c2%22:%91%22background_color%22%93}\u00bb][et_pb_column type=\u00bb1_2&#8243; _builder_version=\u00bb4.24.2&#8243; _module_preset=\u00bbdefault\u00bb pac_dcm_carousel_specific_module_num=\u00bb0&#8243; global_colors_info=\u00bb{}\u00bb][et_pb_text _builder_version=\u00bb4.17.4&#8243; _module_preset=\u00bbdefault\u00bb text_font=\u00bb||||||||\u00bb header_font=\u00bbPoppins|500|||||||\u00bb header_text_align=\u00bbleft\u00bb header_text_color=\u00bb#FFFFFF\u00bb header_font_size=\u00bb39px\u00bb custom_margin=\u00bb||0px||false|false\u00bb custom_padding=\u00bb||12px|||\u00bb text_font_size_tablet=\u00bb\u00bb text_font_size_phone=\u00bb\u00bb text_font_size_last_edited=\u00bbon|desktop\u00bb header_font_size_tablet=\u00bb35px\u00bb header_font_size_phone=\u00bb30px\u00bb header_font_size_last_edited=\u00bbon|phone\u00bb global_colors_info=\u00bb{}\u00bb]<\/p>\n<h1><b>Padrinos<\/b><\/h1>\n<p>[\/et_pb_text][et_pb_text _builder_version=\u00bb4.17.4&#8243; _module_preset=\u00bbdefault\u00bb text_font=\u00bbPoppins|600|||||||\u00bb text_text_color=\u00bb#FFFFFF\u00bb text_font_size=\u00bb17px\u00bb text_line_height=\u00bb1.8em\u00bb link_text_color=\u00bb#FFFFFF\u00bb header_font=\u00bb||||||||\u00bb header_2_font=\u00bb||||||||\u00bb module_alignment=\u00bbcenter\u00bb custom_margin=\u00bb||25px|||\u00bb text_font_size_tablet=\u00bb16px\u00bb text_font_size_phone=\u00bb15px\u00bb text_font_size_last_edited=\u00bbon|phone\u00bb locked=\u00bboff\u00bb global_colors_info=\u00bb{}\u00bb]<\/p>\n<p>Si es feligr\u00e9s de Prince of Peace, descargue y complete el formulario para padrinos y comun\u00edquese con Carmela Trevi\u00f1o al (678) 960-0069.<\/p>\n<p><em>*Si no es miembro de Prince of Peace, debe obtener una forma firmada de su parroquia.<\/em><\/p>\n<p>[\/et_pb_text][et_pb_button button_url=\u00bbhttps:\/\/popfb.org\/sponsorform\u00bb button_text=\u00bbFormulario para Padrinos\u00bb _builder_version=\u00bb4.25.2&#8243; _module_preset=\u00bbdefault\u00bb custom_button=\u00bbon\u00bb button_text_size=\u00bb17px\u00bb button_text_color=\u00bb#FFFFFF\u00bb button_bg_color=\u00bbRGBA(255,255,255,0)\u00bb button_border_radius=\u00bb0px\u00bb button_font=\u00bbPoppins|600|||||||\u00bb button_use_icon=\u00bboff\u00bb button_text_size_tablet=\u00bb16px\u00bb button_text_size_phone=\u00bb15px\u00bb button_text_size_last_edited=\u00bbon|phone\u00bb button_text_color_tablet=\u00bb#FFFFFF\u00bb button_text_color_phone=\u00bb#FFFFFF\u00bb button_text_color_last_edited=\u00bbon|desktop\u00bb global_colors_info=\u00bb{%22gcid-2d85d98c-8894-4b4b-81e4-d5afeda04c08%22:%91%22button_text_color__hover%22%93,%22gcid-2ddc0005-ea3f-4fc1-a0d6-5a5b292e354c%22:%91%22button_bg_color%22,%22button_bg_color%22,%22button_bg_color%22,%22button_bg_color%22%93}\u00bb button_text_color__hover=\u00bb#fcc41e\u00bb button_text_color__hover_enabled=\u00bbon|desktop\u00bb][\/et_pb_button][\/et_pb_column][et_pb_column type=\u00bb1_2&#8243; _builder_version=\u00bb4.24.2&#8243; _module_preset=\u00bbdefault\u00bb pac_dcm_carousel_specific_module_num=\u00bb0&#8243; global_colors_info=\u00bb{}\u00bb][et_pb_text _builder_version=\u00bb4.17.4&#8243; _module_preset=\u00bbdefault\u00bb text_font=\u00bb||||||||\u00bb header_font=\u00bbPoppins|500|||||||\u00bb header_text_align=\u00bbleft\u00bb header_text_color=\u00bb#FFFFFF\u00bb header_font_size=\u00bb39px\u00bb custom_margin=\u00bb||0px||false|false\u00bb custom_padding=\u00bb||12px|||\u00bb text_font_size_tablet=\u00bb\u00bb text_font_size_phone=\u00bb\u00bb text_font_size_last_edited=\u00bbon|desktop\u00bb header_font_size_tablet=\u00bb35px\u00bb header_font_size_phone=\u00bb30px\u00bb header_font_size_last_edited=\u00bbon|phone\u00bb global_colors_info=\u00bb{}\u00bb]<\/p>\n<h1><b>\u00a1Cont\u00e1ctenos!<\/b><\/h1>\n<p>[\/et_pb_text][et_pb_text _builder_version=\u00bb4.24.2&#8243; _module_preset=\u00bbdefault\u00bb text_font=\u00bbPoppins|600|||||||\u00bb text_text_color=\u00bb#FFFFFF\u00bb text_font_size=\u00bb17px\u00bb text_line_height=\u00bb1.8em\u00bb link_text_color=\u00bb#FFFFFF\u00bb header_font=\u00bb||||||||\u00bb header_2_font=\u00bb||||||||\u00bb module_alignment=\u00bbcenter\u00bb custom_margin=\u00bb||25px|||\u00bb text_font_size_tablet=\u00bb16px\u00bb text_font_size_phone=\u00bb15px\u00bb text_font_size_last_edited=\u00bbon|phone\u00bb locked=\u00bboff\u00bb global_colors_info=\u00bb{}\u00bb]<\/p>\n<p><span style=\"color: #ffcc00;\"><strong>Carmela Trevi\u00f1o<\/strong><\/span><br \/>Coordinadora de Baustismo<br \/>678-960-0069<br \/><a href=\"mailto:Carmela@popfb.org\">Carmela@popfb.org<\/a><\/p>\n<p>[\/et_pb_text][\/et_pb_column][\/et_pb_row][\/et_pb_section]<\/p>\n","protected":false},"excerpt":{"rendered":"<p>Convi\u00e9rtase en una Nueva Creaci\u00f3nAdultosEl Sacramento del Bautismo es el primer paso a un camino de compromiso y discipulado. Ya sea que seamos bautizados como beb\u00e9s o adultos, el bautismo es la forma en que la Iglesia celebra y representa el abrazo de Dios. Estamos contentos de caminar junto a usted en esta jornada. Reg\u00edstrese a continuaci\u00f3n y nos pondremos en contacto con usted en breve para programar una reuni\u00f3n.PadrinosSi es feligr\u00e9s de Prince of Peace, descargue y complete el formulario para padrinos y comun\u00edquese con Carmela Trevi\u00f1o al (678) 960-0069. *Si no es miembro de Prince of Peace, debe obtener una forma firmada de su parroquia.\u00a1Cont\u00e1ctenos!Carmela Trevi\u00f1oCoordinadora de Baustismo678-960-0069Carmela@popfb.org<\/p>\n","protected":false},"author":1,"featured_media":0,"parent":0,"menu_order":0,"comment_status":"closed","ping_status":"closed","template":"","meta":{"_et_pb_use_builder":"on","_et_pb_old_content":"","_et_gb_content_width":"","footnotes":""},"class_list":["post-2551","page","type-page","status-publish","hentry"],"publishpress_future_action":{"enabled":false,"date":"2026-04-27 05:16:32","action":"change-status","newStatus":"draft","terms":[],"taxonomy":"translation_priority","extraData":[]},"publishpress_future_workflow_manual_trigger":{"enabledWorkflows":[]},"_links":{"self":[{"href":"https:\/\/popfb.org\/es\/wp-json\/wp\/v2\/pages\/2551","targetHints":{"allow":["GET"]}}],"collection":[{"href":"https:\/\/popfb.org\/es\/wp-json\/wp\/v2\/pages"}],"about":[{"href":"https:\/\/popfb.org\/es\/wp-json\/wp\/v2\/types\/page"}],"author":[{"embeddable":true,"href":"https:\/\/popfb.org\/es\/wp-json\/wp\/v2\/users\/1"}],"replies":[{"embeddable":true,"href":"https:\/\/popfb.org\/es\/wp-json\/wp\/v2\/comments?post=2551"}],"version-history":[{"count":1,"href":"https:\/\/popfb.org\/es\/wp-json\/wp\/v2\/pages\/2551\/revisions"}],"predecessor-version":[{"id":16546,"href":"https:\/\/popfb.org\/es\/wp-json\/wp\/v2\/pages\/2551\/revisions\/16546"}],"wp:attachment":[{"href":"https:\/\/popfb.org\/es\/wp-json\/wp\/v2\/media?parent=2551"}],"curies":[{"name":"wp","href":"https:\/\/api.w.org\/{rel}","templated":true}]}}