{"id":2531,"date":"2022-06-10T02:33:34","date_gmt":"2022-06-10T06:33:34","guid":{"rendered":"https:\/\/popfb.org\/bautismos-infantes-grado-5\/"},"modified":"2025-08-25T13:03:05","modified_gmt":"2025-08-25T17:03:05","slug":"baptism-children","status":"publish","type":"page","link":"https:\/\/popfb.org\/es\/baptism-children\/","title":{"rendered":"Sacramento: Bautismo (Infantes \u2013 Grado 5)"},"content":{"rendered":"<p>[et_pb_section fb_built=\u00bb1&#8243; _builder_version=\u00bb4.24.2&#8243; _module_preset=\u00bbdefault\u00bb global_colors_info=\u00bb{}\u00bb][et_pb_row column_structure=\u00bb1_2,1_2&#8243; _builder_version=\u00bb4.24.2&#8243; _module_preset=\u00bbdefault\u00bb custom_margin=\u00bb19px||||false|false\u00bb global_colors_info=\u00bb{}\u00bb][et_pb_column type=\u00bb1_2&#8243; _builder_version=\u00bb4.24.2&#8243; _module_preset=\u00bbdefault\u00bb pac_dcm_carousel_specific_module_num=\u00bb0&#8243; global_colors_info=\u00bb{}\u00bb][et_pb_text _builder_version=\u00bb4.24.2&#8243; _module_preset=\u00bbdefault\u00bb text_font=\u00bb||||||||\u00bb header_font=\u00bbPoppins|600|||||||\u00bb header_text_align=\u00bbleft\u00bb header_font_size=\u00bb55px\u00bb custom_margin=\u00bb||28px|||\u00bb header_font_size_tablet=\u00bb43px\u00bb header_font_size_phone=\u00bb35px\u00bb header_font_size_last_edited=\u00bbon|phone\u00bb global_colors_info=\u00bb{}\u00bb]<\/p>\n<h1><b>Convi\u00e9rtase<br \/>en una Nueva Criatura<\/b><\/h1>\n<p>[\/et_pb_text][et_pb_divider color=\u00bb#f7d584&#8243; divider_weight=\u00bb3px\u00bb disabled_on=\u00bbon|on|off\u00bb _builder_version=\u00bb4.24.2&#8243; _module_preset=\u00bbdefault\u00bb max_width=\u00bb80px\u00bb module_alignment=\u00bbleft\u00bb height=\u00bb10px\u00bb custom_margin=\u00bb||20px|\u00bb animation_style=\u00bbslide\u00bb animation_direction=\u00bbbottom\u00bb saved_tabs=\u00bball\u00bb locked=\u00bboff\u00bb global_colors_info=\u00bb{}\u00bb][\/et_pb_divider][et_pb_text _builder_version=\u00bb4.24.2&#8243; _module_preset=\u00bbdefault\u00bb text_font=\u00bbPlayfair Display||on||||||\u00bb text_text_color=\u00bbgcid-8aadf6e7-17df-4aa2-9c59-88af67cff600&#8243; text_font_size=\u00bb25px\u00bb text_letter_spacing=\u00bb1px\u00bb text_line_height=\u00bb1.8em\u00bb header_text_align=\u00bbleft\u00bb text_orientation=\u00bbcenter\u00bb module_alignment=\u00bbcenter\u00bb global_colors_info=\u00bb{%22gcid-8aadf6e7-17df-4aa2-9c59-88af67cff600%22:%91%22text_text_color%22%93}\u00bb]<\/p>\n<p style=\"text-align: left;\"><strong>Infantes &#8211; Grado 5<\/strong><\/p>\n<p>[\/et_pb_text][et_pb_text _builder_version=\u00bb4.27.4&#8243; _module_preset=\u00bbdefault\u00bb text_font=\u00bbPoppins|500|||||||\u00bb text_text_color=\u00bb#000000&#8243; text_font_size=\u00bb17px\u00bb text_line_height=\u00bb1.8em\u00bb header_font=\u00bb||||||||\u00bb header_2_font=\u00bb||||||||\u00bb module_alignment=\u00bbcenter\u00bb custom_margin=\u00bb||25px|||\u00bb text_font_size_tablet=\u00bb16px\u00bb text_font_size_phone=\u00bb15px\u00bb text_font_size_last_edited=\u00bbon|phone\u00bb locked=\u00bboff\u00bb global_colors_info=\u00bb{}\u00bb]<\/p>\n<p>El Sacramento del Bautismo es el primer paso en un viaje de por vida de compromiso y discipulado. Ya sea que seamos bautizados como beb\u00e9s o adultos, el bautismo es la forma en que la Iglesia celebra y representa el abrazo de Dios.<\/p>\n<p>Para beb\u00e9s y ni\u00f1os de hasta 5.\u00ba grado, reg\u00edstrese a continuaci\u00f3n y un miembro de nuestro equipo lo llamar\u00e1 para analizar los pr\u00f3ximos pasos.<\/p>\n<p>[\/et_pb_text][et_pb_button button_url=\u00bbhttps:\/\/pop.churchcenter.com\/people\/forms\/59155&#8243; button_text=\u00bbHaga clic aqu\u00ed para registrarse\u00bb _builder_version=\u00bb4.17.4&#8243; _module_preset=\u00bbdefault\u00bb custom_button=\u00bbon\u00bb button_text_size=\u00bb17px\u00bb button_text_color=\u00bbgcid-87ed5ab8-6efc-426e-a45d-455b2e0d08c2&#8243; button_bg_color=\u00bbRGBA(255,255,255,0)\u00bb button_border_radius=\u00bb0px\u00bb button_font=\u00bbPoppins|600|||||||\u00bb button_use_icon=\u00bboff\u00bb button_text_size_tablet=\u00bb16px\u00bb button_text_size_phone=\u00bb15px\u00bb button_text_size_last_edited=\u00bbon|phone\u00bb button_text_color_tablet=\u00bbgcid-87ed5ab8-6efc-426e-a45d-455b2e0d08c2&#8243; button_text_color_phone=\u00bbgcid-87ed5ab8-6efc-426e-a45d-455b2e0d08c2&#8243; button_text_color_last_edited=\u00bbon|desktop\u00bb global_colors_info=\u00bb{%22gcid-2d85d98c-8894-4b4b-81e4-d5afeda04c08%22:%91%22button_text_color__hover%22%93,%22gcid-2ddc0005-ea3f-4fc1-a0d6-5a5b292e354c%22:%91%22button_bg_color%22,%22button_bg_color%22%93,%22gcid-87ed5ab8-6efc-426e-a45d-455b2e0d08c2%22:%91%22button_text_color%22,%22button_text_color_tablet%22,%22button_text_color_phone%22%93}\u00bb button_text_color__hover=\u00bb#fcc41e\u00bb button_text_color__hover_enabled=\u00bbon|desktop\u00bb][\/et_pb_button][\/et_pb_column][et_pb_column type=\u00bb1_2&#8243; _builder_version=\u00bb4.24.2&#8243; _module_preset=\u00bbdefault\u00bb pac_dcm_carousel_specific_module_num=\u00bb0&#8243; global_colors_info=\u00bb{}\u00bb][et_pb_image src=\u00bbhttps:\/\/popfb.org\/wp-content\/uploads\/2024\/02\/baptism.png\u00bb title_text=\u00bbbaptism\u00bb force_fullwidth=\u00bbon\u00bb _builder_version=\u00bb4.24.2&#8243; _module_preset=\u00bbdefault\u00bb min_height_tablet=\u00bb\u00bb min_height_phone=\u00bb\u00bb min_height_last_edited=\u00bbon|tablet\u00bb max_height_tablet=\u00bb543px\u00bb max_height_phone=\u00bb285px\u00bb max_height_last_edited=\u00bbon|phone\u00bb custom_margin=\u00bb0px||0px||true|false\u00bb custom_margin_tablet=\u00bb0px|||\u00bb custom_margin_phone=\u00bb0px|||\u00bb custom_margin_last_edited=\u00bbon|phone\u00bb animation_style=\u00bbslide\u00bb animation_direction=\u00bbtop\u00bb animation_duration=\u00bb1500ms\u00bb animation_intensity_slide=\u00bb6%\u00bb animation_starting_opacity=\u00bb100%\u00bb box_shadow_style=\u00bbpreset1&#8243; box_shadow_vertical=\u00bb10px\u00bb box_shadow_blur=\u00bb100px\u00bb box_shadow_color=\u00bbrgba(0,0,0,0.2)\u00bb global_colors_info=\u00bb{}\u00bb][\/et_pb_image][\/et_pb_column][\/et_pb_row][et_pb_row column_structure=\u00bb1_2,1_2&#8243; _builder_version=\u00bb4.27.4&#8243; _module_preset=\u00bbdefault\u00bb global_colors_info=\u00bb{}\u00bb][et_pb_column type=\u00bb1_2&#8243; _builder_version=\u00bb4.27.4&#8243; _module_preset=\u00bbdefault\u00bb pac_dcm_carousel_specific_module_num=\u00bb0&#8243; global_colors_info=\u00bb{}\u00bb][et_pb_text _builder_version=\u00bb4.27.4&#8243; _module_preset=\u00bbdefault\u00bb text_font=\u00bb||||||||\u00bb header_font=\u00bbPoppins|500|||||||\u00bb header_text_align=\u00bbleft\u00bb header_text_color=\u00bbgcid-2ddc0005-ea3f-4fc1-a0d6-5a5b292e354c\u00bb header_font_size=\u00bb39px\u00bb custom_margin=\u00bb||0px||false|false\u00bb custom_padding=\u00bb||5px|||\u00bb text_font_size_tablet=\u00bb\u00bb text_font_size_phone=\u00bb\u00bb text_font_size_last_edited=\u00bbon|desktop\u00bb header_font_size_tablet=\u00bb35px\u00bb header_font_size_phone=\u00bb30px\u00bb header_font_size_last_edited=\u00bbon|phone\u00bb global_colors_info=\u00bb{%22gcid-2ddc0005-ea3f-4fc1-a0d6-5a5b292e354c%22:%91%22header_text_color%22%93}\u00bb]<\/p>\n<h1><b>Padrinos<\/b><\/h1>\n<p>[\/et_pb_text][et_pb_text _builder_version=\u00bb4.27.4&#8243; _module_preset=\u00bbdefault\u00bb text_font=\u00bbPoppins|500|||||||\u00bb text_text_color=\u00bb#000000&#8243; text_font_size=\u00bb17px\u00bb text_line_height=\u00bb1.8em\u00bb header_font=\u00bb||||||||\u00bb header_2_font=\u00bb||||||||\u00bb module_alignment=\u00bbcenter\u00bb custom_margin=\u00bb||25px|||\u00bb hover_enabled=\u00bb0&#8243; text_font_size_tablet=\u00bb16px\u00bb text_font_size_phone=\u00bb15px\u00bb text_font_size_last_edited=\u00bbon|phone\u00bb locked=\u00bboff\u00bb global_colors_info=\u00bb{}\u00bb sticky_enabled=\u00bb0&#8243;]<\/p>\n<p>\u00bfLe han pedido ser padrino o madrina? Estas preguntas le ayudar\u00e1n a discernir si est\u00e1 listo(a) para asumir esta responsabilidad:<\/p>\n<ul>\n<li>\u00bfParticipo en la Misa todos los domingos?<\/li>\n<li>\u00bfVivo activamente mi fe?<\/li>\n<li>\u00bfEstoy dispuesto(a) a acompa\u00f1ar a mi ahijado\/ahijada en este proceso?<\/li>\n<li>\u00bfHe recibido el Sacramento de la Confirmaci\u00f3n?<\/li>\n<li>Si estoy casado(a), \u00bfme cas\u00e9 en una iglesia cat\u00f3lica?<\/li>\n<\/ul>\n<p>Para m\u00e1s recursos que le ayuden a discernir, puede visitar: <span><a href=\"https:\/\/www.ecocatolico.org\/iglesia-viva\/diocesis-y-parroquias\/item\/3083-ser-padrino-es-una-mision-y-no-una-simple-tradicion\">El rol del padrino\/madrina<\/a>.<\/span><\/p>\n<p>[\/et_pb_text][\/et_pb_column][et_pb_column type=\u00bb1_2&#8243; _builder_version=\u00bb4.27.4&#8243; _module_preset=\u00bbdefault\u00bb pac_dcm_carousel_specific_module_num=\u00bb0&#8243; global_colors_info=\u00bb{}\u00bb][et_pb_text _builder_version=\u00bb4.24.2&#8243; _module_preset=\u00bbdefault\u00bb text_font=\u00bbPoppins|500|||||||\u00bb text_text_color=\u00bb#000000&#8243; text_font_size=\u00bb17px\u00bb text_line_height=\u00bb1.8em\u00bb header_font=\u00bb||||||||\u00bb header_2_font=\u00bb||||||||\u00bb module_alignment=\u00bbcenter\u00bb custom_margin=\u00bb||25px|||\u00bb text_font_size_tablet=\u00bb16px\u00bb text_font_size_phone=\u00bb15px\u00bb text_font_size_last_edited=\u00bbon|phone\u00bb locked=\u00bboff\u00bb global_colors_info=\u00bb{}\u00bb]<\/p>\n<p>Si es feligr\u00e9s de Prince of Peace, descargue y complete nuestro Formulario de padrino y comun\u00edquese con Carmela Trevi\u00f1o al (678) 960-0069 para registrarse para la preparaci\u00f3n bautismal.<\/p>\n<p><em>*Si no es miembro de Prince of Peace, debe obtener un formulario firmado por su parroquia.<\/em><\/p>\n<p>[\/et_pb_text][et_pb_button button_url=\u00bbhttps:\/\/popfb.org\/sponsorform\u00bb button_text=\u00bbFormulario para Padrinos\u00bb _builder_version=\u00bb4.25.2&#8243; _module_preset=\u00bbdefault\u00bb custom_button=\u00bbon\u00bb button_text_size=\u00bb17px\u00bb button_text_color=\u00bbgcid-87ed5ab8-6efc-426e-a45d-455b2e0d08c2&#8243; button_bg_color=\u00bbRGBA(255,255,255,0)\u00bb button_border_radius=\u00bb0px\u00bb button_font=\u00bbPoppins|600|||||||\u00bb button_use_icon=\u00bboff\u00bb button_text_size_tablet=\u00bb16px\u00bb button_text_size_phone=\u00bb15px\u00bb button_text_size_last_edited=\u00bbon|phone\u00bb button_text_color_tablet=\u00bbgcid-87ed5ab8-6efc-426e-a45d-455b2e0d08c2&#8243; button_text_color_phone=\u00bbgcid-87ed5ab8-6efc-426e-a45d-455b2e0d08c2&#8243; button_text_color_last_edited=\u00bbon|desktop\u00bb global_colors_info=\u00bb{%22gcid-2d85d98c-8894-4b4b-81e4-d5afeda04c08%22:%91%22button_text_color__hover%22,%22button_text_color__hover%22%93,%22gcid-2ddc0005-ea3f-4fc1-a0d6-5a5b292e354c%22:%91%22button_bg_color%22,%22button_bg_color%22,%22button_bg_color%22%93,%22gcid-87ed5ab8-6efc-426e-a45d-455b2e0d08c2%22:%91%22button_text_color%22,%22button_text_color_tablet%22,%22button_text_color_phone%22%93}\u00bb button_text_color__hover=\u00bb#fcc41e\u00bb button_text_color__hover_enabled=\u00bbon|desktop\u00bb][\/et_pb_button][\/et_pb_column][\/et_pb_row][et_pb_row _builder_version=\u00bb4.27.4&#8243; _module_preset=\u00bbdefault\u00bb background_color=\u00bbgcid-87ed5ab8-6efc-426e-a45d-455b2e0d08c2&#8243; custom_padding=\u00bb40px|40px|40px|40px|true|true\u00bb global_colors_info=\u00bb{%22gcid-87ed5ab8-6efc-426e-a45d-455b2e0d08c2%22:%91%22background_color%22%93}\u00bb][et_pb_column type=\u00bb4_4&#8243; _builder_version=\u00bb4.24.2&#8243; _module_preset=\u00bbdefault\u00bb pac_dcm_carousel_specific_module_num=\u00bb0&#8243; global_colors_info=\u00bb{}\u00bb][et_pb_text _builder_version=\u00bb4.27.4&#8243; _module_preset=\u00bbdefault\u00bb text_font=\u00bb||||||||\u00bb header_font=\u00bbPoppins|500|||||||\u00bb header_text_align=\u00bbcenter\u00bb header_text_color=\u00bb#FFFFFF\u00bb header_font_size=\u00bb39px\u00bb text_orientation=\u00bbcenter\u00bb custom_margin=\u00bb||0px||false|false\u00bb text_font_size_tablet=\u00bb\u00bb text_font_size_phone=\u00bb\u00bb text_font_size_last_edited=\u00bbon|desktop\u00bb header_font_size_tablet=\u00bb35px\u00bb header_font_size_phone=\u00bb30px\u00bb header_font_size_last_edited=\u00bbon|phone\u00bb global_colors_info=\u00bb{}\u00bb]<\/p>\n<h1><b>Cont\u00e1ctenos<\/b><\/h1>\n<p>[\/et_pb_text][et_pb_text _builder_version=\u00bb4.27.4&#8243; _module_preset=\u00bbdefault\u00bb text_font=\u00bbPoppins|600|||||||\u00bb text_text_color=\u00bb#FFFFFF\u00bb text_font_size=\u00bb17px\u00bb text_line_height=\u00bb1.8em\u00bb link_text_color=\u00bb#FFFFFF\u00bb header_font=\u00bb||||||||\u00bb header_2_font=\u00bb||||||||\u00bb text_orientation=\u00bbcenter\u00bb module_alignment=\u00bbcenter\u00bb custom_margin=\u00bb||25px|||\u00bb text_font_size_tablet=\u00bb16px\u00bb text_font_size_phone=\u00bb15px\u00bb text_font_size_last_edited=\u00bbon|phone\u00bb locked=\u00bboff\u00bb global_colors_info=\u00bb{}\u00bb]<\/p>\n<p><span style=\"color: #ffcc00;\"><strong>Carmela Trevi\u00f1o<\/strong><\/span><br \/><em>Coordinadora de Baustismos<br \/><\/em>678-960-0069<br \/><a href=\"mailto:carmela@popfb.org\">carmela@popfb.org<\/a><\/p>\n<p>[\/et_pb_text][\/et_pb_column][\/et_pb_row][\/et_pb_section]<\/p>\n","protected":false},"excerpt":{"rendered":"<p>Convi\u00e9rtaseen una Nueva CriaturaInfantes &#8211; Grado 5El Sacramento del Bautismo es el primer paso en un viaje de por vida de compromiso y discipulado. Ya sea que seamos bautizados como beb\u00e9s o adultos, el bautismo es la forma en que la Iglesia celebra y representa el abrazo de Dios. Para beb\u00e9s y ni\u00f1os de hasta 5.\u00ba grado, reg\u00edstrese a continuaci\u00f3n y un miembro de nuestro equipo lo llamar\u00e1 para analizar los pr\u00f3ximos pasos.Padrinos\u00bfLe han pedido ser padrino o madrina? Estas preguntas le ayudar\u00e1n a discernir si est\u00e1 listo(a) para asumir esta responsabilidad: \u00bfParticipo en la Misa todos los domingos? \u00bfVivo activamente mi fe? \u00bfEstoy dispuesto(a) a acompa\u00f1ar a mi ahijado\/ahijada en este proceso? \u00bfHe recibido el Sacramento de la Confirmaci\u00f3n? Si estoy casado(a), \u00bfme cas\u00e9 en una iglesia cat\u00f3lica? Para m\u00e1s recursos que le ayuden a discernir, puede visitar: El rol del padrino\/madrina.Si es feligr\u00e9s de Prince of Peace, descargue y complete nuestro Formulario de padrino y comun\u00edquese con Carmela Trevi\u00f1o al (678) 960-0069 para registrarse para la preparaci\u00f3n bautismal. *Si no es miembro de Prince of Peace, debe obtener un formulario firmado por su parroquia.Cont\u00e1ctenosCarmela Trevi\u00f1oCoordinadora de Baustismos678-960-0069carmela@popfb.org<\/p>\n","protected":false},"author":1,"featured_media":0,"parent":0,"menu_order":0,"comment_status":"closed","ping_status":"closed","template":"","meta":{"_et_pb_use_builder":"on","_et_pb_old_content":"","_et_gb_content_width":"","footnotes":""},"class_list":["post-2531","page","type-page","status-publish","hentry"],"publishpress_future_action":{"enabled":false,"date":"2026-04-23 19:55:06","action":"change-status","newStatus":"draft","terms":[],"taxonomy":"translation_priority","extraData":[]},"publishpress_future_workflow_manual_trigger":{"enabledWorkflows":[]},"_links":{"self":[{"href":"https:\/\/popfb.org\/es\/wp-json\/wp\/v2\/pages\/2531","targetHints":{"allow":["GET"]}}],"collection":[{"href":"https:\/\/popfb.org\/es\/wp-json\/wp\/v2\/pages"}],"about":[{"href":"https:\/\/popfb.org\/es\/wp-json\/wp\/v2\/types\/page"}],"author":[{"embeddable":true,"href":"https:\/\/popfb.org\/es\/wp-json\/wp\/v2\/users\/1"}],"replies":[{"embeddable":true,"href":"https:\/\/popfb.org\/es\/wp-json\/wp\/v2\/comments?post=2531"}],"version-history":[{"count":2,"href":"https:\/\/popfb.org\/es\/wp-json\/wp\/v2\/pages\/2531\/revisions"}],"predecessor-version":[{"id":16567,"href":"https:\/\/popfb.org\/es\/wp-json\/wp\/v2\/pages\/2531\/revisions\/16567"}],"wp:attachment":[{"href":"https:\/\/popfb.org\/es\/wp-json\/wp\/v2\/media?parent=2531"}],"curies":[{"name":"wp","href":"https:\/\/api.w.org\/{rel}","templated":true}]}}