{"id":15473,"date":"2025-05-12T10:09:18","date_gmt":"2025-05-12T14:09:18","guid":{"rendered":"https:\/\/popfb.org\/fondo-patrimonial\/"},"modified":"2025-05-14T10:44:25","modified_gmt":"2025-05-14T14:44:25","slug":"endowment","status":"publish","type":"page","link":"https:\/\/popfb.org\/es\/endowment\/","title":{"rendered":"Fondo Patrimonial"},"content":{"rendered":"<p>[et_pb_section fb_built=\u00bb1&#8243; fullwidth=\u00bbon\u00bb _builder_version=\u00bb4.27.4&#8243; _module_preset=\u00bbdefault\u00bb global_colors_info=\u00bb{}\u00bb][et_pb_fullwidth_header title=\u00bbPrince of Peace\u00bb subhead=\u00bbFondo Patrimonial\u00bb _builder_version=\u00bb4.27.4&#8243; _module_preset=\u00bbdefault\u00bb title_font=\u00bbPoppins|600|||||||\u00bb title_font_size=\u00bb60px\u00bb subhead_font=\u00bbPoppins||||||||\u00bb subhead_font_size=\u00bb50px\u00bb subhead_line_height=\u00bb1.1em\u00bb background_color=\u00bbgcid-8aadf6e7-17df-4aa2-9c59-88af67cff600&#8243; custom_padding=\u00bb114px||86px||false|false\u00bb custom_padding_tablet=\u00bb100px||70px||false|false\u00bb custom_padding_phone=\u00bb90px||60px||false|false\u00bb custom_padding_last_edited=\u00bbon|phone\u00bb title_font_size_tablet=\u00bb55px\u00bb title_font_size_phone=\u00bb40px\u00bb title_font_size_last_edited=\u00bbon|phone\u00bb subhead_font_size_tablet=\u00bb40px\u00bb subhead_font_size_phone=\u00bb30px\u00bb subhead_font_size_last_edited=\u00bbon|phone\u00bb global_colors_info=\u00bb{%22gcid-8aadf6e7-17df-4aa2-9c59-88af67cff600%22:%91%22background_color%22%93}\u00bb][\/et_pb_fullwidth_header][\/et_pb_section][et_pb_section fb_built=\u00bb1&#8243; _builder_version=\u00bb4.27.4&#8243; _module_preset=\u00bbdefault\u00bb global_colors_info=\u00bb{}\u00bb][et_pb_row column_structure=\u00bb1_2,1_2&#8243; _builder_version=\u00bb4.27.4&#8243; _module_preset=\u00bbdefault\u00bb global_colors_info=\u00bb{}\u00bb][et_pb_column type=\u00bb1_2&#8243; _builder_version=\u00bb4.27.4&#8243; _module_preset=\u00bbdefault\u00bb pac_dcm_carousel_specific_module_num=\u00bb0&#8243; global_colors_info=\u00bb{}\u00bb][et_pb_text _builder_version=\u00bb4.27.4&#8243; _module_preset=\u00bbdefault\u00bb text_font=\u00bbPoppins||||||||\u00bb text_text_color=\u00bb#000000&#8243; text_font_size=\u00bb18px\u00bb text_font_size_tablet=\u00bb17px\u00bb text_font_size_phone=\u00bb15px\u00bb text_font_size_last_edited=\u00bbon|phone\u00bb global_colors_info=\u00bb{}\u00bb]<\/p>\n<p data-start=\"101\" data-end=\"590\">El Fondo Patrimonial de Prince of Peace ayuda a proteger el futuro de nuestra parroquia. Las donaciones al fondo no se gastan. En su lugar, se invierten, y s\u00f3lo se utilizan las ganancias. Esto permite que el fondo crezca y apoye a la parroquia durante muchos a\u00f1os. A medida que nuestra parroquia crece y sirve a m\u00e1s gente, tambi\u00e9n aumentan nuestras necesidades econ\u00f3micas. El Fondo Patrimonial proporciona un apoyo constante para que podamos continuar la misi\u00f3n de Cristo en nuestra comunidad ahora y en el futuro.     <\/p>\n<p>Para obtener m\u00e1s informaci\u00f3n sobre c\u00f3mo hacer un regalo de legado a nuestro fondo patrimonial parroquial, comun\u00edquese con nosotros a <span style=\"color: #000000;\"><a href=\"mailto:endowment@popfb.org\" style=\"color: #000000;\">endowment@popfb.org<\/a><\/span>. <\/p>\n<p>[\/et_pb_text][et_pb_button button_url=\u00bbhttps:\/\/cfnga.fcsuite.com\/erp\/donate\/create\/fund?funit_id=1486&#8243; button_text=\u00bbFondo Patrimonial\u00bb _builder_version=\u00bb4.27.4&#8243; _module_preset=\u00bbdefault\u00bb custom_button=\u00bbon\u00bb button_text_size=\u00bb18px\u00bb button_text_color=\u00bbgcid-c3b3d65a-9692-424b-8508-568de263d36c\u00bb button_bg_color=\u00bbgcid-8aadf6e7-17df-4aa2-9c59-88af67cff600&#8243; button_font=\u00bbPoppins||||||||\u00bb button_text_size_tablet=\u00bb17px\u00bb button_text_size_phone=\u00bb15px\u00bb button_text_size_last_edited=\u00bbon|desktop\u00bb global_colors_info=\u00bb{%22gcid-c3b3d65a-9692-424b-8508-568de263d36c%22:%91%22button_text_color%22%93,%22gcid-8aadf6e7-17df-4aa2-9c59-88af67cff600%22:%91%22button_bg_color%22%93}\u00bb][\/et_pb_button][\/et_pb_column][et_pb_column type=\u00bb1_2&#8243; _builder_version=\u00bb4.27.4&#8243; _module_preset=\u00bbdefault\u00bb pac_dcm_carousel_specific_module_num=\u00bb0&#8243; global_colors_info=\u00bb{}\u00bb][et_pb_image src=\u00bbhttps:\/\/popfb.org\/wp-content\/uploads\/2025\/05\/Spanish-1.png\u00bb title_text=\u00bb(Spanish) (1)\u00bb _builder_version=\u00bb4.27.4&#8243; _module_preset=\u00bbdefault\u00bb width=\u00bb89%\u00bb width_tablet=\u00bb92%\u00bb width_phone=\u00bb79%\u00bb width_last_edited=\u00bbon|phone\u00bb hover_enabled=\u00bb0&#8243; global_colors_info=\u00bb{}\u00bb sticky_enabled=\u00bb0&#8243;][\/et_pb_image][\/et_pb_column][\/et_pb_row][\/et_pb_section]<\/p>\n","protected":false},"excerpt":{"rendered":"<p>El Fondo Patrimonial de Prince of Peace ayuda a proteger el futuro de nuestra parroquia. Las donaciones al fondo no se gastan. En su lugar, se invierten, y s\u00f3lo se utilizan las ganancias. Esto permite que el fondo crezca y apoye a la parroquia durante muchos a\u00f1os. A medida que nuestra parroquia crece y sirve a m\u00e1s gente, tambi\u00e9n aumentan nuestras necesidades econ\u00f3micas. El Fondo Patrimonial proporciona un apoyo constante para que podamos continuar la misi\u00f3n de Cristo en nuestra comunidad ahora y en el futuro. Para obtener m\u00e1s informaci\u00f3n sobre c\u00f3mo hacer un regalo de legado a nuestro fondo patrimonial parroquial, comun\u00edquese con nosotros a endowment@popfb.org.<\/p>\n","protected":false},"author":1,"featured_media":0,"parent":0,"menu_order":0,"comment_status":"closed","ping_status":"closed","template":"","meta":{"_et_pb_use_builder":"on","_et_pb_old_content":"","_et_gb_content_width":"","footnotes":""},"class_list":["post-15473","page","type-page","status-publish","hentry"],"publishpress_future_action":{"enabled":false,"date":"2026-04-17 11:59:42","action":"change-status","newStatus":"draft","terms":[],"taxonomy":"translation_priority","extraData":[]},"publishpress_future_workflow_manual_trigger":{"enabledWorkflows":[]},"_links":{"self":[{"href":"https:\/\/popfb.org\/es\/wp-json\/wp\/v2\/pages\/15473","targetHints":{"allow":["GET"]}}],"collection":[{"href":"https:\/\/popfb.org\/es\/wp-json\/wp\/v2\/pages"}],"about":[{"href":"https:\/\/popfb.org\/es\/wp-json\/wp\/v2\/types\/page"}],"author":[{"embeddable":true,"href":"https:\/\/popfb.org\/es\/wp-json\/wp\/v2\/users\/1"}],"replies":[{"embeddable":true,"href":"https:\/\/popfb.org\/es\/wp-json\/wp\/v2\/comments?post=15473"}],"version-history":[{"count":5,"href":"https:\/\/popfb.org\/es\/wp-json\/wp\/v2\/pages\/15473\/revisions"}],"predecessor-version":[{"id":15482,"href":"https:\/\/popfb.org\/es\/wp-json\/wp\/v2\/pages\/15473\/revisions\/15482"}],"wp:attachment":[{"href":"https:\/\/popfb.org\/es\/wp-json\/wp\/v2\/media?parent=15473"}],"curies":[{"name":"wp","href":"https:\/\/api.w.org\/{rel}","templated":true}]}}