{"id":1435,"date":"2022-04-03T23:59:30","date_gmt":"2022-04-04T03:59:30","guid":{"rendered":"https:\/\/popfb.org\/transmision-en-vivo\/"},"modified":"2025-09-11T13:47:28","modified_gmt":"2025-09-11T17:47:28","slug":"livestream","status":"publish","type":"page","link":"https:\/\/popfb.org\/es\/livestream\/","title":{"rendered":"Transmisi\u00f3n en Vivo"},"content":{"rendered":"<p>[et_pb_section fb_built=\u00bb1&#8243; theme_builder_area=\u00bbpost_content\u00bb _builder_version=\u00bb4.27.4&#8243; _module_preset=\u00bbdefault\u00bb background_color=\u00bb#E02B20&#8243; custom_padding=\u00bb70px||10px||false|false\u00bb][et_pb_row _builder_version=\u00bb4.27.4&#8243; _module_preset=\u00bbdefault\u00bb theme_builder_area=\u00bbpost_content\u00bb][et_pb_column _builder_version=\u00bb4.27.4&#8243; _module_preset=\u00bbdefault\u00bb type=\u00bb4_4&#8243; theme_builder_area=\u00bbpost_content\u00bb][et_pb_text _builder_version=\u00bb4.27.4&#8243; _module_preset=\u00bbdefault\u00bb theme_builder_area=\u00bbpost_content\u00bb header_text_color=\u00bb#FFFFFF\u00bb text_orientation=\u00bbcenter\u00bb custom_margin=\u00bb||9px|||\u00bb header_font_size_tablet=\u00bb25px\u00bb header_font_size_phone=\u00bb20px\u00bb header_font_size_last_edited=\u00bbon|phone\u00bb sticky_enabled=\u00bb0&#8243; hover_enabled=\u00bb0&#8243;]<\/p>\n<h1 data-start=\"46\" data-end=\"324\"><strong>La Misa de las 4pm del 20 de septiembre se celebrara al aire libre y no se transmitira en vivo.<\/strong><br \/><strong>\u00a1Acompa\u00f1enos en persona y traiga su silla o manta!<\/strong><\/h1>\n<p>[\/et_pb_text][et_pb_button button_text=\u00bbMas Detalles\u00bb _builder_version=\u00bb4.27.4&#8243; _module_preset=\u00bbdefault\u00bb theme_builder_area=\u00bbpost_content\u00bb button_url=\u00bbhttps:\/\/popfb.org\/es\/event\/picnic-parroquial-2025-2\/\u00bb button_alignment=\u00bbcenter\u00bb background_layout=\u00bbdark\u00bb hover_enabled=\u00bb0&#8243; sticky_enabled=\u00bb0&#8243;][\/et_pb_button][\/et_pb_column][\/et_pb_row][\/et_pb_section][et_pb_section fb_built=\u00bb1&#8243; fullwidth=\u00bbon\u00bb _builder_version=\u00bb4.17.3&#8243; _module_preset=\u00bbdefault\u00bb global_colors_info=\u00bb{}\u00bb][et_pb_fullwidth_code _builder_version=\u00bb4.20.4&#8243; _module_preset=\u00bbdefault\u00bb global_colors_info=\u00bb{}\u00bb]<\/p>\n<div style=\"position:relative;overflow:hidden;padding-top:56.25%;\"><!-- [et_pb_line_break_holder] -->  <iframe allow=\"autoplay; fullscreen\" allowfullscreen=\"true\" src=\"https:\/\/control.resi.io\/webplayer\/video.html?id=e41d03bb-2fea-4004-b981-51c62f3aba8a&#038;playerProfileId=YmU5NTAzMTUtNjJhZi00NjE0LWFiZjctMDYxYThkNTE5Mzk1OjMwNWI2ODgwLWQ5NjMtMTFlZC04ZGUyLTU1YmUyMGE2Y2VmZA==\" style=\"position:absolute;top:0;left:0;width:100%;height:100%;border:none;\"><\/iframe><!-- [et_pb_line_break_holder] --><\/div>\n<p>[\/et_pb_fullwidth_code][\/et_pb_section][et_pb_section fb_built=\u00bb1&#8243; admin_label=\u00bbFooter\u00bb _builder_version=\u00bb4.18.1&#8243; _module_preset=\u00bbdefault\u00bb background_color=\u00bbgcid-8aadf6e7-17df-4aa2-9c59-88af67cff600&#8243; background_enable_image=\u00bboff\u00bb custom_padding=\u00bb0px||5vw||false|false\u00bb locked=\u00bboff\u00bb global_colors_info=\u00bb{%22gcid-8aadf6e7-17df-4aa2-9c59-88af67cff600%22:%91%22background_color%22%93}\u00bb][et_pb_row column_structure=\u00bb1_3,1_3,1_3&#8243; use_custom_gutter=\u00bbon\u00bb gutter_width=\u00bb2&#8243; make_equal=\u00bbon\u00bb _builder_version=\u00bb4.18.1&#8243; _module_preset=\u00bbdefault\u00bb custom_margin=\u00bb||||false|false\u00bb custom_padding=\u00bb96px||0px|||\u00bb global_colors_info=\u00bb{}\u00bb][et_pb_column type=\u00bb1_3&#8243; _builder_version=\u00bb4.17.6&#8243; _module_preset=\u00bbdefault\u00bb background_color=\u00bb#fffdf6&#8243; custom_padding=\u00bb40px|20px|40px|20px|false|true\u00bb custom_padding_tablet=\u00bb30px|30px|30px|30px|true|true\u00bb custom_padding_last_edited=\u00bboff|tablet\u00bb pac_dcm_carousel_specific_module_num=\u00bb0&#8243; box_shadow_style=\u00bbpreset1&#8243; global_colors_info=\u00bb{}\u00bb][et_pb_blurb title=\u00bb\u00bfComuni\u00f3n Espiritual?\u00bb use_icon=\u00bbon\u00bb _builder_version=\u00bb4.17.3&#8243; _module_preset=\u00bbdefault\u00bb header_font=\u00bb|700|||||||\u00bb header_text_color=\u00bbgcid-2ddc0005-ea3f-4fc1-a0d6-5a5b292e354c\u00bb body_font=\u00bbPoppins||||||||\u00bb body_text_color=\u00bbgcid-2ddc0005-ea3f-4fc1-a0d6-5a5b292e354c\u00bb header_font_size_tablet=\u00bb\u00bb header_font_size_phone=\u00bb16px\u00bb header_font_size_last_edited=\u00bbon|phone\u00bb global_colors_info=\u00bb{%22gcid-2ddc0005-ea3f-4fc1-a0d6-5a5b292e354c%22:%91%22header_text_color%22,%22body_text_color%22%93}\u00bb]<\/p>\n<p>\u00bfComuni\u00f3n Espiritual? Para aquellos que nos acompa\u00f1an en l\u00ednea, aqu\u00ed hay informaci\u00f3n sobre c\u00f3mo unirse en Cristo a trav\u00e9s de una comuni\u00f3n espiritual. <a href=\"https:\/\/archatl.com\/covid-19\/acts-of-spiritual-communion\/\">Haga clic para obtener m\u00e1s informaci\u00f3n<\/a> .<\/p>\n<p>[\/et_pb_blurb][\/et_pb_column][et_pb_column type=\u00bb1_3&#8243; _builder_version=\u00bb4.17.6&#8243; _module_preset=\u00bbdefault\u00bb background_color=\u00bb#fffdf6&#8243; custom_padding=\u00bb40px|20px|40px|20px|false|true\u00bb pac_dcm_carousel_specific_module_num=\u00bb0&#8243; box_shadow_style=\u00bbpreset1&#8243; global_colors_info=\u00bb{}\u00bb][et_pb_blurb title=\u00bbApoyando la Misi\u00f3n\u00bb use_icon=\u00bbon\u00bb _builder_version=\u00bb4.17.3&#8243; _module_preset=\u00bbdefault\u00bb header_font=\u00bb|700|||||||\u00bb header_text_color=\u00bbgcid-2ddc0005-ea3f-4fc1-a0d6-5a5b292e354c\u00bb body_font=\u00bbPoppins||||||||\u00bb body_text_color=\u00bbgcid-2ddc0005-ea3f-4fc1-a0d6-5a5b292e354c\u00bb global_colors_info=\u00bb{%22gcid-2ddc0005-ea3f-4fc1-a0d6-5a5b292e354c%22:%91%22header_text_color%22,%22body_text_color%22,%22header_text_color%22,%22body_text_color%22%93}\u00bb]<\/p>\n<p>Estamos contentos de que nos acompa\u00f1e. Si desea hacer una donaci\u00f3n en l\u00ednea en apoyo de este ministerio digital, <a href=\"https:\/\/www.osvhub.com\/popfb\/giving\/funds\">haga clic aqu\u00ed<\/a> .<\/p>\n<p>[\/et_pb_blurb][\/et_pb_column][et_pb_column type=\u00bb1_3&#8243; _builder_version=\u00bb4.18.1&#8243; _module_preset=\u00bbdefault\u00bb background_color=\u00bb#fffdf6&#8243; custom_padding=\u00bb40px|20px|40px|20px|false|true\u00bb pac_dcm_carousel_specific_module_num=\u00bb0&#8243; box_shadow_style=\u00bbpreset1&#8243; global_colors_info=\u00bb{}\u00bb][et_pb_blurb title=\u00bbGrabaciones pasadas\u00bb use_icon=\u00bbon\u00bb _builder_version=\u00bb4.19.0&#8243; _module_preset=\u00bbdefault\u00bb header_font=\u00bb|700|||||||\u00bb header_text_color=\u00bbgcid-2ddc0005-ea3f-4fc1-a0d6-5a5b292e354c\u00bb body_font=\u00bbPoppins||||||||\u00bb body_text_color=\u00bbgcid-2ddc0005-ea3f-4fc1-a0d6-5a5b292e354c\u00bb global_colors_info=\u00bb{%22gcid-2ddc0005-ea3f-4fc1-a0d6-5a5b292e354c%22:%91%22header_text_color%22,%22body_text_color%22,%22header_text_color%22,%22body_text_color%22%93}\u00bb]<\/p>\n<p>\u00bfEst\u00e1s buscando una grabaci\u00f3n anterior? <a href=\"https:\/\/popfb.org\/es\/recordings\/\">Haga clic aqu\u00ed<\/a>.<\/p>\n<p>[\/et_pb_blurb][\/et_pb_column][\/et_pb_row][\/et_pb_section]<\/p>\n","protected":false},"excerpt":{"rendered":"<p>La Misa de las 4pm del 20 de septiembre se celebrara al aire libre y no se transmitira en vivo.\u00a1Acompa\u00f1enos en persona y traiga su silla o manta!\u00bfComuni\u00f3n Espiritual? Para aquellos que nos acompa\u00f1an en l\u00ednea, aqu\u00ed hay informaci\u00f3n sobre c\u00f3mo unirse en Cristo a trav\u00e9s de una comuni\u00f3n espiritual. Haga clic para obtener m\u00e1s informaci\u00f3n .Estamos contentos de que nos acompa\u00f1e. Si desea hacer una donaci\u00f3n en l\u00ednea en apoyo de este ministerio digital, haga clic aqu\u00ed .\u00bfEst\u00e1s buscando una grabaci\u00f3n anterior? Haga clic aqu\u00ed.<\/p>\n","protected":false},"author":1,"featured_media":0,"parent":0,"menu_order":0,"comment_status":"closed","ping_status":"closed","template":"","meta":{"_et_pb_use_builder":"on","_et_pb_old_content":"","_et_gb_content_width":"","footnotes":""},"class_list":["post-1435","page","type-page","status-publish","hentry"],"publishpress_future_action":{"enabled":false,"date":"2026-04-24 18:48:44","action":"change-status","newStatus":"draft","terms":[],"taxonomy":"translation_priority","extraData":[]},"publishpress_future_workflow_manual_trigger":{"enabledWorkflows":[]},"_links":{"self":[{"href":"https:\/\/popfb.org\/es\/wp-json\/wp\/v2\/pages\/1435","targetHints":{"allow":["GET"]}}],"collection":[{"href":"https:\/\/popfb.org\/es\/wp-json\/wp\/v2\/pages"}],"about":[{"href":"https:\/\/popfb.org\/es\/wp-json\/wp\/v2\/types\/page"}],"author":[{"embeddable":true,"href":"https:\/\/popfb.org\/es\/wp-json\/wp\/v2\/users\/1"}],"replies":[{"embeddable":true,"href":"https:\/\/popfb.org\/es\/wp-json\/wp\/v2\/comments?post=1435"}],"version-history":[{"count":1,"href":"https:\/\/popfb.org\/es\/wp-json\/wp\/v2\/pages\/1435\/revisions"}],"predecessor-version":[{"id":16820,"href":"https:\/\/popfb.org\/es\/wp-json\/wp\/v2\/pages\/1435\/revisions\/16820"}],"wp:attachment":[{"href":"https:\/\/popfb.org\/es\/wp-json\/wp\/v2\/media?parent=1435"}],"curies":[{"name":"wp","href":"https:\/\/api.w.org\/{rel}","templated":true}]}}