{"id":1433,"date":"2022-04-01T13:13:19","date_gmt":"2022-04-01T13:13:19","guid":{"rendered":"https:\/\/popfb.org\/explosion-electronica\/"},"modified":"2022-08-08T17:57:05","modified_gmt":"2022-08-08T17:57:05","slug":"eblast","status":"publish","type":"page","link":"https:\/\/popfb.org\/es\/eblast\/","title":{"rendered":"E-blast"},"content":{"rendered":"<p>[et_pb_section fb_built=\u00bb1&#8243; custom_padding_last_edited=\u00bbon|phone\u00bb admin_label=\u00bbHeader\u00bb _builder_version=\u00bb4.17.4&#8243; _module_preset=\u00bbdefault\u00bb background_color=\u00bb#2a2e40&#8243; use_background_color_gradient=\u00bbon\u00bb background_color_gradient_type=\u00bbcircular\u00bb background_color_gradient_stops=\u00bbrgba(42,46,64,0.56) 0%|#151721 100%\u00bb background_color_gradient_overlays_image=\u00bbon\u00bb background_color_gradient_start=\u00bbrgba(42,46,64,0.56)\u00bb background_color_gradient_end=\u00bb#151721&#8243; background_image=\u00bbhttps:\/\/popfb.org\/wp-content\/uploads\/2022\/05\/00416A-4.png\u00bb custom_padding=\u00bb0px||0px|50%|false|false\u00bb custom_padding_tablet=\u00bb0vw|||30%\u00bb custom_padding_phone=\u00bb0vw|||0%\u00bb global_colors_info=\u00bb{}\u00bb box_shadow_style__hover=\u00bbnone\u00bb box_shadow_style__hover_enabled=\u00bbnone\u00bb box_shadow_color__hover=\u00bbrgba(0,0,0,0.3)\u00bb box_shadow_color__hover_enabled=\u00bbrgba(0,0,0,0.3)\u00bb][et_pb_row custom_padding_last_edited=\u00bboff|desktop\u00bb _builder_version=\u00bb4.16&#8243; _module_preset=\u00bbdefault\u00bb background_color=\u00bb#ffffff\u00bb width=\u00bb100%\u00bb max_width=\u00bb100%\u00bb custom_padding=\u00bb80px|10%|58px|10%|false|true\u00bb custom_padding_tablet=\u00bb||40px|0%\u00bb use_custom_width=\u00bbon\u00bb width_unit=\u00bboff\u00bb custom_width_percent=\u00bb100%\u00bb global_colors_info=\u00bb{}\u00bb][et_pb_column type=\u00bb4_4&#8243; _builder_version=\u00bb4.16&#8243; _module_preset=\u00bbdefault\u00bb custom_padding=\u00bb|||\u00bb global_colors_info=\u00bb{}\u00bb custom_padding__hover=\u00bb|||\u00bb][et_pb_text _builder_version=\u00bb4.17.6&#8243; _module_preset=\u00bbdefault\u00bb text_font=\u00bb||||||||\u00bb text_font_size=\u00bb13px\u00bb text_letter_spacing=\u00bb-10px\u00bb ul_font=\u00bb||||||||\u00bb ol_font=\u00bb||||||||\u00bb header_font=\u00bbPoppins|700||on|||||\u00bb header_font_size=\u00bb4vw\u00bb header_letter_spacing=\u00bb0em\u00bb header_2_font=\u00bb||||||||\u00bb header_3_font=\u00bbOswald|||on|||||\u00bb header_3_font_size=\u00bb12px\u00bb header_3_letter_spacing=\u00bb1.5em\u00bb header_3_line_height=\u00bb2.4em\u00bb header_4_font=\u00bb||||||||\u00bb header_5_font=\u00bb||||||||\u00bb header_6_font=\u00bb||||||||\u00bb text_orientation=\u00bbcenter\u00bb custom_margin=\u00bb51px|||||\u00bb animation_style=\u00bbslide\u00bb animation_direction=\u00bbright\u00bb animation_duration=\u00bb2000ms\u00bb animation_intensity_slide=\u00bb2%\u00bb hover_enabled=\u00bb0&#8243; header_font_size_tablet=\u00bb40px\u00bb header_font_size_phone=\u00bb30px\u00bb header_font_size_last_edited=\u00bbon|phone\u00bb header_letter_spacing_tablet=\u00bb10px\u00bb header_letter_spacing_phone=\u00bb7px\u00bb header_letter_spacing_last_edited=\u00bboff|desktop\u00bb header_line_height_tablet=\u00bb1.5em\u00bb header_line_height_phone=\u00bb1.5em\u00bb header_line_height_last_edited=\u00bbon|phone\u00bb header_3_font_size_tablet=\u00bb10px\u00bb header_3_font_size_phone=\u00bb10px\u00bb header_3_font_size_last_edited=\u00bbon|desktop\u00bb header_3_letter_spacing_tablet=\u00bb\u00bb header_3_letter_spacing_phone=\u00bb3px\u00bb header_3_letter_spacing_last_edited=\u00bbon|phone\u00bb global_colors_info=\u00bb{}\u00bb sticky_enabled=\u00bb0&#8243;]<\/p>\n<h1>Subscr\u00edbase a nuestro<\/h1>\n<h1>E-BLAST!<\/h1>\n<p>[\/et_pb_text][et_pb_text _builder_version=\u00bb4.17.4&#8243; _module_preset=\u00bbdefault\u00bb text_font=\u00bb||||||||double\u00bb text_font_size=\u00bb18px\u00bb text_letter_spacing=\u00bb2px\u00bb text_orientation=\u00bbcenter\u00bb global_colors_info=\u00bb{}\u00bb]<\/p>\n<p style=\"text-align: center;\">Suscr\u00edbase a nuestra lista de correo electr\u00f3nico en ingl\u00e9s o espa\u00f1ol para recibir nuestras noticias y comunicados m\u00e1s recientes.<\/p>\n<p>[\/et_pb_text][\/et_pb_column][\/et_pb_row][et_pb_row column_structure=\u00bb1_2,1_2&#8243; custom_padding_last_edited=\u00bboff|desktop\u00bb _builder_version=\u00bb4.17.4&#8243; _module_preset=\u00bbdefault\u00bb background_color=\u00bb#ffffff\u00bb width=\u00bb100%\u00bb max_width=\u00bb100%\u00bb custom_padding=\u00bb6px|10%|95px|10%|false|true\u00bb custom_padding_tablet=\u00bb||40px|0%\u00bb use_custom_width=\u00bbon\u00bb width_unit=\u00bboff\u00bb custom_width_percent=\u00bb100%\u00bb global_colors_info=\u00bb{}\u00bb][et_pb_column type=\u00bb1_2&#8243; _builder_version=\u00bb4.16&#8243; _module_preset=\u00bbdefault\u00bb custom_padding=\u00bb|||\u00bb global_colors_info=\u00bb{}\u00bb custom_padding__hover=\u00bb|||\u00bb][et_pb_button button_url=\u00bbhttps:\/\/popcatholicchurch.us13.list-manage.com\/subscribe?u=bbcf001f7ae0c7b20ba805527&#038;id=699ac8dc7c\u00bb button_text=\u00bbIngl\u00e9s\u00bb button_alignment=\u00bbcenter\u00bb _builder_version=\u00bb4.17.4&#8243; _module_preset=\u00bbdefault\u00bb custom_button=\u00bbon\u00bb button_text_size=\u00bb16px\u00bb button_text_color=\u00bb#000000&#8243; button_bg_color=\u00bbrgba(0,0,0,0)\u00bb button_border_width=\u00bb0px\u00bb button_border_radius=\u00bb0px\u00bb button_letter_spacing=\u00bb5px\u00bb button_font=\u00bbOswald|500||on|||||\u00bb button_use_icon=\u00bboff\u00bb custom_margin=\u00bb||\u00bb custom_padding=\u00bb15px||15px||true\u00bb box_shadow_style=\u00bbpreset4&#8243; box_shadow_horizontal=\u00bb0px\u00bb box_shadow_vertical=\u00bb2px\u00bb box_shadow_color=\u00bbgcid-2d85d98c-8894-4b4b-81e4-d5afeda04c08&#8243; global_colors_info=\u00bb{%22gcid-2d85d98c-8894-4b4b-81e4-d5afeda04c08%22:%91%22box_shadow_color%22%93}\u00bb button_bg_color__hover=\u00bb#ffffff\u00bb button_border_width__hover=\u00bb2px\u00bb button_text_color__hover=\u00bb#000000&#8243; button_border_color__hover=\u00bb#ffffff\u00bb box_shadow_vertical__hover_enabled=\u00bbon\u00bb box_shadow_vertical__hover=\u00bb8px\u00bb][\/et_pb_button][\/et_pb_column][et_pb_column type=\u00bb1_2&#8243; _builder_version=\u00bb4.16&#8243; _module_preset=\u00bbdefault\u00bb custom_padding=\u00bb|||\u00bb global_colors_info=\u00bb{}\u00bb custom_padding__hover=\u00bb|||\u00bb][et_pb_button button_url=\u00bbhttps:\/\/popcatholicchurch.us13.list-manage.com\/subscribe?u=bbcf001f7ae0c7b20ba805527&#038;id=f73dfb5d8f\u00bb button_text=\u00bbEspa\u00f1ol\u00bb button_alignment=\u00bbcenter\u00bb _builder_version=\u00bb4.17.4&#8243; _module_preset=\u00bbdefault\u00bb custom_button=\u00bbon\u00bb button_text_size=\u00bb16px\u00bb button_text_color=\u00bb#000000&#8243; button_bg_color=\u00bbrgba(0,0,0,0)\u00bb button_border_width=\u00bb0px\u00bb button_border_radius=\u00bb0px\u00bb button_letter_spacing=\u00bb5px\u00bb button_font=\u00bbOswald|500||on|||||\u00bb button_use_icon=\u00bboff\u00bb custom_margin=\u00bb||\u00bb custom_padding=\u00bb15px||15px||true\u00bb box_shadow_style=\u00bbpreset4&#8243; box_shadow_horizontal=\u00bb0px\u00bb box_shadow_vertical=\u00bb2px\u00bb box_shadow_color=\u00bbgcid-2d85d98c-8894-4b4b-81e4-d5afeda04c08&#8243; global_colors_info=\u00bb{%22gcid-2d85d98c-8894-4b4b-81e4-d5afeda04c08%22:%91%22box_shadow_color%22%93}\u00bb button_bg_color__hover=\u00bb#ffffff\u00bb button_border_width__hover=\u00bb2px\u00bb button_text_color__hover=\u00bb#000000&#8243; button_border_color__hover=\u00bb#ffffff\u00bb box_shadow_vertical__hover_enabled=\u00bbon\u00bb box_shadow_vertical__hover=\u00bb8px\u00bb][\/et_pb_button][\/et_pb_column][\/et_pb_row][\/et_pb_section][et_pb_section fb_built=\u00bb1&#8243; admin_label=\u00bbPricing\u00bb _builder_version=\u00bb4.17.4&#8243; _module_preset=\u00bbdefault\u00bb background_color=\u00bbgcid-8aadf6e7-17df-4aa2-9c59-88af67cff600&#8243; global_colors_info=\u00bb{%22gcid-8aadf6e7-17df-4aa2-9c59-88af67cff600%22:%91%22background_color%22%93}\u00bb background_color__hover=\u00bb#ea1e1e\u00bb][et_pb_row _builder_version=\u00bb4.16&#8243; _module_preset=\u00bbdefault\u00bb global_colors_info=\u00bb{}\u00bb][et_pb_column type=\u00bb4_4&#8243; _builder_version=\u00bb4.16&#8243; _module_preset=\u00bbdefault\u00bb custom_padding=\u00bb|||\u00bb global_colors_info=\u00bb{}\u00bb custom_padding__hover=\u00bb|||\u00bb][et_pb_text _builder_version=\u00bb4.17.6&#8243; _module_preset=\u00bbdefault\u00bb text_font=\u00bb||||||||\u00bb text_line_height=\u00bb2em\u00bb ul_font=\u00bb||||||||\u00bb ol_font=\u00bb||||||||\u00bb header_font=\u00bb||||||||\u00bb header_2_font=\u00bbPoppins|700||on|||||\u00bb header_2_font_size=\u00bb40px\u00bb header_2_line_height=\u00bb1.4em\u00bb header_3_font=\u00bb||||||||\u00bb header_4_font=\u00bb||||||||\u00bb header_5_font=\u00bb||||||||\u00bb header_6_font=\u00bb||||||||\u00bb text_orientation=\u00bbcenter\u00bb background_layout=\u00bbdark\u00bb max_width=\u00bb800px\u00bb module_alignment=\u00bbcenter\u00bb header_2_font_size_tablet=\u00bb40px\u00bb header_2_font_size_phone=\u00bb30px\u00bb header_2_font_size_last_edited=\u00bbon|phone\u00bb header_2_letter_spacing_tablet=\u00bb10px\u00bb header_2_letter_spacing_phone=\u00bb5px\u00bb header_2_letter_spacing_last_edited=\u00bbon|tablet\u00bb global_colors_info=\u00bb{}\u00bb text_line_height__hover=\u00bb1.7em\u00bb text_line_height__hover_enabled=\u00bb1.7em\u00bb background_layout__hover=\u00bblight\u00bb background_layout__hover_enabled=\u00bblight\u00bb text_font_size__hover=\u00bb14px\u00bb text_font_size__hover_enabled=\u00bb14px\u00bb text_letter_spacing__hover=\u00bb0px\u00bb text_letter_spacing__hover_enabled=\u00bb0px\u00bb text_text_shadow_style__hover=\u00bbnone\u00bb text_text_shadow_style__hover_enabled=\u00bbnone\u00bb text_text_shadow_color__hover=\u00bbrgba(0,0,0,0.4)\u00bb text_text_shadow_color__hover_enabled=\u00bbrgba(0,0,0,0.4)\u00bb link_font_size__hover=\u00bb14px\u00bb link_font_size__hover_enabled=\u00bb14px\u00bb link_letter_spacing__hover=\u00bb0px\u00bb link_letter_spacing__hover_enabled=\u00bb0px\u00bb link_line_height__hover=\u00bb1em\u00bb link_line_height__hover_enabled=\u00bb1em\u00bb link_text_shadow_style__hover=\u00bbnone\u00bb link_text_shadow_style__hover_enabled=\u00bbnone\u00bb link_text_shadow_color__hover=\u00bbrgba(0,0,0,0.4)\u00bb link_text_shadow_color__hover_enabled=\u00bbrgba(0,0,0,0.4)\u00bb ul_font_size__hover=\u00bb14px\u00bb ul_font_size__hover_enabled=\u00bb14px\u00bb ul_letter_spacing__hover=\u00bb0px\u00bb ul_letter_spacing__hover_enabled=\u00bb0px\u00bb ul_line_height__hover=\u00bb1em\u00bb ul_line_height__hover_enabled=\u00bb1em\u00bb ul_text_shadow_style__hover=\u00bbnone\u00bb ul_text_shadow_style__hover_enabled=\u00bbnone\u00bb ul_text_shadow_color__hover=\u00bbrgba(0,0,0,0.4)\u00bb ul_text_shadow_color__hover_enabled=\u00bbrgba(0,0,0,0.4)\u00bb ol_font_size__hover=\u00bb14px\u00bb ol_font_size__hover_enabled=\u00bb14px\u00bb ol_letter_spacing__hover=\u00bb0px\u00bb ol_letter_spacing__hover_enabled=\u00bb0px\u00bb ol_line_height__hover=\u00bb1em\u00bb ol_line_height__hover_enabled=\u00bb1em\u00bb ol_text_shadow_style__hover=\u00bbnone\u00bb ol_text_shadow_style__hover_enabled=\u00bbnone\u00bb ol_text_shadow_color__hover=\u00bbrgba(0,0,0,0.4)\u00bb ol_text_shadow_color__hover_enabled=\u00bbrgba(0,0,0,0.4)\u00bb quote_font_size__hover=\u00bb14px\u00bb quote_font_size__hover_enabled=\u00bb14px\u00bb quote_letter_spacing__hover=\u00bb0px\u00bb quote_letter_spacing__hover_enabled=\u00bb0px\u00bb quote_line_height__hover=\u00bb1em\u00bb quote_line_height__hover_enabled=\u00bb1em\u00bb quote_text_shadow_style__hover=\u00bbnone\u00bb quote_text_shadow_style__hover_enabled=\u00bbnone\u00bb quote_text_shadow_color__hover=\u00bbrgba(0,0,0,0.4)\u00bb quote_text_shadow_color__hover_enabled=\u00bbrgba(0,0,0,0.4)\u00bb text_orientation__hover=\u00bbleft\u00bb text_orientation__hover_enabled=\u00bbleft\u00bb]<\/p>\n<h2>E-blasts Anteriores<\/h2>\n<p>[\/et_pb_text][\/et_pb_column][\/et_pb_row][et_pb_row column_structure=\u00bb1_2,1_2&#8243; _builder_version=\u00bb4.17.6&#8243; _module_preset=\u00bbdefault\u00bb background_color=\u00bbRGBA(255,255,255,0)\u00bb custom_padding=\u00bb||20px|||\u00bb global_colors_info=\u00bb{}\u00bb][et_pb_column type=\u00bb1_2&#8243; _builder_version=\u00bb4.17.6&#8243; _module_preset=\u00bbdefault\u00bb background_color=\u00bb#FFFFFF\u00bb box_shadow_style=\u00bbpreset1&#8243; global_colors_info=\u00bb{}\u00bb][et_pb_text _builder_version=\u00bb4.17.4&#8243; _module_preset=\u00bbdefault\u00bb text_font=\u00bb||||||||double\u00bb text_font_size=\u00bb18px\u00bb text_orientation=\u00bbcenter\u00bb custom_margin=\u00bb||31px|||\u00bb custom_padding=\u00bb27px|||||\u00bb global_colors_info=\u00bb{}\u00bb]<\/p>\n<p style=\"text-align: center;\"><strong>E-blasts en ingl\u00e9s anteriores<\/strong><\/p>\n<p>[\/et_pb_text][et_pb_code _builder_version=\u00bb4.17.4&#8243; _module_preset=\u00bbdefault\u00bb text_orientation=\u00bbleft\u00bb custom_margin=\u00bb8px||30px|||\u00bb custom_padding=\u00bb||46px|32px||\u00bb global_colors_info=\u00bb{}\u00bb]<\/p>\n<style type=\"text\/css\"><!-- [et_pb_line_break_holder] --><!--<!-- [et_pb_line_break_holder] -->.display_archive {font-family: arial,verdana; font-size: 12px;}<!-- [et_pb_line_break_holder] -->.campaign {line-height: 125%; margin: 5px;}<!-- [et_pb_line_break_holder] -->\/\/--><!-- [et_pb_line_break_holder] --><\/style>\n<p><!-- [et_pb_line_break_holder] --><script language=\"javascript\" src=\"\/\/PoPCatholicChurch.us13.list-manage.com\/generate-js\/?u=bbcf001f7ae0c7b20ba805527&#038;fid=6493&#038;show=10\" type=\"text\/javascript\"><\/script>[\/et_pb_code][\/et_pb_column][et_pb_column type=\u00bb1_2&#8243; _builder_version=\u00bb4.17.6&#8243; _module_preset=\u00bbdefault\u00bb background_color=\u00bb#FFFFFF\u00bb box_shadow_style=\u00bbpreset1&#8243; global_colors_info=\u00bb{}\u00bb][et_pb_text _builder_version=\u00bb4.17.4&#8243; _module_preset=\u00bbdefault\u00bb text_font=\u00bb||||||||double\u00bb text_font_size=\u00bb18px\u00bb text_orientation=\u00bbcenter\u00bb custom_padding=\u00bb27px|||||\u00bb global_colors_info=\u00bb{}\u00bb]<\/p>\n<p style=\"text-align: center;\"><strong>E-blasts en espa\u00f1ol anteriores<\/strong><\/p>\n<p>[\/et_pb_text][et_pb_code _builder_version=\u00bb4.17.4&#8243; _module_preset=\u00bbdefault\u00bb text_orientation=\u00bbleft\u00bb custom_margin=\u00bb31px||30px|||\u00bb custom_padding=\u00bb||46px|32px||\u00bb global_colors_info=\u00bb{}\u00bb]<\/p>\n<style type=\"text\/css\"><!-- [et_pb_line_break_holder] --><!--<!-- [et_pb_line_break_holder] -->.display_archive {font-family: arial,verdana; font-size: 12px;}<!-- [et_pb_line_break_holder] -->.campaign {line-height: 125%; margin: 5px;}<!-- [et_pb_line_break_holder] -->\/\/--><!-- [et_pb_line_break_holder] --><\/style>\n<p><!-- [et_pb_line_break_holder] --><script language=\"javascript\" src=\"\/\/PoPCatholicChurch.us13.list-manage.com\/generate-js\/?u=bbcf001f7ae0c7b20ba805527&#038;fid=6499&#038;show=10\" type=\"text\/javascript\"><\/script>[\/et_pb_code][\/et_pb_column][\/et_pb_row][\/et_pb_section]<\/p>\n","protected":false},"excerpt":{"rendered":"<p>Subscr\u00edbase a nuestro E-BLAST!Suscr\u00edbase a nuestra lista de correo electr\u00f3nico en ingl\u00e9s o espa\u00f1ol para recibir nuestras noticias y comunicados m\u00e1s recientes.E-blasts AnterioresE-blasts en ingl\u00e9s anterioresE-blasts en espa\u00f1ol anteriores<\/p>\n","protected":false},"author":1,"featured_media":0,"parent":0,"menu_order":0,"comment_status":"closed","ping_status":"closed","template":"","meta":{"_et_pb_use_builder":"on","_et_pb_old_content":"","_et_gb_content_width":"","footnotes":""},"class_list":["post-1433","page","type-page","status-publish","hentry"],"publishpress_future_action":{"enabled":false,"date":"2026-04-23 21:02:07","action":"change-status","newStatus":"draft","terms":[],"taxonomy":"translation_priority","extraData":[]},"publishpress_future_workflow_manual_trigger":{"enabledWorkflows":[]},"_links":{"self":[{"href":"https:\/\/popfb.org\/es\/wp-json\/wp\/v2\/pages\/1433","targetHints":{"allow":["GET"]}}],"collection":[{"href":"https:\/\/popfb.org\/es\/wp-json\/wp\/v2\/pages"}],"about":[{"href":"https:\/\/popfb.org\/es\/wp-json\/wp\/v2\/types\/page"}],"author":[{"embeddable":true,"href":"https:\/\/popfb.org\/es\/wp-json\/wp\/v2\/users\/1"}],"replies":[{"embeddable":true,"href":"https:\/\/popfb.org\/es\/wp-json\/wp\/v2\/comments?post=1433"}],"version-history":[{"count":0,"href":"https:\/\/popfb.org\/es\/wp-json\/wp\/v2\/pages\/1433\/revisions"}],"wp:attachment":[{"href":"https:\/\/popfb.org\/es\/wp-json\/wp\/v2\/media?parent=1433"}],"curies":[{"name":"wp","href":"https:\/\/api.w.org\/{rel}","templated":true}]}}