{"id":1432,"date":"2022-04-05T22:34:06","date_gmt":"2022-04-06T02:34:06","guid":{"rendered":"https:\/\/popfb.org\/intenciones-de-masas\/"},"modified":"2025-08-26T13:29:30","modified_gmt":"2025-08-26T17:29:30","slug":"massintentions","status":"publish","type":"page","link":"https:\/\/popfb.org\/es\/massintentions\/","title":{"rendered":"Intenciones de Misa"},"content":{"rendered":"<p>[et_pb_section fb_built=\u00bb1&#8243; admin_label=\u00bbHeader\u00bb _builder_version=\u00bb4.19.4&#8243; _module_preset=\u00bbdefault\u00bb background_image=\u00bbhttps:\/\/popfb.org\/wp-content\/uploads\/2023\/01\/Untitled-design-2.png\u00bb custom_padding=\u00bb9vw||4vw||false|false\u00bb bottom_divider_style=\u00bbasymmetric\u00bb bottom_divider_color=\u00bbRGBA(255,255,255,0)\u00bb bottom_divider_height=\u00bb0.6vw\u00bb bottom_divider_repeat=\u00bb70x\u00bb global_colors_info=\u00bb{}\u00bb][et_pb_row _builder_version=\u00bb4.16&#8243; _module_preset=\u00bbdefault\u00bb global_colors_info=\u00bb{}\u00bb][et_pb_column type=\u00bb4_4&#8243; _builder_version=\u00bb4.16&#8243; _module_preset=\u00bbdefault\u00bb pac_dcm_carousel_specific_module_num=\u00bb0&#8243; global_colors_info=\u00bb{}\u00bb][et_pb_text _builder_version=\u00bb4.19.4&#8243; _module_preset=\u00bbdefault\u00bb header_font=\u00bbPoppins||||||||\u00bb header_text_align=\u00bbcenter\u00bb header_text_color=\u00bb#FFFFFF\u00bb header_font_size=\u00bb66px\u00bb custom_margin=\u00bb||20px|||\u00bb header_font_size_tablet=\u00bb63px\u00bb header_font_size_phone=\u00bb45px\u00bb header_font_size_last_edited=\u00bbon|desktop\u00bb global_colors_info=\u00bb{}\u00bb]<\/p>\n<h1><strong>Calendario de <br \/>Intenciones de Misa<\/strong><\/h1>\n<p>[\/et_pb_text][et_pb_divider color=\u00bbgcid-2d85d98c-8894-4b4b-81e4-d5afeda04c08&#8243; divider_weight=\u00bb5px\u00bb _builder_version=\u00bb4.19.4&#8243; _module_preset=\u00bbdefault\u00bb width=\u00bb21%\u00bb max_width=\u00bb40%\u00bb module_alignment=\u00bbcenter\u00bb custom_margin=\u00bb||10px|||\u00bb global_colors_info=\u00bb{%22gcid-2d85d98c-8894-4b4b-81e4-d5afeda04c08%22:%91%22color%22%93}\u00bb][\/et_pb_divider][et_pb_text _builder_version=\u00bb4.27.4&#8243; _module_preset=\u00bb1f09816e-184e-4ce5-a4cf-b39c52c423ca\u00bb text_font=\u00bbArchivo||||||||\u00bb text_text_color=\u00bb#FFFFFF\u00bb text_font_size=\u00bb23px\u00bb text_line_height=\u00bb1.4em\u00bb text_orientation=\u00bbcenter\u00bb custom_margin=\u00bb-5px||30px||false|false\u00bb text_font_size_tablet=\u00bb19px\u00bb text_font_size_phone=\u00bb14px\u00bb text_font_size_last_edited=\u00bbon|phone\u00bb header_font_size_tablet=\u00bb55px\u00bb header_font_size_last_edited=\u00bboff|desktop\u00bb global_colors_info=\u00bb{}\u00bb]<\/p>\n<p style=\"text-align: justify;\">Para ofrecer una Misa, complete el formulario debajo del calendario, llame a la oficina 678-960-0040, o ac\u00e9rquese a la ventanilla de Recepci\u00f3n (lunes a viernes) y con gusto lo atenderemos. Por favor, revise el calendario antes de solicitar su fecha y hora: los horarios verde\/verde azulado son las Misas disponibles.<\/p>\n<p style=\"text-align: justify;\">Permitimos que se lean 2 intenciones por Misa, excepto cuando la intenci\u00f3n de la Misa es para nuestra comunidad POP o durante un per\u00edodo de novena.\u00a0<\/p>\n<p style=\"text-align: justify;\">[\/et_pb_text][\/et_pb_column][\/et_pb_row][\/et_pb_section][et_pb_section fb_built=\u00bb1&#8243; _builder_version=\u00bb4.19.4&#8243; _module_preset=\u00bbdefault\u00bb custom_padding=\u00bb0px||0px||true|\u00bb global_colors_info=\u00bb{}\u00bb][\/et_pb_section][et_pb_section fb_built=\u00bb1&#8243; fullwidth=\u00bbon\u00bb _builder_version=\u00bb4.19.4&#8243; _module_preset=\u00bbdefault\u00bb background_color=\u00bbRGBA(255,255,255,0)\u00bb global_colors_info=\u00bb{}\u00bb][et_pb_fullwidth_code _builder_version=\u00bb4.27.4&#8243; _module_preset=\u00bbdefault\u00bb hover_enabled=\u00bb0&#8243; global_colors_info=\u00bb{}\u00bb text_orientation=\u00bbcenter\u00bb sticky_enabled=\u00bb0&#8243;]<iframe<!-- [et_pb_line_break_holder] -->src=https:\/\/massintentions.com\/api\/calendar?key=ba30fd97b4127db56e9f4d3d9c030d71646fd2e7 width=\u00bb70%\u00bb scrolling=\u00bbyes\u00bb height=\u00bb1000&#8243;><\/iframe>[\/et_pb_fullwidth_code][\/et_pb_section][et_pb_section fb_built=\u00bb1&#8243; admin_label=\u00bbFooter\u00bb module_id=\u00bbmassint\u00bb _builder_version=\u00bb4.19.4&#8243; _module_preset=\u00bbdefault\u00bb background_color=\u00bbgcid-2cf18f4b-ad1d-4daf-a40a-75be4919065f\u00bb custom_padding=\u00bb97px||97px||true|\u00bb collapsed=\u00bbon\u00bb global_colors_info=\u00bb{%22gcid-2cf18f4b-ad1d-4daf-a40a-75be4919065f%22:%91%22background_color%22%93}\u00bb][et_pb_row use_custom_gutter=\u00bbon\u00bb gutter_width=\u00bb1&#8243; make_equal=\u00bbon\u00bb custom_padding_last_edited=\u00bboff|desktop\u00bb _builder_version=\u00bb4.24.0&#8243; _module_preset=\u00bbdefault\u00bb background_color=\u00bb#FFFFFF\u00bb custom_margin=\u00bb||7px||false|false\u00bb custom_padding=\u00bb0px||0px||true|false\u00bb custom_padding_tablet=\u00bb30px|30px|30px|30px|true|true\u00bb custom_padding_phone=\u00bb20px|20px|20px|20px|true|true\u00bb global_colors_info=\u00bb{%22gcid-1adb0c48-e943-4be8-b747-83127bdbd76c%22:%91%22background_color%22%93}\u00bb][et_pb_column type=\u00bb4_4&#8243; _builder_version=\u00bb4.19.4&#8243; _module_preset=\u00bbdefault\u00bb custom_padding=\u00bb4%|55px|4%|55px|true|true\u00bb custom_padding_tablet=\u00bb\u00bb custom_padding_phone=\u00bb30px|30px|30px|30px|false|true\u00bb custom_padding_last_edited=\u00bbon|phone\u00bb pac_dcm_carousel_specific_module_num=\u00bb0&#8243; global_colors_info=\u00bb{}\u00bb][et_pb_text _builder_version=\u00bb4.19.4&#8243; _module_preset=\u00bbb327cbe4-b1d5-4b66-ad37-40c8f2f061ba\u00bb header_2_font=\u00bbPoppins|700|||||||\u00bb header_2_font_size=\u00bb50px\u00bb header_2_line_height=\u00bb1.2em\u00bb header_2_font_size_tablet=\u00bb38px\u00bb header_2_font_size_phone=\u00bb34px\u00bb header_2_font_size_last_edited=\u00bbon|desktop\u00bb global_colors_info=\u00bb{}\u00bb]<\/p>\n<h2>Solicite una Intenci\u00f3n de Misa<\/h2>\n<p>[\/et_pb_text][et_pb_text _builder_version=\u00bb4.20.1&#8243; _module_preset=\u00bb1f09816e-184e-4ce5-a4cf-b39c52c423ca\u00bb text_font=\u00bbArchivo||||||||\u00bb text_line_height=\u00bb1.3em\u00bb custom_margin=\u00bb||30px||false|false\u00bb text_font_size_tablet=\u00bb13px\u00bb text_font_size_phone=\u00bb11px\u00bb text_font_size_last_edited=\u00bbon|desktop\u00bb header_font_size_tablet=\u00bb55px\u00bb header_font_size_last_edited=\u00bboff|desktop\u00bb global_colors_info=\u00bb{}\u00bb]<\/p>\n<p>Dada la gran demanda de intenciones de Misa en POP, le recomendamos encarecidamente que solicite su intenci\u00f3n de Misa con al menos 2 meses de anticipaci\u00f3n. Tenga en cuenta que, aunque es posible que no siempre obtenga la fecha espec\u00edfica que desea, el valor de cada Misa es el mismo.<\/p>\n<p>Despu\u00e9s de que su intenci\u00f3n de Misa haya sido confirmada, se pueden hacer donaciones para la intenci\u00f3n de Misa mediante pagos con tarjeta de cr\u00e9dito. El efectivo o los cheques pueden enviarse por correo o dejarse en la ventanilla de la recepci\u00f3n.<\/p>\n<p>[\/et_pb_text][et_pb_contact_form use_spam_service=\u00bbon\u00bb recaptcha_list=\u00bbGoogle|Google-0&#8243; recaptcha_min_score=\u00bb0.8&#8243; email=\u00bbreception@popfb.org\u00bb custom_message=\u00bbRequester&#8217;s Name: %%Your_Name%%||et_pb_line_break_holder||Email: %%Email%%||et_pb_line_break_holder||Phone: %%Phone%%||et_pb_line_break_holder||Intention For: %%Intention_for%%||et_pb_line_break_holder||Desired Date &#038; Mass Time: %%Desired_Date_&#038;_Mass_Time%%||et_pb_line_break_holder||Intention Type: %%Intention_Type%%||et_pb_line_break_holder||Other: %%Other%%||et_pb_line_break_holder||Mass Card? %%Mass_Card%%||et_pb_line_break_holder||Recipient&#8217;s Address: %%Recipients_Name%%||et_pb_line_break_holder||Address: %%Address%%||et_pb_line_break_holder||Note:  %%Note%%\u00bb success_message=\u00bb<\/p>\n<p>Gracias por su Solicitud! Recibir\u00e1 una confirmaci\u00f3n por correo electr\u00f3nico dentro de 5 d\u00edas h\u00e1biles, por favor revise su carpeta de correo no deseado\/spam si no ve una respuesta durante este per\u00edodo de tiempo. Los d\u00edas festivos pueden afectar el tiempo de respuesta.<\/p>\n<p>\u00bb _builder_version=\u00bb4.27.4&#8243; _module_preset=\u00bbdefault\u00bb _unique_id=\u00bbfba3df4b-5785-4cdb-93f7-05463ec1e74e\u00bb form_field_background_color=\u00bbRGBA(255,255,255,0)\u00bb form_field_text_color=\u00bbgcid-2ddc0005-ea3f-4fc1-a0d6-5a5b292e354c\u00bb form_field_focus_background_color=\u00bbgcid-2ddc0005-ea3f-4fc1-a0d6-5a5b292e354c\u00bb form_field_focus_text_color=\u00bb#FFFFFF\u00bb form_field_font=\u00bbPoppins|500|||||||\u00bb form_field_font_size=\u00bb13px\u00bb custom_button=\u00bbon\u00bb button_text_size=\u00bb15px\u00bb button_text_color=\u00bbgcid-2ddc0005-ea3f-4fc1-a0d6-5a5b292e354c\u00bb button_bg_color=\u00bbRGBA(255,255,255,0)\u00bb button_border_width=\u00bb1px\u00bb button_border_radius=\u00bb1px\u00bb button_font=\u00bbPoppins|500|||||||\u00bb form_field_font_size_tablet=\u00bb12px\u00bb form_field_font_size_phone=\u00bb12px\u00bb form_field_font_size_last_edited=\u00bbon|phone\u00bb button_text_size_tablet=\u00bb14px\u00bb button_text_size_phone=\u00bb12px\u00bb button_text_size_last_edited=\u00bbon|phone\u00bb admin_email_subject=\u00bbMass Intention Request Form (ES)\u00bb success_message_heading_font=\u00bbPoppins|700||on|||||\u00bb success_message_heading_color=\u00bbgcid-adc88260-d6a4-49de-89f6-3a4123df15fd\u00bb success_message_heading_size=\u00bb17px\u00bb success_message_font=\u00bbPoppins|700||on|||||\u00bb success_message_font_color=\u00bbgcid-2ddc0005-ea3f-4fc1-a0d6-5a5b292e354c\u00bb success_message_font_size=\u00bb16px\u00bb border_width_all=\u00bb1px\u00bb border_color_all=\u00bbgcid-2ddc0005-ea3f-4fc1-a0d6-5a5b292e354c\u00bb global_colors_info=\u00bb{%22gcid-2ddc0005-ea3f-4fc1-a0d6-5a5b292e354c%22:%91%22form_field_text_color%22,%22form_field_focus_background_color%22,%22border_color_all%22,%22button_text_color%22,%22success_message_font_color%22%93,%22gcid-adc88260-d6a4-49de-89f6-3a4123df15fd%22:%91%22success_message_heading_color%22%93}\u00bb success_message_font_size_last_edited=\u00bbon|phone\u00bb success_message_font_size_phone=\u00bb15px\u00bb success_message_font_size_tablet=\u00bb16px\u00bb success_message_heading_size_last_edited=\u00bbon|phone\u00bb success_message_heading_size_tablet=\u00bb15px\u00bb success_message_heading_size_phone=\u00bb15px\u00bb][et_pb_contact_field field_id=\u00bbYour_Name\u00bb field_title=\u00bbNombre:\u00bb _builder_version=\u00bb4.27.4&#8243; global_colors_info=\u00bb{}\u00bb button_text_size__hover_enabled=\u00bboff\u00bb button_one_text_size__hover_enabled=\u00bboff\u00bb button_two_text_size__hover_enabled=\u00bboff\u00bb button_text_color__hover_enabled=\u00bboff\u00bb button_one_text_color__hover_enabled=\u00bboff\u00bb button_two_text_color__hover_enabled=\u00bboff\u00bb button_border_width__hover_enabled=\u00bboff\u00bb button_one_border_width__hover_enabled=\u00bboff\u00bb button_two_border_width__hover_enabled=\u00bboff\u00bb button_border_color__hover_enabled=\u00bboff\u00bb button_one_border_color__hover_enabled=\u00bboff\u00bb button_two_border_color__hover_enabled=\u00bboff\u00bb button_border_radius__hover_enabled=\u00bboff\u00bb button_one_border_radius__hover_enabled=\u00bboff\u00bb button_two_border_radius__hover_enabled=\u00bboff\u00bb button_letter_spacing__hover_enabled=\u00bboff\u00bb button_one_letter_spacing__hover_enabled=\u00bboff\u00bb button_two_letter_spacing__hover_enabled=\u00bboff\u00bb button_bg_color__hover_enabled=\u00bboff\u00bb button_one_bg_color__hover_enabled=\u00bboff\u00bb button_two_bg_color__hover_enabled=\u00bboff\u00bb][\/et_pb_contact_field][et_pb_contact_field field_id=\u00bbEmail\u00bb field_title=\u00bbCorreo Electr\u00f3nico:\u00bb field_type=\u00bbemail\u00bb _builder_version=\u00bb4.19.4&#8243; global_colors_info=\u00bb{}\u00bb button_text_size__hover_enabled=\u00bboff\u00bb button_one_text_size__hover_enabled=\u00bboff\u00bb button_two_text_size__hover_enabled=\u00bboff\u00bb button_text_color__hover_enabled=\u00bboff\u00bb button_one_text_color__hover_enabled=\u00bboff\u00bb button_two_text_color__hover_enabled=\u00bboff\u00bb button_border_width__hover_enabled=\u00bboff\u00bb button_one_border_width__hover_enabled=\u00bboff\u00bb button_two_border_width__hover_enabled=\u00bboff\u00bb button_border_color__hover_enabled=\u00bboff\u00bb button_one_border_color__hover_enabled=\u00bboff\u00bb button_two_border_color__hover_enabled=\u00bboff\u00bb button_border_radius__hover_enabled=\u00bboff\u00bb button_one_border_radius__hover_enabled=\u00bboff\u00bb button_two_border_radius__hover_enabled=\u00bboff\u00bb button_letter_spacing__hover_enabled=\u00bboff\u00bb button_one_letter_spacing__hover_enabled=\u00bboff\u00bb button_two_letter_spacing__hover_enabled=\u00bboff\u00bb button_bg_color__hover_enabled=\u00bboff\u00bb button_one_bg_color__hover_enabled=\u00bboff\u00bb button_two_bg_color__hover_enabled=\u00bboff\u00bb][\/et_pb_contact_field][et_pb_contact_field field_id=\u00bbPhone\u00bb field_title=\u00bbTel\u00e9fono:\u00bb fullwidth_field=\u00bbon\u00bb _builder_version=\u00bb4.27.4&#8243; _module_preset=\u00bbdefault\u00bb field_description=\u00bbAl inscribirse, usted acepta nuestra Pol\u00edtica de Privacidad disponible en popfb.org\/privacy. \u00bb global_colors_info=\u00bb{}\u00bb][\/et_pb_contact_field][et_pb_contact_field field_id=\u00bbIntention_for\u00bb field_title=\u00bbLa intenci\u00f3n es para:\u00bb _builder_version=\u00bb4.19.4&#8243; _module_preset=\u00bbdefault\u00bb global_colors_info=\u00bb{}\u00bb][\/et_pb_contact_field][et_pb_contact_field field_id=\u00bbDesired_Date_&#038;_Mass_Time\u00bb field_title=\u00bbFecha deseada y horario de Misa: \u00bb _builder_version=\u00bb4.19.4&#8243; _module_preset=\u00bbdefault\u00bb global_colors_info=\u00bb{}\u00bb][\/et_pb_contact_field][et_pb_contact_field field_id=\u00bbIntention_Type\u00bb field_title=\u00bbTipo de Intenci\u00f3n:\u00bb field_type=\u00bbselect\u00bb select_options=\u00bb%91{%22value%22:%22Difunto%22,%22checked%22:0,%22dragID%22:-1},{%22value%22:%22Intenci\u00f3n%22,%22checked%22:0,%22dragID%22:0},{%22value%22:%22Salud%22,%22checked%22:0,%22dragID%22:1},{%22value%22:%22Aniversario%22,%22checked%22:0,%22dragID%22:2},{%22value%22:%22Cumplea\u00f1os%22,%22checked%22:0,%22dragID%22:3},{%22value%22:%22Otro%22,%22checked%22:0,%22dragID%22:4}%93&#8243; _builder_version=\u00bb4.19.4&#8243; _module_preset=\u00bbdefault\u00bb global_colors_info=\u00bb{}\u00bb][\/et_pb_contact_field][et_pb_contact_field field_id=\u00bbMass_Card\u00bb field_title=\u00bb\u00bfNecesita una tarjeta de Misa?\u00bb field_type=\u00bbselect\u00bb select_options=\u00bb%91{%22value%22:%22S\u00ed%22,%22checked%22:0,%22dragID%22:-1},{%22value%22:%22No%22,%22checked%22:0,%22dragID%22:0}%93&#8243; _builder_version=\u00bb4.19.4&#8243; _module_preset=\u00bbdefault\u00bb global_colors_info=\u00bb{}\u00bb][\/et_pb_contact_field][et_pb_contact_field field_id=\u00bbOther\u00bb field_title=\u00bbOtro:\u00bb fullwidth_field=\u00bbon\u00bb conditional_logic=\u00bbon\u00bb conditional_logic_relation=\u00bbon\u00bb conditional_logic_rules=\u00bb%91{%22field%22:%22intention_type%22,%22condition%22:%22is%22,%22value%22:%22Otro%22}%93&#8243; _builder_version=\u00bb4.22.1&#8243; _module_preset=\u00bbdefault\u00bb global_colors_info=\u00bb{}\u00bb][\/et_pb_contact_field][et_pb_contact_field field_id=\u00bbRecipients_Name\u00bb field_title=\u00bbNombre del destinatario:\u00bb fullwidth_field=\u00bbon\u00bb conditional_logic=\u00bbon\u00bb conditional_logic_relation=\u00bbon\u00bb conditional_logic_rules=\u00bb%91{%22field%22:%22mass_card%22,%22condition%22:%22is%22,%22value%22:%22S\u00ed%22}%93&#8243; _builder_version=\u00bb4.22.1&#8243; global_colors_info=\u00bb{}\u00bb button_text_size__hover_enabled=\u00bboff\u00bb button_one_text_size__hover_enabled=\u00bboff\u00bb button_two_text_size__hover_enabled=\u00bboff\u00bb button_text_color__hover_enabled=\u00bboff\u00bb button_one_text_color__hover_enabled=\u00bboff\u00bb button_two_text_color__hover_enabled=\u00bboff\u00bb button_border_width__hover_enabled=\u00bboff\u00bb button_one_border_width__hover_enabled=\u00bboff\u00bb button_two_border_width__hover_enabled=\u00bboff\u00bb button_border_color__hover_enabled=\u00bboff\u00bb button_one_border_color__hover_enabled=\u00bboff\u00bb button_two_border_color__hover_enabled=\u00bboff\u00bb button_border_radius__hover_enabled=\u00bboff\u00bb button_one_border_radius__hover_enabled=\u00bboff\u00bb button_two_border_radius__hover_enabled=\u00bboff\u00bb button_letter_spacing__hover_enabled=\u00bboff\u00bb button_one_letter_spacing__hover_enabled=\u00bboff\u00bb button_two_letter_spacing__hover_enabled=\u00bboff\u00bb button_bg_color__hover_enabled=\u00bboff\u00bb button_one_bg_color__hover_enabled=\u00bboff\u00bb button_two_bg_color__hover_enabled=\u00bboff\u00bb][\/et_pb_contact_field][et_pb_contact_field field_id=\u00bbAddress\u00bb field_title=\u00bb\u00bfDirecci\u00f3n del destinatario?\u00bb fullwidth_field=\u00bbon\u00bb conditional_logic=\u00bbon\u00bb conditional_logic_relation=\u00bbon\u00bb conditional_logic_rules=\u00bb%91{%22field%22:%22mass_card%22,%22condition%22:%22is%22,%22value%22:%22S\u00ed%22}%93&#8243; _builder_version=\u00bb4.22.1&#8243; _module_preset=\u00bbdefault\u00bb global_colors_info=\u00bb{}\u00bb][\/et_pb_contact_field][et_pb_contact_field field_id=\u00bbNote\u00bb field_title=\u00bbNota:\u00bb field_type=\u00bbtext\u00bb required_mark=\u00bboff\u00bb fullwidth_field=\u00bbon\u00bb _builder_version=\u00bb4.19.4&#8243; _module_preset=\u00bbdefault\u00bb global_colors_info=\u00bb{}\u00bb][\/et_pb_contact_field][\/et_pb_contact_form][\/et_pb_column][\/et_pb_row][et_pb_row column_structure=\u00bb1_2,1_2&#8243; _builder_version=\u00bb4.19.4&#8243; _module_preset=\u00bbdefault\u00bb custom_margin=\u00bb||30px||false|false\u00bb global_colors_info=\u00bb{}\u00bb][et_pb_column type=\u00bb1_2&#8243; _builder_version=\u00bb4.18.0&#8243; _module_preset=\u00bbdefault\u00bb pac_dcm_carousel_specific_module_num=\u00bb0&#8243; global_colors_info=\u00bb{}\u00bb][et_pb_text _builder_version=\u00bb4.19.4&#8243; _module_preset=\u00bbaaa7c440-590a-4078-ae0c-0f3c699ac51c\u00bb header_font=\u00bb||||||||\u00bb header_3_font=\u00bbPoppins|500|||||||\u00bb header_3_text_color=\u00bbgcid-2d85d98c-8894-4b4b-81e4-d5afeda04c08&#8243; header_3_font_size=\u00bb35px\u00bb header_3_line_height=\u00bb1.2em\u00bb custom_margin=\u00bb||10px||false|false\u00bb header_3_font_size_tablet=\u00bb30px\u00bb header_3_font_size_phone=\u00bb25px\u00bb header_3_font_size_last_edited=\u00bbon|phone\u00bb global_colors_info=\u00bb{%22gcid-2d85d98c-8894-4b4b-81e4-d5afeda04c08%22:%91%22header_3_text_color%22%93}\u00bb]<\/p>\n<h3>Otras Formas de Solicitar una Intenci\u00f3n de Misa<\/h3>\n<p>[\/et_pb_text][et_pb_text _builder_version=\u00bb4.19.4&#8243; _module_preset=\u00bb4c43b4b6-66bf-432d-959a-705bda24a650&#8243; text_font=\u00bbArchivo||||||||\u00bb text_text_color=\u00bbgcid-1adb0c48-e943-4be8-b747-83127bdbd76c\u00bb text_font_size=\u00bb15px\u00bb text_line_height=\u00bb1.3em\u00bb header_font_size_tablet=\u00bb55px\u00bb header_font_size_last_edited=\u00bboff|desktop\u00bb global_colors_info=\u00bb{%22gcid-1adb0c48-e943-4be8-b747-83127bdbd76c%22:%91%22text_text_color%22%93}\u00bb]<\/p>\n<p><span lang=\"en-us\"><span style=\"font-family: Calibri;\">No dude en enviarnos un correo electr\u00f3nico o llamarnos<\/span><\/span><span lang=\"en-us\"><\/span><span lang=\"en-us\"><\/span><span lang=\"en-us\"><\/span><span lang=\"en-us\"> <span style=\"font-family: Calibri;\">Tambi\u00e9n, <\/span><\/span><span lang=\"en-us\"><\/span><span lang=\"en-us\"><\/span><span lang=\"en-us\"><\/span><span lang=\"en-us\"> <span style=\"font-family: Calibri;\">Para m\u00faltiples intenciones de Misa, por favor env\u00edenos un correo electr\u00f3nico con sus fechas\/horas preferidas<\/span><\/span><span lang=\"en-us\"><\/span><span lang=\"en-us\"><\/span><span lang=\"en-us\"><\/span><span lang=\"en-us\"><span style=\"font-family: Calibri;\">seg\u00fan el calendario.<\/span><\/span><\/p>\n<p>[\/et_pb_text][\/et_pb_column][et_pb_column type=\u00bb1_2&#8243; _builder_version=\u00bb4.18.0&#8243; _module_preset=\u00bbdefault\u00bb pac_dcm_carousel_specific_module_num=\u00bb0&#8243; global_colors_info=\u00bb{}\u00bb][et_pb_blurb title=\u00bbCorreo Electr\u00f3nico\u00bb use_icon=\u00bbon\u00bb font_icon=\u00bb&#xf0e0;||fa||400&#8243; icon_color=\u00bb#FFFFFF\u00bb icon_placement=\u00bbleft\u00bb image_icon_width=\u00bb36px\u00bb _builder_version=\u00bb4.24.2&#8243; _module_preset=\u00bb341773a8-7d77-4626-b15c-f95399f25521&#8243; header_font=\u00bbArchivo|700||on|||||\u00bb header_text_color=\u00bbgcid-2d85d98c-8894-4b4b-81e4-d5afeda04c08&#8243; header_font_size=\u00bb20px\u00bb header_letter_spacing=\u00bb1px\u00bb body_font=\u00bbArchivo||||||||\u00bb body_text_color=\u00bbgcid-6171fd24-b893-4d22-843a-f4129850a5c1&#8243; body_font_size=\u00bb20px\u00bb body_link_text_color=\u00bbgcid-1adb0c48-e943-4be8-b747-83127bdbd76c\u00bb animation=\u00bboff\u00bb body_font_size_tablet=\u00bb20px\u00bb body_font_size_phone=\u00bb20px\u00bb body_font_size_last_edited=\u00bbon|desktop\u00bb locked=\u00bboff\u00bb global_colors_info=\u00bb{%22gcid-6171fd24-b893-4d22-843a-f4129850a5c1%22:%91%22body_text_color%22,%22body_text_color%22,%22body_text_color%22,%22body_text_color%22%93,%22gcid-1adb0c48-e943-4be8-b747-83127bdbd76c%22:%91%22body_link_text_color%22,%22body_link_text_color%22%93,%22gcid-2d85d98c-8894-4b4b-81e4-d5afeda04c08%22:%91%22header_text_color%22%93}\u00bb]<\/p>\n<p><span style=\"color: #ffffff;\"><a href=\"mailto:reception@popfb.org\" style=\"color: #ffffff;\">reception@popfb.org<\/a><\/span><\/p>\n<p>[\/et_pb_blurb][et_pb_blurb title=\u00bbTel\u00e9fono\u00bb use_icon=\u00bbon\u00bb font_icon=\u00bb&#xe090;||divi||400&#8243; icon_color=\u00bb#FFFFFF\u00bb icon_placement=\u00bbleft\u00bb image_icon_width=\u00bb36px\u00bb _builder_version=\u00bb4.19.4&#8243; _module_preset=\u00bb341773a8-7d77-4626-b15c-f95399f25521&#8243; header_font=\u00bbArchivo|700||on|||||\u00bb header_text_color=\u00bbgcid-2d85d98c-8894-4b4b-81e4-d5afeda04c08&#8243; header_font_size=\u00bb20px\u00bb header_letter_spacing=\u00bb1px\u00bb body_font=\u00bbArchivo||||||||\u00bb body_text_color=\u00bbgcid-6171fd24-b893-4d22-843a-f4129850a5c1&#8243; body_font_size=\u00bb20px\u00bb body_link_text_color=\u00bbgcid-1adb0c48-e943-4be8-b747-83127bdbd76c\u00bb animation=\u00bboff\u00bb body_font_size_tablet=\u00bb20px\u00bb body_font_size_phone=\u00bb20px\u00bb body_font_size_last_edited=\u00bbon|desktop\u00bb locked=\u00bboff\u00bb global_colors_info=\u00bb{%22gcid-6171fd24-b893-4d22-843a-f4129850a5c1%22:%91%22body_text_color%22,%22body_text_color%22,%22body_text_color%22,%22body_text_color%22,%22body_text_color%22,%22body_text_color%22%93,%22gcid-1adb0c48-e943-4be8-b747-83127bdbd76c%22:%91%22body_link_text_color%22,%22body_link_text_color%22,%22body_link_text_color%22%93,%22gcid-2d85d98c-8894-4b4b-81e4-d5afeda04c08%22:%91%22header_text_color%22%93,%22gcid-f1414204-51c0-48ff-bc68-c545a86d03e7%22:%91%22header_text_color%22,%22header_text_color%22%93}\u00bb]<\/p>\n<p>(678) 960-0040<\/p>\n<p>[\/et_pb_blurb][\/et_pb_column][\/et_pb_row][et_pb_row column_structure=\u00bb1_2,1_2&#8243; _builder_version=\u00bb4.19.4&#8243; _module_preset=\u00bbdefault\u00bb custom_padding=\u00bb11px|||||\u00bb border_color_all=\u00bbgcid-2d85d98c-8894-4b4b-81e4-d5afeda04c08&#8243; border_width_top=\u00bb1px\u00bb global_colors_info=\u00bb{%22gcid-2d85d98c-8894-4b4b-81e4-d5afeda04c08%22:%91%22border_color_all%22%93}\u00bb][et_pb_column type=\u00bb1_2&#8243; _builder_version=\u00bb4.18.0&#8243; _module_preset=\u00bbdefault\u00bb pac_dcm_carousel_specific_module_num=\u00bb0&#8243; global_colors_info=\u00bb{}\u00bb][\/et_pb_column][et_pb_column type=\u00bb1_2&#8243; _builder_version=\u00bb4.18.0&#8243; _module_preset=\u00bbdefault\u00bb pac_dcm_carousel_specific_module_num=\u00bb0&#8243; global_colors_info=\u00bb{}\u00bb][\/et_pb_column][\/et_pb_row][\/et_pb_section]<\/p>\n","protected":false},"excerpt":{"rendered":"<p>Calendario de Intenciones de MisaPara ofrecer una Misa, complete el formulario debajo del calendario, llame a la oficina 678-960-0040, o ac\u00e9rquese a la ventanilla de Recepci\u00f3n (lunes a viernes) y con gusto lo atenderemos. Por favor, revise el calendario antes de solicitar su fecha y hora: los horarios verde\/verde azulado son las Misas disponibles. Permitimos que se lean 2 intenciones por Misa, excepto cuando la intenci\u00f3n de la Misa es para nuestra comunidad POP o durante un per\u00edodo de novena.\u00a0 Solicite una Intenci\u00f3n de MisaDada la gran demanda de intenciones de Misa en POP, le recomendamos encarecidamente que solicite su intenci\u00f3n de Misa con al menos 2 meses de anticipaci\u00f3n. Tenga en cuenta que, aunque es posible que no siempre obtenga la fecha espec\u00edfica que desea, el valor de cada Misa es el mismo. Despu\u00e9s de que su intenci\u00f3n de Misa haya sido confirmada, se pueden hacer donaciones para la intenci\u00f3n de Misa mediante pagos con tarjeta de cr\u00e9dito. El efectivo o los cheques pueden enviarse por correo o dejarse en la ventanilla de la recepci\u00f3n.Otras Formas de Solicitar una Intenci\u00f3n de MisaNo dude en enviarnos un correo electr\u00f3nico o llamarnos Tambi\u00e9n, Para m\u00faltiples intenciones de Misa, por favor env\u00edenos [&hellip;]<\/p>\n","protected":false},"author":1,"featured_media":0,"parent":0,"menu_order":0,"comment_status":"closed","ping_status":"closed","template":"","meta":{"_et_pb_use_builder":"on","_et_pb_old_content":"","_et_gb_content_width":"","footnotes":""},"class_list":["post-1432","page","type-page","status-publish","hentry"],"publishpress_future_action":{"enabled":false,"date":"2026-04-17 12:08:31","action":"change-status","newStatus":"draft","terms":[],"taxonomy":"translation_priority","extraData":[]},"publishpress_future_workflow_manual_trigger":{"enabledWorkflows":[]},"_links":{"self":[{"href":"https:\/\/popfb.org\/es\/wp-json\/wp\/v2\/pages\/1432","targetHints":{"allow":["GET"]}}],"collection":[{"href":"https:\/\/popfb.org\/es\/wp-json\/wp\/v2\/pages"}],"about":[{"href":"https:\/\/popfb.org\/es\/wp-json\/wp\/v2\/types\/page"}],"author":[{"embeddable":true,"href":"https:\/\/popfb.org\/es\/wp-json\/wp\/v2\/users\/1"}],"replies":[{"embeddable":true,"href":"https:\/\/popfb.org\/es\/wp-json\/wp\/v2\/comments?post=1432"}],"version-history":[{"count":3,"href":"https:\/\/popfb.org\/es\/wp-json\/wp\/v2\/pages\/1432\/revisions"}],"predecessor-version":[{"id":16588,"href":"https:\/\/popfb.org\/es\/wp-json\/wp\/v2\/pages\/1432\/revisions\/16588"}],"wp:attachment":[{"href":"https:\/\/popfb.org\/es\/wp-json\/wp\/v2\/media?parent=1432"}],"curies":[{"name":"wp","href":"https:\/\/api.w.org\/{rel}","templated":true}]}}