{"id":1398,"date":"2022-04-01T13:07:04","date_gmt":"2022-04-01T17:07:04","guid":{"rendered":"https:\/\/popfb.org\/recursos-de-fe\/"},"modified":"2026-03-12T10:08:38","modified_gmt":"2026-03-12T14:08:38","slug":"faith-resources","status":"publish","type":"page","link":"https:\/\/popfb.org\/es\/faith-resources\/","title":{"rendered":"Recursos de Fe"},"content":{"rendered":"<p>[et_pb_section fb_built=\u00bb1&#8243; fullwidth=\u00bbon\u00bb _builder_version=\u00bb4.27.6&#8243; _module_preset=\u00bbdefault\u00bb hover_enabled=\u00bb0&#8243; global_colors_info=\u00bb{%22gcid-87ed5ab8-6efc-426e-a45d-455b2e0d08c2%22:%91%22background_color%22%93}\u00bb background_color=\u00bbgcid-87ed5ab8-6efc-426e-a45d-455b2e0d08c2&#8243; sticky_enabled=\u00bb0&#8243;][et_pb_fullwidth_header _builder_version=\u00bb4.21.0&#8243; _module_preset=\u00bbdefault\u00bb content_font=\u00bbPoppins|700|||||||\u00bb content_font_size=\u00bb80px\u00bb content_line_height=\u00bb1.8em\u00bb background_enable_color=\u00bboff\u00bb background_image=\u00bbhttps:\/\/popfb.org\/wp-content\/uploads\/2022\/04\/Untitled-design-35.png\u00bb custom_padding=\u00bb107px||79px||false|false\u00bb hover_enabled=\u00bb0&#8243; title_font_size_tablet=\u00bb\u00bb title_font_size_phone=\u00bb25px\u00bb title_font_size_last_edited=\u00bbon|phone\u00bb content_font_size_tablet=\u00bb70px\u00bb content_font_size_phone=\u00bb50px\u00bb content_font_size_last_edited=\u00bbon|desktop\u00bb content_line_height_tablet=\u00bb1.8em\u00bb content_line_height_phone=\u00bb1.2em\u00bb content_line_height_last_edited=\u00bbon|phone\u00bb global_colors_info=\u00bb{}\u00bb sticky_enabled=\u00bb0&#8243;]<\/p>\n<p>Recursos de Fe<\/p>\n<p>[\/et_pb_fullwidth_header][\/et_pb_section][et_pb_section fb_built=\u00bb1&#8243; admin_label=\u00bbBlog\u00bb _builder_version=\u00bb4.16&#8243; _module_preset=\u00bbdefault\u00bb global_colors_info=\u00bb{}\u00bb][et_pb_row _builder_version=\u00bb4.27.4&#8243; _module_preset=\u00bbdefault\u00bb locked=\u00bboff\u00bb global_colors_info=\u00bb{}\u00bb][et_pb_column type=\u00bb4_4&#8243; _builder_version=\u00bb4.16&#8243; _module_preset=\u00bbdefault\u00bb global_colors_info=\u00bb{}\u00bb][et_pb_video src=\u00bbhttps:\/\/vimeo.com\/139714262&#8243; image_src=\u00bbhttps:\/\/popfb.org\/wp-content\/uploads\/2022\/04\/1-2.png\u00bb _builder_version=\u00bb4.17.3&#8243; _module_preset=\u00bbdefault\u00bb global_colors_info=\u00bb{}\u00bb][\/et_pb_video][et_pb_text _builder_version=\u00bb4.17.3&#8243; _module_preset=\u00bbdefault\u00bb text_text_color=\u00bbgcid-2ddc0005-ea3f-4fc1-a0d6-5a5b292e354c\u00bb header_font=\u00bb||||||||\u00bb header_text_color=\u00bbgcid-2ddc0005-ea3f-4fc1-a0d6-5a5b292e354c\u00bb header_3_font=\u00bbInter||||||||\u00bb header_3_text_color=\u00bbgcid-8b305f9d-4844-4604-ba06-445166ebe5d6&#8243; header_3_font_size=\u00bb26px\u00bb header_4_font=\u00bbHeebo|700|||||||\u00bb header_4_text_color=\u00bb#15414a\u00bb header_4_line_height=\u00bb1.5em\u00bb custom_margin=\u00bb||0px||false|false\u00bb header_3_font_size_tablet=\u00bb22px\u00bb header_3_font_size_phone=\u00bb18px\u00bb header_3_font_size_last_edited=\u00bbon|desktop\u00bb header_4_font_size_tablet=\u00bb16px\u00bb header_4_font_size_phone=\u00bb14px\u00bb header_4_font_size_last_edited=\u00bbon|tablet\u00bb global_colors_info=\u00bb{%22gcid-8b305f9d-4844-4604-ba06-445166ebe5d6%22:%91%22header_3_text_color%22%93,%22gcid-2ddc0005-ea3f-4fc1-a0d6-5a5b292e354c%22:%91%22text_text_color%22,%22header_text_color%22%93}\u00bb]<\/p>\n<h4><span style=\"color: #000000;\">FORMED<\/span><\/h4>\n<p>[\/et_pb_text][et_pb_text _builder_version=\u00bb4.17.3&#8243; _module_preset=\u00bbdefault\u00bb text_font=\u00bbInter||||||||\u00bb text_text_color=\u00bbgcid-e5e47143-da0e-414b-9c67-0bab02ed23d0&#8243; text_line_height=\u00bb1.8em\u00bb text_font_size_tablet=\u00bb15px\u00bb text_font_size_phone=\u00bb14px\u00bb text_font_size_last_edited=\u00bbon|phone\u00bb header_font_size_tablet=\u00bb55px\u00bb header_font_size_last_edited=\u00bboff|desktop\u00bb global_colors_info=\u00bb{%22gcid-e5e47143-da0e-414b-9c67-0bab02ed23d0%22:%91%22text_text_color%22%93}\u00bb]<\/p>\n<p class=\"hero-paragraph\">Obtenga miles de pel\u00edculas, programas, audio y libros al instante.<strong class=\"bold-text\"><br \/><\/strong><\/p>\n<p>[\/et_pb_text][et_pb_toggle title=\u00bbDescubra m\u00e1s\u00bb closed_toggle_text_color=\u00bbgcid-2ddc0005-ea3f-4fc1-a0d6-5a5b292e354c\u00bb closed_toggle_background_color=\u00bbgcid-2d85d98c-8894-4b4b-81e4-d5afeda04c08&#8243; icon_color=\u00bbgcid-2ddc0005-ea3f-4fc1-a0d6-5a5b292e354c\u00bb _builder_version=\u00bb4.17.3&#8243; _module_preset=\u00bbdefault\u00bb closed_title_font=\u00bbPoppins||||||||\u00bb closed_title_font_size=\u00bb15px\u00bb body_font=\u00bbPoppins||||||||\u00bb body_text_color=\u00bbgcid-2ddc0005-ea3f-4fc1-a0d6-5a5b292e354c\u00bb body_font_size=\u00bb15px\u00bb global_colors_info=\u00bb{%22gcid-2d85d98c-8894-4b4b-81e4-d5afeda04c08%22:%91%22closed_toggle_background_color%22%93,%22gcid-2ddc0005-ea3f-4fc1-a0d6-5a5b292e354c%22:%91%22closed_toggle_text_color%22,%22body_text_color%22,%22icon_color%22%93}\u00bb]<\/p>\n<p><a href=\"https:\/\/formed.org\/signup?group_id=84c3f1b0-f272-45f1-b54a-ac1d8fcdd258\" target=\"_blank\" rel=\"noopener\">Formed<\/a><span>\u00a0es un recurso cat\u00f3lico GRATUITO en l\u00ednea con devocionales diarios, pel\u00edculas y cursos. \u00a1Reg\u00edstrese como miembro de Prince of Peace para explorar esta gran biblioteca de recursos! FORMED ofrece el mejor contenido cat\u00f3lico de m\u00e1s de 60 organizaciones para ayudar a las parroquias, familias e individuos a explorar su fe en cualquier lugar. Incluye miles de pel\u00edculas, programas infantiles, libros electr\u00f3nicos, audio, programas parroquiales y estudios accesibles en su navegador, m\u00f3vil o dispositivo conectado.<\/span><\/p>\n<p>Nuestra parroquia tiene una suscripci\u00f3n en FORMED. Para configurar su cuenta gratuita, visite formed.org\/signup y seleccione nuestra parroquia.<span>\u00a0<\/span><a href=\"https:\/\/formed.org\/signup?currentStep=profile\">\u00a1Haga clic para registrarse!<\/a><\/p>\n<p>[\/et_pb_toggle][\/et_pb_column][\/et_pb_row][et_pb_row column_structure=\u00bb1_3,1_3,1_3&#8243; _builder_version=\u00bb4.17.3&#8243; _module_preset=\u00bbdefault\u00bb custom_margin=\u00bb16px|auto||auto||\u00bb global_colors_info=\u00bb{}\u00bb][et_pb_column type=\u00bb1_3&#8243; _builder_version=\u00bb4.17.3&#8243; _module_preset=\u00bbdefault\u00bb global_colors_info=\u00bb{}\u00bb][et_pb_toggle title=\u00bbAPLICACIONES\u00bb open_toggle_text_color=\u00bb#FFFFFF\u00bb open_toggle_background_color=\u00bbgcid-2ddc0005-ea3f-4fc1-a0d6-5a5b292e354c\u00bb closed_toggle_text_color=\u00bb#FFFFFF\u00bb closed_toggle_background_color=\u00bbgcid-2ddc0005-ea3f-4fc1-a0d6-5a5b292e354c\u00bb icon_color=\u00bb#FFFFFF\u00bb open_icon_color=\u00bb#FFFFFF\u00bb _builder_version=\u00bb4.21.0&#8243; _module_preset=\u00bbdefault\u00bb title_text_color=\u00bb#FFFFFF\u00bb title_font=\u00bbPoppins|700|||||||\u00bb closed_title_font=\u00bbPoppins||||||||\u00bb closed_title_font_size=\u00bb15px\u00bb body_font=\u00bbPoppins||||||||\u00bb body_text_color=\u00bb#FFFFFF\u00bb body_font_size=\u00bb15px\u00bb body_link_text_color=\u00bb#FFFFFF\u00bb global_colors_info=\u00bb{%22gcid-2ddc0005-ea3f-4fc1-a0d6-5a5b292e354c%22:%91%22open_toggle_background_color%22,%22closed_toggle_background_color%22%93}\u00bb]<\/p>\n<ul>\n<li><a href=\"https:\/\/www.ibreviary.org\/en\/\">iBreviary<\/a><\/li>\n<li>Rezandovoy (<a href=\"https:\/\/play.google.com\/store\/apps\/details?id=mansoftware.rv\">Android<\/a>) (<a href=\"https:\/\/apps.apple.com\/es\/app\/rezandovoy-2-0\/id1058565699\">iOS<\/a>)<\/li>\n<li>Evangelizo (<a href=\"https:\/\/play.google.com\/store\/apps\/details?id=org.evangelizo\">Android<\/a>) (<a href=\"https:\/\/apps.apple.com\/ec\/app\/evangelizo-evangelio-del-dia\/id379577026\">iOS<\/a>)<\/li>\n<\/ul>\n<p>[\/et_pb_toggle][et_pb_toggle title=\u00bbSERIE\u00bb open_toggle_text_color=\u00bb#FFFFFF\u00bb open_toggle_background_color=\u00bbgcid-2ddc0005-ea3f-4fc1-a0d6-5a5b292e354c\u00bb closed_toggle_text_color=\u00bb#FFFFFF\u00bb closed_toggle_background_color=\u00bbgcid-2ddc0005-ea3f-4fc1-a0d6-5a5b292e354c\u00bb icon_color=\u00bb#FFFFFF\u00bb open_icon_color=\u00bb#FFFFFF\u00bb _builder_version=\u00bb4.21.0&#8243; _module_preset=\u00bbdefault\u00bb title_text_color=\u00bb#FFFFFF\u00bb title_font=\u00bbPoppins|700|||||||\u00bb closed_title_font=\u00bbPoppins||||||||\u00bb closed_title_font_size=\u00bb15px\u00bb body_font=\u00bbPoppins||||||||\u00bb body_text_color=\u00bb#FFFFFF\u00bb body_font_size=\u00bb15px\u00bb custom_margin=\u00bb-13px|||||\u00bb global_colors_info=\u00bb{%22gcid-2ddc0005-ea3f-4fc1-a0d6-5a5b292e354c%22:%91%22open_toggle_background_color%22,%22closed_toggle_background_color%22%93}\u00bb]<\/p>\n<ul>\n<li><a href=\"https:\/\/wildgoose.tv\/categories\/espanol\">Wild Goose TV<\/a><\/li>\n<\/ul>\n<p>[\/et_pb_toggle][\/et_pb_column][et_pb_column type=\u00bb1_3&#8243; _builder_version=\u00bb4.17.3&#8243; _module_preset=\u00bbdefault\u00bb global_colors_info=\u00bb{}\u00bb][et_pb_toggle title=\u00bbLIBROS\u00bb open_toggle_text_color=\u00bb#FFFFFF\u00bb open_toggle_background_color=\u00bbgcid-2ddc0005-ea3f-4fc1-a0d6-5a5b292e354c\u00bb closed_toggle_text_color=\u00bb#FFFFFF\u00bb closed_toggle_background_color=\u00bbgcid-2ddc0005-ea3f-4fc1-a0d6-5a5b292e354c\u00bb icon_color=\u00bb#FFFFFF\u00bb open_icon_color=\u00bb#FFFFFF\u00bb _builder_version=\u00bb4.21.0&#8243; _module_preset=\u00bbdefault\u00bb title_text_color=\u00bb#FFFFFF\u00bb title_font=\u00bbPoppins|700|||||||\u00bb closed_title_font=\u00bbPoppins||||||||\u00bb closed_title_font_size=\u00bb15px\u00bb body_font=\u00bbPoppins||||||||\u00bb body_text_color=\u00bb#FFFFFF\u00bb body_font_size=\u00bb15px\u00bb body_link_text_color=\u00bb#FFFFFF\u00bb global_colors_info=\u00bb{%22gcid-2ddc0005-ea3f-4fc1-a0d6-5a5b292e354c%22:%91%22open_toggle_background_color%22,%22closed_toggle_background_color%22%93}\u00bb]<\/p>\n<ul>\n<li><a href=\"http:\/\/www.biblia.catholic.net\/\">Biblia<\/a><\/li>\n<li><a href=\"https:\/\/www.vatican.va\/archive\/catechism_sp\/index_sp.html\">Catecismo<\/a><\/li>\n<\/ul>\n<p>[\/et_pb_toggle][et_pb_toggle title=\u00bbSITIOS\u00bb open_toggle_text_color=\u00bb#FFFFFF\u00bb open_toggle_background_color=\u00bbgcid-2ddc0005-ea3f-4fc1-a0d6-5a5b292e354c\u00bb closed_toggle_text_color=\u00bb#FFFFFF\u00bb closed_toggle_background_color=\u00bbgcid-2ddc0005-ea3f-4fc1-a0d6-5a5b292e354c\u00bb icon_color=\u00bb#FFFFFF\u00bb open_icon_color=\u00bb#FFFFFF\u00bb _builder_version=\u00bb4.21.0&#8243; _module_preset=\u00bbdefault\u00bb title_text_color=\u00bb#FFFFFF\u00bb title_font=\u00bbPoppins|700|||||||\u00bb closed_title_font=\u00bbPoppins||||||||\u00bb closed_title_font_size=\u00bb15px\u00bb body_font=\u00bbPoppins||||||||\u00bb body_text_color=\u00bb#FFFFFF\u00bb body_font_size=\u00bb15px\u00bb body_link_text_color=\u00bb#FFFFFF\u00bb custom_margin=\u00bb-13px|||||\u00bb global_colors_info=\u00bb{%22gcid-2ddc0005-ea3f-4fc1-a0d6-5a5b292e354c%22:%91%22open_toggle_background_color%22,%22closed_toggle_background_color%22%93}\u00bb]<\/p>\n<ul>\n<li><a href=\"https:\/\/www.ewtn.com\/es\">EWTN Espa\u00f1ol<\/a><\/li>\n<li><a href=\"https:\/\/www.vatican.va\/offices\/papal_docs_list_sp.html\">Escritos Papales<\/a><\/li>\n<li><a href=\"https:\/\/www.vatican.va\/content\/vatican\/en.html\">Vatican.va<\/a><\/li>\n<li><a href=\"https:\/\/www.aciprensa.com\/\">ACI\u00a0 Prensa<\/a><\/li>\n<li><a href=\"http:\/\/www.es.catholic.net\/\">Catholic.net<\/a><\/li>\n<\/ul>\n<p>[\/et_pb_toggle][\/et_pb_column][et_pb_column type=\u00bb1_3&#8243; _builder_version=\u00bb4.17.3&#8243; _module_preset=\u00bbdefault\u00bb global_colors_info=\u00bb{}\u00bb][et_pb_toggle title=\u00bbPODCASTS\u00bb open_toggle_text_color=\u00bb#FFFFFF\u00bb open_toggle_background_color=\u00bbgcid-2ddc0005-ea3f-4fc1-a0d6-5a5b292e354c\u00bb closed_toggle_text_color=\u00bb#FFFFFF\u00bb closed_toggle_background_color=\u00bbgcid-2ddc0005-ea3f-4fc1-a0d6-5a5b292e354c\u00bb icon_color=\u00bb#FFFFFF\u00bb open_icon_color=\u00bb#FFFFFF\u00bb _builder_version=\u00bb4.21.0&#8243; _module_preset=\u00bbdefault\u00bb title_text_color=\u00bb#FFFFFF\u00bb title_font=\u00bbPoppins|700|||||||\u00bb closed_title_font=\u00bbPoppins||||||||\u00bb closed_title_font_size=\u00bb15px\u00bb body_font=\u00bbPoppins||||||||\u00bb body_text_color=\u00bb#FFFFFF\u00bb body_font_size=\u00bb15px\u00bb body_link_text_color=\u00bb#FFFFFF\u00bb custom_margin=\u00bb-13px|||||\u00bb global_colors_info=\u00bb{%22gcid-2ddc0005-ea3f-4fc1-a0d6-5a5b292e354c%22:%91%22open_toggle_background_color%22,%22closed_toggle_background_color%22%93}\u00bb]<\/p>\n<p><em><strong>Radio<\/strong><\/em><\/p>\n<ul>\n<li><a href=\"https:\/\/www.ewtn.com\/es\/radio\">EWTN Radio<\/a><\/li>\n<li><a href=\"https:\/\/www.grnonline.com\/es\/nortedetexas\/?station=KJON\">Guadalupe Radio<\/a><\/li>\n<\/ul>\n<p><strong><em>Podcasts<\/em><\/strong><\/p>\n<ul>\n<li><a href=\"https:\/\/ascensionpress.com\/pages\/biy-espanol-registration\">La Biblia en un A\u00f10<\/a><\/li>\n<li><a href=\"https:\/\/open.spotify.com\/show\/3s9a9Z0ZfxssvUU8dlPAPt?si=RsqdLSRnQ76JckrrguTurg&amp;nd=1\">Cafesito con el Seba<\/a><\/li>\n<li><a href=\"https:\/\/open.spotify.com\/show\/3k7e8iy7spv90njcuKmYb9?si=JBj2I7X4Qo2P6jysJK99ow&amp;nd=1\">Al l\u00edo con el Padre Joaqu\u00edn<\/a><\/li>\n<li><a href=\"https:\/\/open.spotify.com\/show\/0AmQdqvHQDniuMmaXe4vSe\">Amar ASY<\/a><\/li>\n<li><a href=\"https:\/\/open.spotify.com\/show\/6jIAFUScy0ALawyraplx6p?si=o3MfzlqWS3Gh3H7uWfg3ng&amp;nd=1\">El Plan D<\/a><\/li>\n<li><a href=\"https:\/\/open.spotify.com\/show\/1sq2MYlTyXKwVvMDqpA3uF?si=KxuDFZ3KSj-ZdTXBIqehzQ&amp;nd=1\">Seamos Santos<\/a><\/li>\n<li><a href=\"https:\/\/open.spotify.com\/show\/6RgXqphG2Tq7BfqMKmXSPB?si=SLOLGLxrTVqqsVuNKKSSXA&amp;nd=1\">Llamados a +<\/a><\/li>\n<li><a href=\"https:\/\/open.spotify.com\/show\/2lnVDOoen2cIDiXuOQ3YMq?si=FmoCkzAjTaCc4WSpQHmbSQ&amp;nd=1\">Dos lados, una Historia<\/a><\/li>\n<\/ul>\n<p>[\/et_pb_toggle][et_pb_toggle title=\u00bbYOUTUBE \u00bb open_toggle_text_color=\u00bb#FFFFFF\u00bb open_toggle_background_color=\u00bbgcid-2ddc0005-ea3f-4fc1-a0d6-5a5b292e354c\u00bb closed_toggle_text_color=\u00bb#FFFFFF\u00bb closed_toggle_background_color=\u00bbgcid-2ddc0005-ea3f-4fc1-a0d6-5a5b292e354c\u00bb icon_color=\u00bb#FFFFFF\u00bb open_icon_color=\u00bb#FFFFFF\u00bb _builder_version=\u00bb4.21.0&#8243; _module_preset=\u00bbdefault\u00bb title_text_color=\u00bb#FFFFFF\u00bb title_font=\u00bbPoppins|700|||||||\u00bb closed_title_font=\u00bbPoppins||||||||\u00bb closed_title_font_size=\u00bb15px\u00bb body_font=\u00bbPoppins||||||||\u00bb body_text_color=\u00bb#FFFFFF\u00bb body_font_size=\u00bb15px\u00bb body_link_text_color=\u00bb#FFFFFF\u00bb custom_margin=\u00bb-13px|||||\u00bb global_colors_info=\u00bb{%22gcid-2ddc0005-ea3f-4fc1-a0d6-5a5b292e354c%22:%91%22open_toggle_background_color%22,%22closed_toggle_background_color%22%93}\u00bb]<\/p>\n<ul>\n<li><a href=\"https:\/\/www.youtube.com\/@Catholic-link\">Catholic Link<\/a><\/li>\n<li><a href=\"https:\/\/www.youtube.com\/@SeBuscanRebeldes\/featured\">Se Buscan Rebeldes<\/a><\/li>\n<li><a href=\"https:\/\/www.youtube.com\/@EWTNespanol\">EWTN Espa\u00f1ol<\/a><\/li>\n<li><a href=\"https:\/\/www.youtube.com\/@FrayELIO\/videos\">Peregrino Gris<\/a><\/li>\n<\/ul>\n<p>[\/et_pb_toggle][\/et_pb_column][\/et_pb_row][\/et_pb_section]<\/p>\n","protected":false},"excerpt":{"rendered":"<p>Recursos de FeFORMEDObtenga miles de pel\u00edculas, programas, audio y libros al instante.Formed\u00a0es un recurso cat\u00f3lico GRATUITO en l\u00ednea con devocionales diarios, pel\u00edculas y cursos. \u00a1Reg\u00edstrese como miembro de Prince of Peace para explorar esta gran biblioteca de recursos! FORMED ofrece el mejor contenido cat\u00f3lico de m\u00e1s de 60 organizaciones para ayudar a las parroquias, familias e individuos a explorar su fe en cualquier lugar. Incluye miles de pel\u00edculas, programas infantiles, libros electr\u00f3nicos, audio, programas parroquiales y estudios accesibles en su navegador, m\u00f3vil o dispositivo conectado. Nuestra parroquia tiene una suscripci\u00f3n en FORMED. Para configurar su cuenta gratuita, visite formed.org\/signup y seleccione nuestra parroquia.\u00a0\u00a1Haga clic para registrarse! iBreviary Rezandovoy (Android) (iOS) Evangelizo (Android) (iOS) Wild Goose TV Biblia Catecismo EWTN Espa\u00f1ol Escritos Papales Vatican.va ACI\u00a0 Prensa Catholic.net Radio EWTN Radio Guadalupe Radio Podcasts La Biblia en un A\u00f10 Cafesito con el Seba Al l\u00edo con el Padre Joaqu\u00edn Amar ASY El Plan D Seamos Santos Llamados a + Dos lados, una Historia Catholic Link Se Buscan Rebeldes EWTN Espa\u00f1ol Peregrino Gris<\/p>\n","protected":false},"author":1,"featured_media":0,"parent":0,"menu_order":0,"comment_status":"closed","ping_status":"closed","template":"","meta":{"_et_pb_use_builder":"on","_et_pb_old_content":"","_et_gb_content_width":"","footnotes":""},"class_list":["post-1398","page","type-page","status-publish","hentry"],"publishpress_future_action":{"enabled":false,"date":"2026-04-23 19:46:33","action":"change-status","newStatus":"draft","terms":[],"taxonomy":"translation_priority","extraData":[]},"publishpress_future_workflow_manual_trigger":{"enabledWorkflows":[]},"_links":{"self":[{"href":"https:\/\/popfb.org\/es\/wp-json\/wp\/v2\/pages\/1398","targetHints":{"allow":["GET"]}}],"collection":[{"href":"https:\/\/popfb.org\/es\/wp-json\/wp\/v2\/pages"}],"about":[{"href":"https:\/\/popfb.org\/es\/wp-json\/wp\/v2\/types\/page"}],"author":[{"embeddable":true,"href":"https:\/\/popfb.org\/es\/wp-json\/wp\/v2\/users\/1"}],"replies":[{"embeddable":true,"href":"https:\/\/popfb.org\/es\/wp-json\/wp\/v2\/comments?post=1398"}],"version-history":[{"count":3,"href":"https:\/\/popfb.org\/es\/wp-json\/wp\/v2\/pages\/1398\/revisions"}],"predecessor-version":[{"id":19972,"href":"https:\/\/popfb.org\/es\/wp-json\/wp\/v2\/pages\/1398\/revisions\/19972"}],"wp:attachment":[{"href":"https:\/\/popfb.org\/es\/wp-json\/wp\/v2\/media?parent=1398"}],"curies":[{"name":"wp","href":"https:\/\/api.w.org\/{rel}","templated":true}]}}