{"id":1389,"date":"2022-04-01T13:01:51","date_gmt":"2022-04-01T17:01:51","guid":{"rendered":"https:\/\/popfb.org\/reconciliacion\/"},"modified":"2026-04-08T08:19:28","modified_gmt":"2026-04-08T12:19:28","slug":"confessions","status":"publish","type":"page","link":"https:\/\/popfb.org\/es\/confessions\/","title":{"rendered":"Sacramento: Reconciliaci\u00f3n"},"content":{"rendered":"<p>[et_pb_section fb_built=\u00bb1&#8243; custom_padding_last_edited=\u00bbon|desktop\u00bb _builder_version=\u00bb4.24.0&#8243; _module_preset=\u00bbdefault\u00bb background_color=\u00bbgcid-04db7074-fb46-44cc-9e95-1866be7a2544&#8243; custom_padding=\u00bb112px||82px||false|false\u00bb custom_padding_tablet=\u00bb75px||53px||false|false\u00bb custom_padding_phone=\u00bb65px||82px||false|false\u00bb global_colors_info=\u00bb{%22gcid-04db7074-fb46-44cc-9e95-1866be7a2544%22:%91%22background_color%22%93}\u00bb][et_pb_row column_structure=\u00bb1_2,1_2&#8243; custom_padding_last_edited=\u00bbon|phone\u00bb _builder_version=\u00bb4.24.0&#8243; _module_preset=\u00bbdefault\u00bb custom_padding=\u00bb||30px||false|false\u00bb custom_padding_tablet=\u00bb||10px||false|false\u00bb custom_padding_phone=\u00bb||9px||false|false\u00bb global_colors_info=\u00bb{}\u00bb][et_pb_column type=\u00bb1_2&#8243; _builder_version=\u00bb4.24.0&#8243; _module_preset=\u00bbdefault\u00bb global_colors_info=\u00bb{}\u00bb][et_pb_text _builder_version=\u00bb4.24.0&#8243; _module_preset=\u00bbdefault\u00bb text_font=\u00bbPoppins||||||||\u00bb text_text_color=\u00bb#FFFFFF\u00bb text_font_size=\u00bb40px\u00bb header_text_align=\u00bbcenter\u00bb text_font_size_tablet=\u00bb35px\u00bb text_font_size_phone=\u00bb28px\u00bb text_font_size_last_edited=\u00bbon|phone\u00bb text_line_height_tablet=\u00bb\u00bb text_line_height_phone=\u00bb1em\u00bb text_line_height_last_edited=\u00bbon|phone\u00bb global_colors_info=\u00bb{}\u00bb]<\/p>\n<p><strong>Reconciliaci\u00f3n<\/strong><\/p>\n<p>[\/et_pb_text][et_pb_text _builder_version=\u00bb4.19.1&#8243; text_font=\u00bbPoppins|600|||||||\u00bb text_text_color=\u00bb#FFFFFF\u00bb text_font_size=\u00bb17px\u00bb text_line_height=\u00bb1.8em\u00bb header_font=\u00bbPoppins||||||||\u00bb custom_margin=\u00bb|0px|||false|false\u00bb custom_margin_tablet=\u00bb|0px|||false|false\u00bb custom_margin_phone=\u00bb|0px|||false|false\u00bb custom_margin_last_edited=\u00bbon|phone\u00bb text_font_size_tablet=\u00bb16px\u00bb text_font_size_phone=\u00bb15px\u00bb text_font_size_last_edited=\u00bbon|phone\u00bb locked=\u00bboff\u00bb global_colors_info=\u00bb{}\u00bb]<\/p>\n<div class=\"block copy-columns  \">\n<div class=\"grid-container\">\n<div class=\"grid-x grid-margin-x\">\n<div class=\"cell copy small-12 medium-auto text-left\">\n<p>El Sacramento de la Reconciliaci\u00f3n es un regalo de Dios para nosotros para que cualquier pecado cometido despu\u00e9s del Bautismo pueda ser perdonado. En la confesi\u00f3n tenemos la oportunidad de arrepentirnos y recuperar la gracia de la amistad con Dios. Es un momento santo en el que nos ponemos en su presencia y reconocemos honestamente nuestros pecados, especialmente los pecados mortales. Con la absoluci\u00f3n, somos reconciliados con Dios y la Iglesia. El Sacramento nos ayuda a permanecer cerca de la verdad de que no podemos vivir sin Dios. \u00abEn \u00e9l vivimos, nos movemos y existimos\u00bb (Hechos 17:28).<\/p>\n<\/div>\n<\/div>\n<\/div>\n<\/div>\n<p>[\/et_pb_text][\/et_pb_column][et_pb_column type=\u00bb1_2&#8243; _builder_version=\u00bb4.24.0&#8243; _module_preset=\u00bbdefault\u00bb global_colors_info=\u00bb{}\u00bb][et_pb_image src=\u00bbhttps:\/\/popfb.org\/wp-content\/uploads\/2024\/02\/confessions-page-2.png\u00bb title_text=\u00bbconfessions page (2)\u00bb force_fullwidth=\u00bbon\u00bb _builder_version=\u00bb4.24.0&#8243; custom_margin=\u00bb|||\u00bb custom_padding=\u00bb|||\u00bb animation_style=\u00bbslide\u00bb animation_direction=\u00bbtop\u00bb animation_intensity_slide=\u00bb6%\u00bb animation_starting_opacity=\u00bb100%\u00bb box_shadow_style=\u00bbpreset1&#8243; box_shadow_vertical=\u00bb10px\u00bb box_shadow_blur=\u00bb100px\u00bb box_shadow_color=\u00bbrgba(0,0,0,0.2)\u00bb always_center_on_mobile=\u00bboff\u00bb global_colors_info=\u00bb{}\u00bb][\/et_pb_image][\/et_pb_column][\/et_pb_row][et_pb_row column_structure=\u00bb1_2,1_2&#8243; _builder_version=\u00bb4.24.0&#8243; _module_preset=\u00bbdefault\u00bb global_colors_info=\u00bb{}\u00bb][et_pb_column type=\u00bb1_2&#8243; _builder_version=\u00bb4.24.0&#8243; _module_preset=\u00bbdefault\u00bb global_colors_info=\u00bb{}\u00bb][et_pb_text _builder_version=\u00bb4.24.0&#8243; _module_preset=\u00bbdefault\u00bb text_font=\u00bbPoppins||||||||\u00bb text_text_color=\u00bb#FFFFFF\u00bb text_font_size=\u00bb40px\u00bb header_text_align=\u00bbcenter\u00bb text_font_size_tablet=\u00bb35px\u00bb text_font_size_phone=\u00bb28px\u00bb text_font_size_last_edited=\u00bbon|phone\u00bb text_line_height_tablet=\u00bb\u00bb text_line_height_phone=\u00bb1em\u00bb text_line_height_last_edited=\u00bbon|phone\u00bb global_colors_info=\u00bb{}\u00bb]<\/p>\n<p><strong>Horarios de Confesi\u00f3n<\/strong><\/p>\n<p>[\/et_pb_text][dvmd_table_maker tbl_column_header_count=\u00bb0&#8243; tbl_frame_type=\u00bblines\u00bb tbl_frame_line_color=\u00bb#FFFFFF\u00bb tbl_rhead_cell_color=\u00bb#FFFFFF\u00bb disabled_on=\u00bboff|off|off\u00bb _builder_version=\u00bb4.27.6&#8243; _module_preset=\u00bbdefault\u00bb tbl_tcell_text_font=\u00bbPoppins||||||||\u00bb custom_padding=\u00bb|||0px||\u00bb hover_enabled=\u00bb0&#8243; tbl_title_font_size_tablet=\u00bb18px\u00bb tbl_title_font_size_phone=\u00bb15px\u00bb tbl_title_font_size_last_edited=\u00bbon|phone\u00bb global_module=\u00bb5593&#8243; saved_tabs=\u00bball\u00bb global_colors_info=\u00bb{%22gcid-2d85d98c-8894-4b4b-81e4-d5afeda04c08%22:%91%22tbl_title_text_color%22%93}\u00bb sticky_enabled=\u00bb0&#8243;][dvmd_table_maker_item col_content=\u00bbSaturday | S\u00e1bado<br \/>\nMonday | Lunes<br \/>\nTuesday | Martes<br \/>\nThursday | Jueves<br \/>\u00bb col_rhead_cell_color=\u00bbRGBA(255,255,255,0)\u00bb _builder_version=\u00bb4.27.6&#8243; _module_preset=\u00bbpredeterminado\u00bb col_tcell_text_text_color=\u00bb#FFFFFF\u00bb hover_enabled=\u00bb0&#8243; global_colors_info=\u00bb{}\u00bb sticky_enabled=\u00bb0&#8243;][\/dvmd_table_maker_item][dvmd_table_maker_item col_content=\u00bb9:30am<br \/>\n9:30am<br \/>\n6:00pm &#8211; 6:45pm<br \/>\n6:00pm &#8211; 6:45pm<br \/>\u00bb col_tcell_cell_color=\u00bbRGBA(255,255,255,0)\u00bb _builder_version=\u00bb4.27.6&#8243; _module_preset=\u00bbpredeterminado\u00bb col_tcell_text_text_color=\u00bb#FFFFFF\u00bb hover_enabled=\u00bb0&#8243; global_colors_info=\u00bb{}\u00bb sticky_enabled=\u00bb0&#8243;][\/dvmd_table_maker_item][\/dvmd_table_maker][dvmd_table_maker tbl_title_mode=\u00bbon\u00bb tbl_title_text=\u00bbDurante la Cuaresma\u00bb tbl_description_mode=\u00bbon\u00bb tbl_description_text=\u00bbNo habr\u00e1 confesiones durante la Semana Santa (29\/3\u20135\/4). El horario regular de confesiones se reanudar\u00e1 el 7\/4.\u00bb tbl_description_position=\u00bbabove\u00bb tbl_column_header_count=\u00bb0&#8243; tbl_frame_type=\u00bblines\u00bb tbl_frame_line_color=\u00bb#FFFFFF\u00bb tbl_rhead_cell_color=\u00bb#FFFFFF\u00bb _builder_version=\u00bb4.27.5&#8243; _module_preset=\u00bbdefault\u00bb tbl_title_text_color=\u00bbgcid-2d85d98c-8894-4b4b-81e4-d5afeda04c08&#8243; tbl_title_font_size=\u00bb20px\u00bb tbl_description_text_color=\u00bb#FFFFFF\u00bb tbl_description_font_size=\u00bb15px\u00bb tbl_description_line_height=\u00bb1.5em\u00bb tbl_tcell_text_font=\u00bbPoppins||||||||\u00bb display_conditions=\u00bbW3siaWQiOiIwZTQ4MDEwNi05NGQ0LTRhN2EtOTE4NS1lMDQ2OWUyNjViNjQiLCJjb25kaXRpb24iOiJkYXRlVGltZSIsImNvbmRpdGlvblNldHRpbmdzIjp7ImRpc3BsYXlSdWxlIjoiaXNBZnRlciIsImRhdGUiOiIyMDI2LTAyLTE4IiwidGltZSI6IjAwOjAwIiwid2Vla2RheXMiOiJ8IiwiYWxsRGF5Ijoib24iLCJmcm9tVGltZSI6IjAwOjAwIiwidW50aWxUaW1lIjoiMDA6MDAiLCJyZXBlYXQiOiJvZmYiLCJyZXBlYXRGcmVxdWVuY3kiOiJtb250aGx5IiwicmVwZWF0RnJlcXVlbmN5U3BlY2lmaWNEYXlzIjoid2Vla2x5IiwicmVwZWF0RW5kIjoibmV2ZXIiLCJyZXBlYXRVbnRpbERhdGUiOiIyMDI2LTItOSIsInJlcGVhdFRpbWVzIjoiMyIsImFkbWluTGFiZWwiOiJEYXRlICYgVGltZSIsImVuYWJsZUNvbmRpdGlvbiI6Im9uIn0sIm9wZXJhdG9yIjoiT1IifV0=\u00bb custom_padding=\u00bb|||0px||\u00bb tbl_title_font_size_tablet=\u00bb20px\u00bb tbl_title_font_size_phone=\u00bb20px\u00bb tbl_title_font_size_last_edited=\u00bbon|phone\u00bb saved_tabs=\u00bball\u00bb global_colors_info=\u00bb{%22gcid-2d85d98c-8894-4b4b-81e4-d5afeda04c08%22:%91%22tbl_title_text_color%22,%22tbl_title_text_color%22%93}\u00bb disabled_on=\u00bbon|on|on\u00bb disabled=\u00bbon\u00bb][dvmd_table_maker_item col_content=\u00bbLunes-Viernes<br \/>\nS\u00e1bado<br \/>\nFriday<br \/>\u00bb col_rhead_cell_color=\u00bbRGBA(255,255,255,0)\u00bb _builder_version=\u00bb4.27.5&#8243; _module_preset=\u00bbpredeterminado\u00bb col_tcell_text_text_color=\u00bb#FFFFFF\u00bb global_colors_info=\u00bb{}\u00bb][\/dvmd_table_maker_item][dvmd_table_maker_item col_content=\u00bb9:30am-10:30am<br \/>\n9:30am<br \/>\n6pm-7pm<br \/>\u00bb col_tcell_cell_color=\u00bbRGBA(255,255,255,0)\u00bb _builder_version=\u00bb4.27.5&#8243; _module_preset=\u00bbpredeterminado\u00bb col_tcell_text_text_color=\u00bb#FFFFFF\u00bb global_colors_info=\u00bb{}\u00bb][\/dvmd_table_maker_item][\/dvmd_table_maker][\/et_pb_column][et_pb_column type=\u00bb1_2&#8243; _builder_version=\u00bb4.24.0&#8243; _module_preset=\u00bbdefault\u00bb global_colors_info=\u00bb{}\u00bb][et_pb_accordion _builder_version=\u00bb4.24.0&#8243; _module_preset=\u00bbdefault\u00bb global_colors_info=\u00bb{}\u00bb][et_pb_accordion_item title=\u00bbInformaci\u00f3n sobre la preparaci\u00f3n para la Primera Reconciliaci\u00f3n y la Primera Comuni\u00f3n\u00bb open=\u00bbon\u00bb open_toggle_text_color=\u00bb#000000&#8243; closed_toggle_text_color=\u00bb#000000&#8243; _builder_version=\u00bb4.24.0&#8243; _module_preset=\u00bbdefault\u00bb body_font=\u00bbPoppins||||||||\u00bb body_font_size=\u00bb17px\u00bb body_link_text_color=\u00bbgcid-8aadf6e7-17df-4aa2-9c59-88af67cff600&#8243; body_font_size_tablet=\u00bb16px\u00bb body_font_size_phone=\u00bb15px\u00bb body_font_size_last_edited=\u00bbon|phone\u00bb global_colors_info=\u00bb{%22gcid-8aadf6e7-17df-4aa2-9c59-88af67cff600%22:%91%22body_link_text_color%22%93}\u00bb toggle_text_color=\u00bb#000000&#8243; toggle_font=\u00bbPoppins|600|||||||\u00bb toggle_font_size=\u00bb20px\u00bb closed_toggle_font=\u00bbPoppins|600|||||||\u00bb closed_toggle_font_size=\u00bb20px\u00bb toggle_font_size_tablet=\u00bb19px\u00bb toggle_font_size_phone=\u00bb18px\u00bb toggle_font_size_last_edited=\u00bbon|desktop\u00bb closed_toggle_font_size_tablet=\u00bb19px\u00bb closed_toggle_font_size_phone=\u00bb18px\u00bb closed_toggle_font_size_last_edited=\u00bbon|phone\u00bb]<\/p>\n<p><a href=\"https:\/\/popfb.org\/es\/eucharist-children\/\">Grados 2-5<\/a><br \/><a href=\"https:\/\/popfb.org\/es\/eucharist-youth\/\">Grados 6-12<\/a><br \/><a href=\"https:\/\/popfb.org\/es\/eucharist-adults\/\">Adults<\/a><\/p>\n<p>[\/et_pb_accordion_item][et_pb_accordion_item title=\u00bbRecursos\u00bb open_toggle_text_color=\u00bb#000000&#8243; closed_toggle_text_color=\u00bb#000000&#8243; _builder_version=\u00bb4.24.0&#8243; _module_preset=\u00bbdefault\u00bb body_font=\u00bbPoppins||||||||\u00bb body_font_size=\u00bb17px\u00bb body_link_text_color=\u00bbgcid-8aadf6e7-17df-4aa2-9c59-88af67cff600&#8243; body_font_size_tablet=\u00bb16px\u00bb body_font_size_phone=\u00bb15px\u00bb body_font_size_last_edited=\u00bbon|phone\u00bb global_colors_info=\u00bb{%22gcid-8aadf6e7-17df-4aa2-9c59-88af67cff600%22:%91%22body_link_text_color%22%93}\u00bb toggle_text_color=\u00bb#000000&#8243; toggle_font=\u00bbPoppins|600|||||||\u00bb toggle_font_size=\u00bb20px\u00bb closed_toggle_font=\u00bbPoppins|600|||||||\u00bb closed_toggle_font_size=\u00bb20px\u00bb toggle_font_size_tablet=\u00bb19px\u00bb toggle_font_size_phone=\u00bb18px\u00bb toggle_font_size_last_edited=\u00bbon|desktop\u00bb closed_toggle_font_size_tablet=\u00bb19px\u00bb closed_toggle_font_size_phone=\u00bb18px\u00bb closed_toggle_font_size_last_edited=\u00bbon|phone\u00bb open=\u00bboff\u00bb]<\/p>\n<ul>\n<li><span><a href=\"https:\/\/goodconfession.com\/\">GoodConfession.com<\/a><a href=\"https:\/\/goodconfession.com\/\"><\/a><\/span><\/li>\n<li><span><a href=\"http:\/\/www.kofc.org\/en\/resources\/cis\/devotionals\/2075.pdf\">How to Confess<\/a><\/span><\/li>\n<li><span><a href=\"https:\/\/www.catholicscomehome.org\/your-questions\/what-is-the-sacrament-of-confession\/\">What is Confession?<br \/><\/a><\/span><\/li>\n<li><span><a href=\"https:\/\/itunes.apple.com\/us\/app\/confession-a-roman-catholic\/id416019676\">Confession App<\/a><\/span><\/li>\n<\/ul>\n<p>[\/et_pb_accordion_item][\/et_pb_accordion][\/et_pb_column][\/et_pb_row][\/et_pb_section][et_pb_section fb_built=\u00bb1&#8243; _builder_version=\u00bb4.24.0&#8243; _module_preset=\u00bbdefault\u00bb global_colors_info=\u00bb{}\u00bb][et_pb_row _builder_version=\u00bb4.19.1&#8243; _module_preset=\u00bbdefault\u00bb global_colors_info=\u00bb{}\u00bb][et_pb_column type=\u00bb4_4&#8243; _builder_version=\u00bb4.19.1&#8243; _module_preset=\u00bbdefault\u00bb global_colors_info=\u00bb{}\u00bb][et_pb_text _builder_version=\u00bb4.24.0&#8243; _module_preset=\u00bbdefault\u00bb text_font=\u00bbPoppins||||||||\u00bb text_text_color=\u00bb#000000&#8243; text_font_size=\u00bb40px\u00bb header_text_align=\u00bbcenter\u00bb text_orientation=\u00bbcenter\u00bb text_font_size_tablet=\u00bb35px\u00bb text_font_size_phone=\u00bb28px\u00bb text_font_size_last_edited=\u00bbon|phone\u00bb text_line_height_tablet=\u00bb\u00bb text_line_height_phone=\u00bb1em\u00bb text_line_height_last_edited=\u00bbon|phone\u00bb global_colors_info=\u00bb{}\u00bb]<\/p>\n<p><strong>Avisos<\/strong><\/p>\n<p>[\/et_pb_text][decm_event_display event_selection=\u00bbcustom_event\u00bb included_categories=\u00bb50&#8243; show_venue=\u00bboff\u00bb show_name=\u00bboff\u00bb show_price=\u00bboff\u00bb show_price_ticket=\u00bboff\u00bb show_rsvp_feed=\u00bboff\u00bb show_category=\u00bboff\u00bb hide_comma_cat=\u00bboff\u00bb show_tag=\u00bboff\u00bb show_weburl=\u00bboff\u00bb show_excerpt=\u00bboff\u00bb show_icon_label=\u00bbicon\u00bb event_count=\u00bb8&#8243; result_message=\u00bbNo hay avisos en este momento. \u00bb columns=\u00bb4&#8243; details_link_color=\u00bb#000000&#8243; details_icon_color=\u00bb#000000&#8243; button_align=\u00bbon\u00bb button_make_fullwidth=\u00bbon\u00bb show_pagination=\u00bbon\u00bb _builder_version=\u00bb4.27.5&#8243; _module_preset=\u00bbdefault\u00bb title_font=\u00bbPoppins|700|||||||\u00bb title_font_size=\u00bb22px\u00bb duration_font=\u00bbPoppins||||||||\u00bb duration_font_size=\u00bb17px\u00bb excerpt_font=\u00bbPoppins||||||||\u00bb excerpt_font_size=\u00bb17px\u00bb callout_date_text_color=\u00bbgcid-2d85d98c-8894-4b4b-81e4-d5afeda04c08&#8243; custom_view_more=\u00bbon\u00bb view_more_text_size=\u00bb17px\u00bb view_more_text_color=\u00bb#000000&#8243; custom_ajax_load_more_button=\u00bbon\u00bb ajax_load_more_button_text_size=\u00bb17px\u00bb ajax_load_more_button_text_color=\u00bb#000000&#8243; ajax_load_more_button_alignment=\u00bbcenter\u00bb title_font_size_tablet=\u00bb21px\u00bb title_font_size_phone=\u00bb20px\u00bb title_font_size_last_edited=\u00bbon|phone\u00bb duration_font_size_tablet=\u00bb16px\u00bb duration_font_size_phone=\u00bb15px\u00bb duration_font_size_last_edited=\u00bbon|desktop\u00bb excerpt_font_size_tablet=\u00bb16px\u00bb excerpt_font_size_phone=\u00bb15px\u00bb excerpt_font_size_last_edited=\u00bbon|phone\u00bb view_more_text_size_tablet=\u00bb16px\u00bb view_more_text_size_phone=\u00bb15px\u00bb view_more_text_size_last_edited=\u00bbon|desktop\u00bb ajax_load_more_button_text_size_tablet=\u00bb16px\u00bb ajax_load_more_button_text_size_phone=\u00bb15px\u00bb ajax_load_more_button_text_size_last_edited=\u00bbon|phone\u00bb global_colors_info=\u00bb{%22gcid-2d85d98c-8894-4b4b-81e4-d5afeda04c08%22:%91%22callout_date_text_color%22%93}\u00bb][\/decm_event_display][\/et_pb_column][\/et_pb_row][\/et_pb_section]<\/p>\n","protected":false},"excerpt":{"rendered":"<p>Reconciliaci\u00f3n El Sacramento de la Reconciliaci\u00f3n es un regalo de Dios para nosotros para que cualquier pecado cometido despu\u00e9s del Bautismo pueda ser perdonado. En la confesi\u00f3n tenemos la oportunidad de arrepentirnos y recuperar la gracia de la amistad con Dios. Es un momento santo en el que nos ponemos en su presencia y reconocemos honestamente nuestros pecados, especialmente los pecados mortales. Con la absoluci\u00f3n, somos reconciliados con Dios y la Iglesia. El Sacramento nos ayuda a permanecer cerca de la verdad de que no podemos vivir sin Dios. \u00abEn \u00e9l vivimos, nos movemos y existimos\u00bb (Hechos 17:28). Horarios de Confesi\u00f3n<div class=\"et_pb_module dvmd_table_maker dvmd_table_maker_0 dvmd_tm_version_4_0_0\">\n\t\t\t\t\n\t\t\t\t\n\t\t\t\t\n\t\t\t\t\n\t\t\t\t\n\t\t\t\t\n\t\t\t\t<div class=\"et_pb_module_inner\">\n\t\t\t\t\t<div\n                    role=\"table\"\n                    class=\"dvmd_tm_table dvmd_preload dvmd_tm_max_width_980 dvmd_tm_breakby_column dvmd_tm_blocks\"\n                    \n                    \n                    aria-rowcount=\"2\"\n                    aria-colcount=\"4\">\n                        <div class=\"dvmd_tm_tblock dvmd_tm_tblock_0 dvmd_tm_cblock\" role=\"rowgroup\">\n                        <div class=\"dvmd_tm_trow dvmd_tm_trow_0\" role=\"row\" aria-rowindex=\"1\"><div aria-colindex=\"1\" aria-rowindex=\"1\" role=\"columnheader\" class=\"dvmd_table_maker_item_0 dvmd_tm_tcell dvmd_tm_rhead dvmd_tm_col_0 dvmd_tm_row_0 dvmd_tm_col_first dvmd_tm_row_first dvmd_tm_col_odd dvmd_tm_row_odd \"><div class=\"dvmd_tm_cdata\">Saturday | S&aacute;bado<br><\/div><\/div>\n<div aria-colindex=\"2\" aria-rowindex=\"1\" role=\"columnheader\" class=\"dvmd_table_maker_item_0 dvmd_tm_tcell dvmd_tm_rhead dvmd_tm_col_0 dvmd_tm_row_1 dvmd_tm_col_first dvmd_tm_col_odd dvmd_tm_row_even \"><div class=\"dvmd_tm_cdata\">Monday | Lunes<br><\/div><\/div>\n<div aria-colindex=\"3\" aria-rowindex=\"1\" role=\"columnheader\" class=\"dvmd_table_maker_item_0 dvmd_tm_tcell dvmd_tm_rhead dvmd_tm_col_0 dvmd_tm_row_2 dvmd_tm_col_first dvmd_tm_col_odd dvmd_tm_row_odd \"><div class=\"dvmd_tm_cdata\">Tuesday | Martes<br><\/div><\/div>\n<div aria-colindex=\"4\" aria-rowindex=\"1\" role=\"columnheader\" class=\"dvmd_table_maker_item_0 dvmd_tm_tcell dvmd_tm_rhead dvmd_tm_col_0 dvmd_tm_row_3 dvmd_tm_col_first dvmd_tm_row_last dvmd_tm_col_odd dvmd_tm_row_even \"><div class=\"dvmd_tm_cdata\">Thursday | Jueves<br><\/div><\/div>\n<\/div><div class=\"dvmd_tm_trow dvmd_tm_trow_1\" role=\"row\" aria-rowindex=\"2\"><div aria-colindex=\"1\" aria-rowindex=\"2\" role=\"cell\" class=\"dvmd_table_maker_item_1 dvmd_tm_tcell dvmd_tm_tdata dvmd_tm_col_1 dvmd_tm_row_0 dvmd_tm_col_last dvmd_tm_row_first dvmd_tm_col_even dvmd_tm_row_odd \"><div class=\"dvmd_tm_cdata\">9:30am<br><\/div><\/div>\n<div aria-colindex=\"2\" aria-rowindex=\"2\" role=\"cell\" class=\"dvmd_table_maker_item_1 dvmd_tm_tcell dvmd_tm_tdata dvmd_tm_col_1 dvmd_tm_row_1 dvmd_tm_col_last dvmd_tm_col_even dvmd_tm_row_even \"><div class=\"dvmd_tm_cdata\">9:30am<br><\/div><\/div>\n<div aria-colindex=\"3\" aria-rowindex=\"2\" role=\"cell\" class=\"dvmd_table_maker_item_1 dvmd_tm_tcell dvmd_tm_tdata dvmd_tm_col_1 dvmd_tm_row_2 dvmd_tm_col_last dvmd_tm_col_even dvmd_tm_row_odd \"><div class=\"dvmd_tm_cdata\">6:00pm - 6:45pm<br><\/div><\/div>\n<div aria-colindex=\"4\" aria-rowindex=\"2\" role=\"cell\" class=\"dvmd_table_maker_item_1 dvmd_tm_tcell dvmd_tm_tdata dvmd_tm_col_1 dvmd_tm_row_3 dvmd_tm_col_last dvmd_tm_row_last dvmd_tm_col_even dvmd_tm_row_even \"><div class=\"dvmd_tm_cdata\">6:00pm - 6:45pm<br><\/div><\/div>\n<\/div>\n                    <\/div>\n                <\/div>\n\t\t\t\t<\/div>\n\t\t\t<\/div><div class=\"dvmd_outer\">\n\t\t\t\t\n\t\t\t\t\n\t\t\t\t\n\t\t\t\t\n\t\t\t\t\n\t\t\t\t\n\t\t\t\t<div class=\"dvmd_inner\">\n\t\t\t\t\t\n\t\t\t\t<\/div>\n\t\t\t<\/div><\/p>\n","protected":false},"author":1,"featured_media":0,"parent":0,"menu_order":0,"comment_status":"closed","ping_status":"closed","template":"","meta":{"_et_pb_use_builder":"on","_et_pb_old_content":"","_et_gb_content_width":"","footnotes":""},"class_list":["post-1389","page","type-page","status-publish","hentry"],"publishpress_future_action":{"enabled":false,"date":"2026-04-23 21:04:52","action":"change-status","newStatus":"draft","terms":[],"taxonomy":"translation_priority","extraData":[]},"publishpress_future_workflow_manual_trigger":{"enabledWorkflows":[]},"_links":{"self":[{"href":"https:\/\/popfb.org\/es\/wp-json\/wp\/v2\/pages\/1389","targetHints":{"allow":["GET"]}}],"collection":[{"href":"https:\/\/popfb.org\/es\/wp-json\/wp\/v2\/pages"}],"about":[{"href":"https:\/\/popfb.org\/es\/wp-json\/wp\/v2\/types\/page"}],"author":[{"embeddable":true,"href":"https:\/\/popfb.org\/es\/wp-json\/wp\/v2\/users\/1"}],"replies":[{"embeddable":true,"href":"https:\/\/popfb.org\/es\/wp-json\/wp\/v2\/comments?post=1389"}],"version-history":[{"count":8,"href":"https:\/\/popfb.org\/es\/wp-json\/wp\/v2\/pages\/1389\/revisions"}],"predecessor-version":[{"id":20110,"href":"https:\/\/popfb.org\/es\/wp-json\/wp\/v2\/pages\/1389\/revisions\/20110"}],"wp:attachment":[{"href":"https:\/\/popfb.org\/es\/wp-json\/wp\/v2\/media?parent=1389"}],"curies":[{"name":"wp","href":"https:\/\/api.w.org\/{rel}","templated":true}]}}