{"id":1385,"date":"2022-04-01T13:06:15","date_gmt":"2022-04-01T17:06:15","guid":{"rendered":"https:\/\/popfb.org\/donaciones-en-linea\/"},"modified":"2025-05-12T11:34:26","modified_gmt":"2025-05-12T15:34:26","slug":"give","status":"publish","type":"page","link":"https:\/\/popfb.org\/es\/give\/","title":{"rendered":"Donaciones en L\u00ednea"},"content":{"rendered":"<p>[et_pb_section fb_built=\u00bb1&#8243; admin_label=\u00bbHeader\u00bb _builder_version=\u00bb4.18.0&#8243; _module_preset=\u00bbdefault\u00bb background_color=\u00bb#a8a8a8&#8243; use_background_color_gradient=\u00bbon\u00bb background_color_gradient_stops=\u00bb#282828 0%|rgba(107, 107, 107, 1) 10%|rgba(144, 144, 144, 1) 24%|rgba(186, 186, 186, 1) 44%|#d6d6d6 100%\u00bb parallax=\u00bbon\u00bb custom_padding=\u00bb||1px|||\u00bb collapsed=\u00bboff\u00bb global_colors_info=\u00bb{}\u00bb][et_pb_row column_structure=\u00bb1_2,1_2&#8243; _builder_version=\u00bb4.16&#8243; _module_preset=\u00bbdefault\u00bb custom_padding=\u00bb3px|||||\u00bb global_colors_info=\u00bb{}\u00bb][et_pb_column type=\u00bb1_2&#8243; _builder_version=\u00bb4.16&#8243; _module_preset=\u00bbdefault\u00bb custom_padding=\u00bb80px||40px|\u00bb custom_padding_tablet=\u00bb0px||\u00bb custom_padding_phone=\u00bb0px||\u00bb custom_padding_last_edited=\u00bbon|tablet\u00bb pac_dcm_carousel_specific_module_num=\u00bb0&#8243; global_colors_info=\u00bb{}\u00bb padding_tablet=\u00bb0px||\u00bb padding_last_edited=\u00bbon|tablet\u00bb custom_padding__hover=\u00bb|||\u00bb padding_phone=\u00bb0px||\u00bb][et_pb_text _builder_version=\u00bb4.17.6&#8243; _module_preset=\u00bbdefault\u00bb text_font=\u00bb||||||||\u00bb text_text_color=\u00bb#000000&#8243; text_line_height=\u00bb2em\u00bb header_font=\u00bbPoppins|700|||||||\u00bb header_text_color=\u00bbgcid-87ed5ab8-6efc-426e-a45d-455b2e0d08c2&#8243; header_font_size=\u00bb50px\u00bb header_line_height=\u00bb1.3em\u00bb custom_margin=\u00bb||13px|||\u00bb custom_padding=\u00bb56px|||||\u00bb header_font_size_tablet=\u00bb50px\u00bb header_font_size_phone=\u00bb40px\u00bb header_font_size_last_edited=\u00bbon|phone\u00bb global_colors_info=\u00bb{%22gcid-87ed5ab8-6efc-426e-a45d-455b2e0d08c2%22:%91%22header_text_color%22%93}\u00bb]<\/p>\n<h1>DONACIONES EN L\u00cdNEA<\/h1>\n<p>[\/et_pb_text][et_pb_text _builder_version=\u00bb4.17.1&#8243; _module_preset=\u00bbdefault\u00bb text_font=\u00bbPoppins||||||||\u00bb text_font_size=\u00bb15px\u00bb text_line_height=\u00bb2em\u00bb header_font=\u00bbFaustina||||||||\u00bb header_text_color=\u00bb#0e7162&#8243; header_font_size=\u00bb60px\u00bb header_line_height=\u00bb1.3em\u00bb global_colors_info=\u00bb{}\u00bb]<\/p>\n<div class=\"block copy-columns brandprimary hasbgc\">\n<div class=\"grid-container\">\n<div class=\"grid-x grid-margin-x\">\n<div class=\"cell copy small-12 medium-auto text-left\">\n<p><span style=\"color: #000000;\">Ya sea su apoyo semanal en nuestro ofertorio o una donaci\u00f3n \u00fanica, las donaciones en l\u00ednea son una manera conveniente de apoyar la misi\u00f3n de Prince of Peace. Puede configurar donaciones en l\u00ednea a trav\u00e9s de su instituci\u00f3n financiera (pago de facturas en l\u00ednea) o creando una cuenta con nuestra plataforma segura para donaciones<\/span><\/p>\n<p><span style=\"color: #000000;\"><\/span><\/p>\n<\/div>\n<\/div>\n<\/div>\n<\/div>\n<div class=\"block copy-columns brandtertiary hasbgc\">\n<div class=\"grid-container\">\n<div class=\"grid-x grid-margin-x\">\n<div class=\"cell copy small-12 medium-auto text-left\"><\/div>\n<\/div>\n<\/div>\n<\/div>\n<p>[\/et_pb_text][et_pb_button button_url=\u00bbhttps:\/\/www.osvhub.com\/popfb\/sign_in?redirectUri=%2Fpopfb%2Ffunds&#038;redirectUriSuccess=%2Fpopfb%2Fuser%2Faccount\u00bb url_new_window=\u00bbon\u00bb button_text=\u00bbIniciar sesi\u00f3n o crear una cuenta\u00bb _builder_version=\u00bb4.22.1&#8243; _module_preset=\u00bbdefault\u00bb custom_button=\u00bbon\u00bb button_text_size=\u00bb18px\u00bb button_text_color=\u00bb#000000&#8243; button_bg_color=\u00bbgcid-2d85d98c-8894-4b4b-81e4-d5afeda04c08&#8243; button_border_color=\u00bbRGBA(255,255,255,0)\u00bb button_font=\u00bbPoppins||||||||\u00bb global_colors_info=\u00bb{%22gcid-2d85d98c-8894-4b4b-81e4-d5afeda04c08%22:%91%22button_bg_color%22%93}\u00bb][\/et_pb_button][\/et_pb_column][et_pb_column type=\u00bb1_2&#8243; _builder_version=\u00bb4.16&#8243; _module_preset=\u00bbdefault\u00bb custom_padding=\u00bb|||\u00bb pac_dcm_carousel_specific_module_num=\u00bb0&#8243; global_colors_info=\u00bb{}\u00bb custom_padding__hover=\u00bb|||\u00bb][et_pb_image src=\u00bbhttps:\/\/popfb.org\/wp-content\/uploads\/2022\/04\/Untitled-design-8.png\u00bb title_text=\u00bbDise\u00f1o sin t\u00edtulo (8)\u00bb show_bottom_space=\u00bboff\u00bb align_tablet=\u00bbcenter\u00bb align_phone=\u00bbcenter\u00bb align_last_edited=\u00bbon|desktop\u00bb _builder_version=\u00bb4.17.0&#8243; _module_preset=\u00bbdefault\u00bb animation_style=\u00bbslide\u00bb animation_direction=\u00bbright\u00bb animation_intensity_slide=\u00bb2%\u00bb global_colors_info=\u00bb{}\u00bb][\/et_pb_image][\/et_pb_column][\/et_pb_row][\/et_pb_section][et_pb_section fb_built=\u00bb1&#8243; _builder_version=\u00bb4.17.0&#8243; _module_preset=\u00bbdefault\u00bb background_color=\u00bb#f7f9f9&#8243; custom_padding=\u00bb72px||90px|||\u00bb global_colors_info=\u00bb{}\u00bb][et_pb_row column_structure=\u00bb1_2,1_2&#8243; _builder_version=\u00bb4.17.0&#8243; _module_preset=\u00bbdefault\u00bb background_color=\u00bbgcid-87ed5ab8-6efc-426e-a45d-455b2e0d08c2&#8243; min_height=\u00bb522.4px\u00bb custom_margin=\u00bb|auto|53px|auto||\u00bb custom_padding=\u00bb50px|55px|32px|29px||\u00bb global_colors_info=\u00bb{%22gcid-87ed5ab8-6efc-426e-a45d-455b2e0d08c2%22:%91%22background_color%22%93}\u00bb][et_pb_column type=\u00bb1_2&#8243; _builder_version=\u00bb4.17.0&#8243; _module_preset=\u00bbdefault\u00bb pac_dcm_carousel_specific_module_num=\u00bb0&#8243; global_colors_info=\u00bb{}\u00bb][et_pb_text _builder_version=\u00bb4.17.6&#8243; _module_preset=\u00bbdefault\u00bb text_font=\u00bbPoppins||||||||\u00bb text_font_size=\u00bb24px\u00bb text_line_height=\u00bb2em\u00bb link_font=\u00bb|700|||||||\u00bb link_text_color=\u00bb#26c699&#8243; header_font=\u00bb||||||||\u00bb header_2_font=\u00bbPoppins|600|||||||\u00bb header_2_text_color=\u00bb#0e7162&#8243; header_2_font_size=\u00bb42px\u00bb header_2_line_height=\u00bb1.4em\u00bb max_width=\u00bb800px\u00bb module_alignment=\u00bbcenter\u00bb custom_padding=\u00bb|||40px||\u00bb text_font_size_tablet=\u00bb\u00bb text_font_size_phone=\u00bb17px\u00bb text_font_size_last_edited=\u00bbon|phone\u00bb header_2_font_size_tablet=\u00bb32px\u00bb header_2_font_size_phone=\u00bb22px\u00bb header_2_font_size_last_edited=\u00bbon|desktop\u00bb locked=\u00bboff\u00bb global_colors_info=\u00bb{}\u00bb]<\/p>\n<h2><span style=\"color: #ffffff;\">Opciones<\/span><\/h2>\n<p>[\/et_pb_text][et_pb_blurb title=\u00bbHaga una donaci\u00f3n de una sola vez\u00bb _builder_version=\u00bb4.17.4&#8243; _module_preset=\u00bbdefault\u00bb header_font=\u00bb|700|||||||\u00bb header_text_color=\u00bbgcid-2d85d98c-8894-4b4b-81e4-d5afeda04c08&#8243; header_font_size=\u00bb16px\u00bb header_line_height=\u00bb2em\u00bb body_font=\u00bbPoppins||||||||\u00bb body_line_height=\u00bb2em\u00bb custom_margin=\u00bb||2px|||\u00bb custom_padding=\u00bb|40px|6px|40px||\u00bb locked=\u00bboff\u00bb global_colors_info=\u00bb{%22gcid-2d85d98c-8894-4b4b-81e4-d5afeda04c08%22:%91%22header_text_color%22%93}\u00bb][\/et_pb_blurb][et_pb_button button_url=\u00bbhttps:\/\/osvhub.com\/popfb\/giving\/funds\/offertory\u00bb url_new_window=\u00bbon\u00bb button_text=\u00bbDone Hoy\u00bb _builder_version=\u00bb4.22.1&#8243; _module_preset=\u00bbdefault\u00bb custom_button=\u00bbon\u00bb button_text_size=\u00bb14px\u00bb button_text_color=\u00bbgcid-87ed5ab8-6efc-426e-a45d-455b2e0d08c2&#8243; button_bg_color=\u00bb#FFFFFF\u00bb button_border_width=\u00bb1px\u00bb button_border_color=\u00bbgcid-87ed5ab8-6efc-426e-a45d-455b2e0d08c2&#8243; button_letter_spacing=\u00bb1px\u00bb button_font=\u00bbPoppins|600|||||||\u00bb custom_margin=\u00bb||46px|41px||\u00bb custom_padding=\u00bb12px||12px||true|true\u00bb locked=\u00bboff\u00bb global_colors_info=\u00bb{%22gcid-87ed5ab8-6efc-426e-a45d-455b2e0d08c2%22:%91%22button_text_color%22,%22button_border_color%22%93}\u00bb][\/et_pb_button][et_pb_blurb title=\u00bbElija un Fondo Espec\u00edfico o Causa\u00bb _builder_version=\u00bb4.17.4&#8243; _module_preset=\u00bbdefault\u00bb header_font=\u00bb|700|||||||\u00bb header_text_color=\u00bbgcid-2d85d98c-8894-4b4b-81e4-d5afeda04c08&#8243; header_font_size=\u00bb16px\u00bb header_line_height=\u00bb2em\u00bb body_font=\u00bbPoppins||||||||\u00bb body_line_height=\u00bb2em\u00bb width=\u00bb97.6%\u00bb min_height=\u00bb48px\u00bb custom_margin=\u00bb||3px|1px||\u00bb custom_padding=\u00bb|40px||40px||\u00bb locked=\u00bboff\u00bb global_colors_info=\u00bb{%22gcid-2d85d98c-8894-4b4b-81e4-d5afeda04c08%22:%91%22header_text_color%22%93}\u00bb][\/et_pb_blurb][et_pb_button button_url=\u00bbhttps:\/\/www.osvhub.com\/popfb\/funds\u00bb url_new_window=\u00bbon\u00bb button_text=\u00bbExplore todas las causas\u00bb _builder_version=\u00bb4.22.1&#8243; _module_preset=\u00bbdefault\u00bb custom_button=\u00bbon\u00bb button_text_size=\u00bb14px\u00bb button_text_color=\u00bbgcid-87ed5ab8-6efc-426e-a45d-455b2e0d08c2&#8243; button_bg_color=\u00bb#FFFFFF\u00bb button_border_width=\u00bb1px\u00bb button_border_color=\u00bbgcid-87ed5ab8-6efc-426e-a45d-455b2e0d08c2&#8243; button_letter_spacing=\u00bb1px\u00bb button_font=\u00bbPoppins|600|||||||\u00bb custom_margin=\u00bb||12px|41px||\u00bb custom_padding=\u00bb12px||12px||true|true\u00bb locked=\u00bboff\u00bb global_colors_info=\u00bb{%22gcid-87ed5ab8-6efc-426e-a45d-455b2e0d08c2%22:%91%22button_text_color%22,%22button_border_color%22%93}\u00bb][\/et_pb_button][et_pb_button button_url=\u00bbhttps:\/\/cfnga.fcsuite.com\/erp\/donate\/create\/fund?funit_id=1486&#8243; url_new_window=\u00bbon\u00bb button_text=\u00bbFondo Patrimonial\u00bb _builder_version=\u00bb4.27.4&#8243; _module_preset=\u00bbdefault\u00bb custom_button=\u00bbon\u00bb button_text_size=\u00bb14px\u00bb button_text_color=\u00bbgcid-87ed5ab8-6efc-426e-a45d-455b2e0d08c2&#8243; button_bg_color=\u00bb#FFFFFF\u00bb button_border_width=\u00bb1px\u00bb button_border_color=\u00bbgcid-87ed5ab8-6efc-426e-a45d-455b2e0d08c2&#8243; button_letter_spacing=\u00bb1px\u00bb button_font=\u00bbPoppins|600|||||||\u00bb custom_margin=\u00bb|||41px||\u00bb custom_padding=\u00bb12px||12px||true|true\u00bb hover_enabled=\u00bb0&#8243; locked=\u00bboff\u00bb global_colors_info=\u00bb{%22gcid-87ed5ab8-6efc-426e-a45d-455b2e0d08c2%22:%91%22button_text_color%22,%22button_border_color%22%93}\u00bb sticky_enabled=\u00bb0&#8243;][\/et_pb_button][\/et_pb_column][et_pb_column type=\u00bb1_2&#8243; _builder_version=\u00bb4.17.0&#8243; _module_preset=\u00bbdefault\u00bb pac_dcm_carousel_specific_module_num=\u00bb0&#8243; global_colors_info=\u00bb{}\u00bb][et_pb_toggle title=\u00bbAcciones y Valores\u00bb open_toggle_text_color=\u00bb#FFFFFF\u00bb open_toggle_background_color=\u00bbrgba(0,0,0,0)\u00bb closed_toggle_background_color=\u00bbrgba(0,0,0,0)\u00bb icon_color=\u00bb#FFFFFF\u00bb open_icon_color=\u00bb#FFFFFF\u00bb _builder_version=\u00bb4.19.0&#8243; _module_preset=\u00bbdefault\u00bb title_text_color=\u00bb#FFFFFF\u00bb title_level=\u00bbh3&#8243; title_font=\u00bbPoppins|700||on|||||\u00bb title_font_size=\u00bb12px\u00bb title_letter_spacing=\u00bb1px\u00bb title_line_height=\u00bb2em\u00bb body_font=\u00bb||||||||\u00bb body_line_height=\u00bb2em\u00bb custom_margin=\u00bb75px|-2px||40px||false\u00bb custom_padding=\u00bb|40px||||\u00bb title_font_size_tablet=\u00bb12px\u00bb title_font_size_phone=\u00bb9px\u00bb title_font_size_last_edited=\u00bbon|phone\u00bb locked=\u00bboff\u00bb global_colors_info=\u00bb{}\u00bb]<\/p>\n<p><span style=\"color: #ffffff;\">Las donaciones de acciones o valores son formas de donaci\u00f3n que pueden beneficiarlo en los impuestos en el aplazamiento de la declaraci\u00f3n de una ganancia capital. Tambi\u00e9n le aconsejamos discutir con sus asesores de inversi\u00f3n sobre la mejor manera para usar esta opci\u00f3n de apoyo. Si tiene preguntas, comun\u00edquese con el di\u00e1cono David Schreckenberger al <\/span><a href=\"mailto:%20deacondavid@popfb.org\"><span style=\"color: #ffffff;\">deacondavid@popfb.org.<\/span><\/a><\/p>\n<p>[\/et_pb_toggle][et_pb_toggle title=\u00bbMonumentos Conmemorativos y Regalos\u00bb open_toggle_text_color=\u00bb#FFFFFF\u00bb open_toggle_background_color=\u00bbrgba(0,0,0,0)\u00bb closed_toggle_background_color=\u00bbrgba(0,0,0,0)\u00bb icon_color=\u00bb#FFFFFF\u00bb open_icon_color=\u00bb#FFFFFF\u00bb _builder_version=\u00bb4.19.0&#8243; _module_preset=\u00bbdefault\u00bb title_text_color=\u00bb#FFFFFF\u00bb title_level=\u00bbh3&#8243; title_font=\u00bbPoppins|700||on|||||\u00bb title_font_size=\u00bb12px\u00bb title_letter_spacing=\u00bb1px\u00bb title_line_height=\u00bb2em\u00bb body_font=\u00bb||||||||\u00bb body_line_height=\u00bb2em\u00bb custom_margin=\u00bb45px|-2px||40px||false\u00bb custom_padding=\u00bb|40px||||\u00bb title_font_size_tablet=\u00bb12px\u00bb title_font_size_phone=\u00bb9px\u00bb title_font_size_last_edited=\u00bbon|phone\u00bb locked=\u00bboff\u00bb global_colors_info=\u00bb{}\u00bb]<\/p>\n<div class=\"block copy-columns brandquaternary\">\n<div class=\"grid-container\">\n<div class=\"grid-x grid-margin-x\">\n<div class=\"cell copy small-12 medium-auto text-left\">\n<p><span style=\"color: #ffffff;\">\u00a1Los ladrillos conmemorativos que son excelentes regalos para honrar a un ser querido, recordar un evento espiritual o simplemente apoyar a la iglesia que significa tanto para usted, un amigo o un ser querido! Los ladrillos conmemorativos est\u00e1n disponibles por intermedio de la parroquia. Si tiene preguntas, comun\u00edquese con el di\u00e1cono David Schreckenberger en <a href=\"mailto:%20deacondavid@popfb.org\" style=\"color: #ffffff;\">deacondavid@popfb.org.<\/a><\/span><\/p>\n<\/div>\n<\/div>\n<\/div>\n<\/div>\n<div class=\"block copy-columns \">\n<div class=\"grid-container\">\n<div class=\"grid-x grid-margin-x\">\n<div class=\"cell copy small-12 medium-auto text-left\"><\/div>\n<\/div>\n<\/div>\n<\/div>\n<p>[\/et_pb_toggle][et_pb_toggle title=\u00bbOPCIONES ADICIONALES\u00bb open_toggle_text_color=\u00bb#FFFFFF\u00bb open_toggle_background_color=\u00bbrgba(0,0,0,0)\u00bb closed_toggle_background_color=\u00bbrgba(0,0,0,0)\u00bb icon_color=\u00bb#FFFFFF\u00bb open_icon_color=\u00bb#FFFFFF\u00bb _builder_version=\u00bb4.19.0&#8243; _module_preset=\u00bbdefault\u00bb title_text_color=\u00bb#FFFFFF\u00bb title_level=\u00bbh3&#8243; title_font=\u00bbPoppins|700||on|||||\u00bb title_font_size=\u00bb12px\u00bb title_letter_spacing=\u00bb1px\u00bb title_line_height=\u00bb2em\u00bb body_font=\u00bb||||||||\u00bb body_line_height=\u00bb2em\u00bb custom_margin=\u00bb45px|-2px||40px||false\u00bb custom_padding=\u00bb|40px||||\u00bb title_font_size_tablet=\u00bb12px\u00bb title_font_size_phone=\u00bb9px\u00bb title_font_size_last_edited=\u00bbon|phone\u00bb locked=\u00bboff\u00bb global_colors_info=\u00bb{}\u00bb]<\/p>\n<div class=\"block copy-columns brandquaternary\">\n<div class=\"grid-container\">\n<div class=\"grid-x grid-margin-x\">\n<div class=\"cell copy small-12 medium-auto text-left\">\n<p><span style=\"color: #ffffff;\">Si tiene preguntas sobre opciones adicionales para apoyar nuestra misi\u00f3n o ideas sobre c\u00f3mo puede apoyar de manera \u00fanica el movimiento del Esp\u00edritu Santo en Prince of Peace, comun\u00edquese con el di\u00e1cono David Schreckenberger en <a href=\"mailto:%20deacondavid@popfb.org\" style=\"color: #ffffff;\">deacondavid@popfb.org<\/a> .<\/span><\/p>\n<\/div>\n<\/div>\n<\/div>\n<\/div>\n<div class=\"block copy-columns \">\n<div class=\"grid-container\">\n<div class=\"grid-x grid-margin-x\">\n<div class=\"cell copy small-12 medium-auto text-left\"><\/div>\n<\/div>\n<\/div>\n<\/div>\n<p>[\/et_pb_toggle][\/et_pb_column][\/et_pb_row][\/et_pb_section]<\/p>\n","protected":false},"excerpt":{"rendered":"<p>DONACIONES EN L\u00cdNEA Ya sea su apoyo semanal en nuestro ofertorio o una donaci\u00f3n \u00fanica, las donaciones en l\u00ednea son una manera conveniente de apoyar la misi\u00f3n de Prince of Peace. Puede configurar donaciones en l\u00ednea a trav\u00e9s de su instituci\u00f3n financiera (pago de facturas en l\u00ednea) o creando una cuenta con nuestra plataforma segura para donaciones OpcionesLas donaciones de acciones o valores son formas de donaci\u00f3n que pueden beneficiarlo en los impuestos en el aplazamiento de la declaraci\u00f3n de una ganancia capital. Tambi\u00e9n le aconsejamos discutir con sus asesores de inversi\u00f3n sobre la mejor manera para usar esta opci\u00f3n de apoyo. Si tiene preguntas, comun\u00edquese con el di\u00e1cono David Schreckenberger al deacondavid@popfb.org. \u00a1Los ladrillos conmemorativos que son excelentes regalos para honrar a un ser querido, recordar un evento espiritual o simplemente apoyar a la iglesia que significa tanto para usted, un amigo o un ser querido! Los ladrillos conmemorativos est\u00e1n disponibles por intermedio de la parroquia. Si tiene preguntas, comun\u00edquese con el di\u00e1cono David Schreckenberger en deacondavid@popfb.org. Si tiene preguntas sobre opciones adicionales para apoyar nuestra misi\u00f3n o ideas sobre c\u00f3mo puede apoyar de manera \u00fanica el movimiento del Esp\u00edritu Santo en Prince of Peace, comun\u00edquese con el di\u00e1cono [&hellip;]<\/p>\n","protected":false},"author":1,"featured_media":0,"parent":0,"menu_order":0,"comment_status":"closed","ping_status":"closed","template":"","meta":{"_et_pb_use_builder":"on","_et_pb_old_content":"","_et_gb_content_width":"","footnotes":""},"class_list":["post-1385","page","type-page","status-publish","hentry"],"publishpress_future_action":{"enabled":false,"date":"2026-04-23 19:45:04","action":"change-status","newStatus":"draft","terms":[],"taxonomy":"translation_priority","extraData":[]},"publishpress_future_workflow_manual_trigger":{"enabledWorkflows":[]},"_links":{"self":[{"href":"https:\/\/popfb.org\/es\/wp-json\/wp\/v2\/pages\/1385","targetHints":{"allow":["GET"]}}],"collection":[{"href":"https:\/\/popfb.org\/es\/wp-json\/wp\/v2\/pages"}],"about":[{"href":"https:\/\/popfb.org\/es\/wp-json\/wp\/v2\/types\/page"}],"author":[{"embeddable":true,"href":"https:\/\/popfb.org\/es\/wp-json\/wp\/v2\/users\/1"}],"replies":[{"embeddable":true,"href":"https:\/\/popfb.org\/es\/wp-json\/wp\/v2\/comments?post=1385"}],"version-history":[{"count":1,"href":"https:\/\/popfb.org\/es\/wp-json\/wp\/v2\/pages\/1385\/revisions"}],"predecessor-version":[{"id":15449,"href":"https:\/\/popfb.org\/es\/wp-json\/wp\/v2\/pages\/1385\/revisions\/15449"}],"wp:attachment":[{"href":"https:\/\/popfb.org\/es\/wp-json\/wp\/v2\/media?parent=1385"}],"curies":[{"name":"wp","href":"https:\/\/api.w.org\/{rel}","templated":true}]}}