{"id":1372,"date":"2022-04-01T13:02:52","date_gmt":"2022-04-01T17:02:52","guid":{"rendered":"https:\/\/popfb.org\/uncion-de-los-enfermos\/"},"modified":"2024-04-11T14:08:43","modified_gmt":"2024-04-11T18:08:43","slug":"anointing","status":"publish","type":"page","link":"https:\/\/popfb.org\/es\/anointing\/","title":{"rendered":"Sacramento: Unci\u00f3n de los Enfermos"},"content":{"rendered":"<p>[et_pb_section fb_built=\u00bb1&#8243; custom_padding_last_edited=\u00bbon|phone\u00bb _builder_version=\u00bb4.24.0&#8243; _module_preset=\u00bbdefault\u00bb background_color=\u00bbgcid-87ed5ab8-6efc-426e-a45d-455b2e0d08c2&#8243; custom_padding=\u00bb90px||62px||false|false\u00bb custom_padding_tablet=\u00bb50px||||false|false\u00bb custom_padding_phone=\u00bb40px||30px||false|false\u00bb global_colors_info=\u00bb{%22gcid-87ed5ab8-6efc-426e-a45d-455b2e0d08c2%22:%91%22background_color%22%93}\u00bb][et_pb_row column_structure=\u00bb1_2,1_2&#8243; _builder_version=\u00bb4.24.0&#8243; _module_preset=\u00bbdefault\u00bb custom_margin=\u00bb|auto|10px|auto||\u00bb global_colors_info=\u00bb{}\u00bb][et_pb_column type=\u00bb1_2&#8243; _builder_version=\u00bb4.24.0&#8243; _module_preset=\u00bbdefault\u00bb pac_dcm_carousel_specific_module_num=\u00bb0&#8243; global_colors_info=\u00bb{}\u00bb][et_pb_text _builder_version=\u00bb4.24.0&#8243; text_font=\u00bb||||||||\u00bb header_font=\u00bbPoppins|700|||||||\u00bb header_text_color=\u00bb#FFFFFF\u00bb header_font_size=\u00bb45px\u00bb header_line_height=\u00bb1.2em\u00bb header_2_font=\u00bb||||||||\u00bb header_3_font=\u00bb||||||||\u00bb header_4_font=\u00bb||||||||\u00bb header_5_font=\u00bb||||||||\u00bb header_6_font=\u00bb||||||||\u00bb background_size=\u00bbinitial\u00bb background_position=\u00bbtop_left\u00bb background_repeat=\u00bbrepeat\u00bb custom_margin=\u00bb||20px|\u00bb custom_padding=\u00bb23px|||||\u00bb header_font_size_tablet=\u00bb35px\u00bb header_font_size_phone=\u00bb25px\u00bb header_font_size_last_edited=\u00bbon|phone\u00bb locked=\u00bboff\u00bb global_colors_info=\u00bb{}\u00bb]<\/p>\n<h1>Unci\u00f3n de los Enfermos<\/h1>\n<p>[\/et_pb_text][et_pb_divider color=\u00bb#f7d584&#8243; divider_weight=\u00bb3px\u00bb disabled_on=\u00bbon|on|off\u00bb _builder_version=\u00bb4.16&#8243; max_width=\u00bb80px\u00bb module_alignment=\u00bbleft\u00bb height=\u00bb10px\u00bb custom_margin=\u00bb||20px|\u00bb animation_style=\u00bbslide\u00bb animation_direction=\u00bbbottom\u00bb saved_tabs=\u00bball\u00bb locked=\u00bboff\u00bb global_colors_info=\u00bb{}\u00bb][\/et_pb_divider][et_pb_text _builder_version=\u00bb4.24.0&#8243; text_font=\u00bbPoppins||||||||\u00bb text_text_color=\u00bb#FFFFFF\u00bb text_font_size=\u00bb18px\u00bb text_line_height=\u00bb1.8em\u00bb header_font=\u00bb||||||||\u00bb header_text_color=\u00bb#FFFFFF\u00bb header_font_size=\u00bb18px\u00bb text_font_size_tablet=\u00bb17px\u00bb text_font_size_phone=\u00bb15px\u00bb text_font_size_last_edited=\u00bbon|desktop\u00bb header_font_size_tablet=\u00bb18px\u00bb header_font_size_phone=\u00bb18px\u00bb header_font_size_last_edited=\u00bbon|tablet\u00bb locked=\u00bboff\u00bb global_colors_info=\u00bb{}\u00bb custom_margin=\u00bb||16px|||\u00bb]<\/p>\n<div class=\"block copy-columns \">\n<div class=\"grid-container\">\n<div class=\"grid-x grid-margin-x\">\n<div class=\"cell copy small-12 medium-auto text-left\">\n<p>Jes\u00fas mostr\u00f3 compasi\u00f3n por los enfermos y los que sufr\u00edan. El sacramento de la Unci\u00f3n de los Enfermos extiende la gracia de Dios de fortaleza espiritual, paz y valent\u00eda para superar las dificultades que conlleva enfrentar un problema de salud grave o una edad avanzada.<\/p>\n<p><strong>Ofrecemos la Unci\u00f3n de los Enfermos cada segundo s\u00e1bado del mes en la misa de las 9:00 am.<\/strong><\/p>\n<p>Si usted o un ser querido est\u00e1 confinado en su hogar o en el hospital, comun\u00edquese al 678-960-0040. Si llama fuera del horario de atenci\u00f3n, en caso de una emergencia, siga las indicaciones.<\/p>\n<\/div>\n<\/div>\n<\/div>\n<\/div>\n<div class=\"block copy-columns brandquaternary\">\n<div class=\"grid-container\">\n<div class=\"grid-x grid-margin-x\">\n<div class=\"cell copy small-12 medium-auto text-left\"><\/div>\n<\/div>\n<\/div>\n<\/div>\n<p>[\/et_pb_text][\/et_pb_column][et_pb_column type=\u00bb1_2&#8243; _builder_version=\u00bb4.24.0&#8243; _module_preset=\u00bbdefault\u00bb pac_dcm_carousel_specific_module_num=\u00bb0&#8243; global_colors_info=\u00bb{}\u00bb][et_pb_image src=\u00bbhttps:\/\/popfb.org\/wp-content\/uploads\/2024\/02\/Anointing-of-the-Sick.png\u00bb alt=\u00bbAnointing of the Sick\u00bb title_text=\u00bbAnointing of the Sick\u00bb force_fullwidth=\u00bbon\u00bb _builder_version=\u00bb4.24.0&#8243; custom_margin=\u00bb|||\u00bb custom_padding=\u00bb|||\u00bb animation_style=\u00bbslide\u00bb animation_direction=\u00bbtop\u00bb animation_intensity_slide=\u00bb6%\u00bb animation_starting_opacity=\u00bb100%\u00bb box_shadow_style=\u00bbpreset1&#8243; box_shadow_vertical=\u00bb10px\u00bb box_shadow_blur=\u00bb100px\u00bb box_shadow_color=\u00bbrgba(0,0,0,0.2)\u00bb always_center_on_mobile=\u00bboff\u00bb global_colors_info=\u00bb{}\u00bb][\/et_pb_image][\/et_pb_column][\/et_pb_row][\/et_pb_section][et_pb_section fb_built=\u00bb1&#8243; admin_label=\u00bbCollections\u00bb _builder_version=\u00bb4.16.0&#8243; background_color=\u00bbRGBA(255,255,255,0)\u00bb custom_margin=\u00bb||-91px|||\u00bb custom_padding=\u00bb0px|0px|0px|0px|true|\u00bb global_colors_info=\u00bb{}\u00bb][\/et_pb_section]<\/p>\n","protected":false},"excerpt":{"rendered":"<p>Unci\u00f3n de los Enfermos Jes\u00fas mostr\u00f3 compasi\u00f3n por los enfermos y los que sufr\u00edan. El sacramento de la Unci\u00f3n de los Enfermos extiende la gracia de Dios de fortaleza espiritual, paz y valent\u00eda para superar las dificultades que conlleva enfrentar un problema de salud grave o una edad avanzada. Ofrecemos la Unci\u00f3n de los Enfermos cada segundo s\u00e1bado del mes en la misa de las 9:00 am. Si usted o un ser querido est\u00e1 confinado en su hogar o en el hospital, comun\u00edquese al 678-960-0040. Si llama fuera del horario de atenci\u00f3n, en caso de una emergencia, siga las indicaciones.<\/p>\n","protected":false},"author":1,"featured_media":0,"parent":0,"menu_order":0,"comment_status":"closed","ping_status":"closed","template":"","meta":{"_et_pb_use_builder":"on","_et_pb_old_content":"","_et_gb_content_width":"","footnotes":""},"class_list":["post-1372","page","type-page","status-publish","hentry"],"publishpress_future_action":{"enabled":false,"date":"2026-04-23 19:45:52","action":"change-status","newStatus":"draft","terms":[],"taxonomy":"translation_priority","extraData":[]},"publishpress_future_workflow_manual_trigger":{"enabledWorkflows":[]},"_links":{"self":[{"href":"https:\/\/popfb.org\/es\/wp-json\/wp\/v2\/pages\/1372","targetHints":{"allow":["GET"]}}],"collection":[{"href":"https:\/\/popfb.org\/es\/wp-json\/wp\/v2\/pages"}],"about":[{"href":"https:\/\/popfb.org\/es\/wp-json\/wp\/v2\/types\/page"}],"author":[{"embeddable":true,"href":"https:\/\/popfb.org\/es\/wp-json\/wp\/v2\/users\/1"}],"replies":[{"embeddable":true,"href":"https:\/\/popfb.org\/es\/wp-json\/wp\/v2\/comments?post=1372"}],"version-history":[{"count":0,"href":"https:\/\/popfb.org\/es\/wp-json\/wp\/v2\/pages\/1372\/revisions"}],"wp:attachment":[{"href":"https:\/\/popfb.org\/es\/wp-json\/wp\/v2\/media?parent=1372"}],"curies":[{"name":"wp","href":"https:\/\/api.w.org\/{rel}","templated":true}]}}